{"id":2121,"date":"2024-11-14T20:38:00","date_gmt":"2024-11-14T19:38:00","guid":{"rendered":"https:\/\/freie-akademie-bs.de\/preparation-aux-examens-pour-les-etudiants\/"},"modified":"2024-12-18T18:36:29","modified_gmt":"2024-12-18T17:36:29","slug":"preparation-aux-examens-pour-les-etudiants","status":"publish","type":"page","link":"https:\/\/freie-akademie-bs.de\/fr\/preparation-aux-examens-pour-les-etudiants\/","title":{"rendered":"Pr\u00e9paration aux examens pour les \u00e9tudiants"},"content":{"rendered":"<div id='full_slider_1'  class='avia-fullwidth-slider main_color avia-shadow   avia-builder-el-0  el_before_av_section  avia-builder-el-first   container_wrap sidebar_right'  >\n<style type=\"text\/css\" data-created_by=\"avia_inline_auto\" id=\"style-css-av-at5ddc-b26e7dc9c3560612cf8c742fdca9a0c4\">\n#top #wrap_all .avia-slideshow .av-slideshow-caption.av-at5ddc-b26e7dc9c3560612cf8c742fdca9a0c4__0 .avia-caption-title{\nfont-size:60px;\n}\n\n@media only screen and (max-width: 479px){ \n#top #wrap_all .avia-slideshow .av-slideshow-caption.av-at5ddc-b26e7dc9c3560612cf8c742fdca9a0c4__0 .avia-caption-title{\nfont-size:35px;\n}\n}\n<\/style>\n<div  class='avia-slideshow av-at5ddc-b26e7dc9c3560612cf8c742fdca9a0c4 avia-slideshow-featured av_slideshow_full avia-fade-slider av-slideshow-ui av-control-hidden av-no-slider-navigation av-hide-nav-arrows av-slideshow-autoplay av-loop-endless av-loop-manual-endless av-default-height-applied   avia-slideshow-1' data-slideshow-options=\"{&quot;animation&quot;:&quot;fade&quot;,&quot;autoplay&quot;:true,&quot;loop_autoplay&quot;:&quot;endless&quot;,&quot;interval&quot;:3,&quot;loop_manual&quot;:&quot;manual-endless&quot;,&quot;autoplay_stopper&quot;:false,&quot;noNavigation&quot;:true,&quot;bg_slider&quot;:false,&quot;keep_padding&quot;:false,&quot;hoverpause&quot;:false,&quot;show_slide_delay&quot;:0}\"  itemprop=\"image\" itemscope=\"itemscope\" itemtype=\"https:\/\/schema.org\/ImageObject\" ><ul class='avia-slideshow-inner ' style='padding-bottom: 28.6666666667%;'><li  class='avia-slideshow-slide av-at5ddc-b26e7dc9c3560612cf8c742fdca9a0c4__0  av-single-slide slide-1 slide-odd'><div data-rel='slideshow-1' class='avia-slide-wrap '   ><img decoding=\"async\" fetchpriority=\"high\" class=\"wp-image-864 avia-img-lazy-loading-not-864\"  src=\"https:\/\/freie-akademie-bs.de\/wp-content\/uploads\/2024\/11\/Freie-Akademie-Braunschweig-Hilfe-bei-Pruefungen-Header-1500x430.jpg\" width=\"1500\" height=\"430\" title='Freie-Akademie-Braunschweig-Hilfe-bei-Pruefungen-Header' alt=''  itemprop=\"thumbnailUrl\"  style='min-height:300px; min-width:1047px; ' \/><\/div><\/li><\/ul><div class='av-slideshow-caption av-at5ddc-b26e7dc9c3560612cf8c742fdca9a0c4__0 caption_fullwidth caption_center'><div class=\"container caption_container\"><div class=\"slideshow_caption\"><div class=\"slideshow_inner_caption\"><div class=\"slideshow_align_caption\"><h2 class='avia-caption-title '  itemprop=\"name\" >Adaptation aux examens \u00e0 l&#039;universit\u00e9<\/h2><\/div><\/div><\/div><\/div><\/div><\/div><\/div>\n<div id='av_section_1'  class='avia-section av-afq6b4-b7cdff69e55826b0d4bfde67e784e58e main_color avia-section-default avia-no-border-styling  avia-builder-el-1  el_after_av_slideshow_full  el_before_av_one_full  avia-bg-style-scroll container_wrap sidebar_right'  ><div class='container av-section-cont-open' ><div class='template-page content  av-content-small alpha units'><div class='post-entry post-entry-type-page post-entry-2121'><div class='entry-content-wrapper clearfix'>\n<div  class='flex_column av-11bls0-febdff14714403f9b8c66612e83530fd av_one_full  avia-builder-el-2  avia-builder-el-no-sibling  first flex_column_div  '     ><p>\n<style type=\"text\/css\" data-created_by=\"avia_inline_auto\" id=\"style-css-av-m3ht6z97-32d9785b345680413565469741769e00\">\n#top .av-special-heading.av-m3ht6z97-32d9785b345680413565469741769e00{\npadding-bottom:10px;\nfont-size:40px;\n}\nbody .av-special-heading.av-m3ht6z97-32d9785b345680413565469741769e00 .av-special-heading-tag .heading-char{\nfont-size:25px;\n}\n#top #wrap_all .av-special-heading.av-m3ht6z97-32d9785b345680413565469741769e00 .av-special-heading-tag{\nfont-size:40px;\n}\n.av-special-heading.av-m3ht6z97-32d9785b345680413565469741769e00 .av-subheading{\nfont-size:15px;\n}\n\n@media only screen and (min-width: 480px) and (max-width: 767px){ \n#top #wrap_all .av-special-heading.av-m3ht6z97-32d9785b345680413565469741769e00 .av-special-heading-tag{\nfont-size:0.8em;\n}\n}\n\n@media only screen and (max-width: 479px){ \n#top #wrap_all .av-special-heading.av-m3ht6z97-32d9785b345680413565469741769e00 .av-special-heading-tag{\nfont-size:0.8em;\n}\n}\n<\/style>\n<div  class='av-special-heading av-m3ht6z97-32d9785b345680413565469741769e00 av-special-heading-h1 blockquote modern-quote  avia-builder-el-3  el_before_av_hr  avia-builder-el-first  av-inherit-size'><h1 class='av-special-heading-tag '  itemprop=\"headline\"  >Pr\u00e9paration aux examens pour les \u00e9tudiants \u00e0 Brunswick<\/h1><div class=\"special-heading-border\"><div class=\"special-heading-inner-border\"><\/div><\/div><\/div><br \/>\n\n<style type=\"text\/css\" data-created_by=\"avia_inline_auto\" id=\"style-css-av-j7si0-e8964dbd03eb69132dc4f2f89e9173e2\">\n#top .hr.hr-invisible.av-j7si0-e8964dbd03eb69132dc4f2f89e9173e2{\nheight:50px;\n}\n<\/style>\n<div  class='hr av-j7si0-e8964dbd03eb69132dc4f2f89e9173e2 hr-invisible  avia-builder-el-4  el_after_av_heading  el_before_av_textblock '><span class='hr-inner '><span class=\"hr-inner-style\"><\/span><\/span><\/div><br \/>\n<section  class='av_textblock_section av-8wewg-28e071e9683a3aaf1e18df0a4f176296 '   itemscope=\"itemscope\" itemtype=\"https:\/\/schema.org\/CreativeWork\" ><div class='avia_textblock'  itemprop=\"text\" ><h3>Une pr\u00e9paration optimale pour chaque examen universitaire<\/h3>\n<p> Qu&rsquo;il s&rsquo;agisse d&rsquo;un baccalaur\u00e9at, d&rsquo;examens ou d&rsquo;autres examens importants, nous vous aiderons \u00e0 tout suivre et \u00e0 atteindre vos objectifs. Avec notre programme de mentorat, nous proposons un accompagnement individuel ou en petit groupe (2 \u00e0 4 personnes) sp\u00e9cifiquement adapt\u00e9 aux besoins des \u00e9tudiants.<\/p>\n<\/div><\/section><br \/>\n\n<style type=\"text\/css\" data-created_by=\"avia_inline_auto\" id=\"style-css-av-8sgxc-65c58301794551bacf5a8e480f1b3125\">\n#top .hr.hr-invisible.av-8sgxc-65c58301794551bacf5a8e480f1b3125{\nheight:50px;\n}\n<\/style>\n<div  class='hr av-8sgxc-65c58301794551bacf5a8e480f1b3125 hr-invisible  avia-builder-el-6  el_after_av_textblock  el_before_av_textblock '><span class='hr-inner '><span class=\"hr-inner-style\"><\/span><\/span><\/div><br \/>\n<section  class='av_textblock_section av-m3ht75uu-a22e2f344bcde113f2d07272241be1a8 '   itemscope=\"itemscope\" itemtype=\"https:\/\/schema.org\/CreativeWork\" ><div class='avia_textblock'  itemprop=\"text\" ><h3>Une pr\u00e9paration cibl\u00e9e pour plus de r\u00e9ussite<\/h3>\n<p> Des professeurs exp\u00e9riment\u00e9s vous aident \u00e0 d\u00e9velopper efficacement un contenu pertinent pour l&rsquo;examen, \u00e0 combler les lacunes dans les connaissances et \u00e0 comprendre m\u00eame des sujets complexes. Non seulement le mat\u00e9riel actuel est couvert, mais les connaissances de base sont \u00e9galement actualis\u00e9es &#8211; pour une strat\u00e9gie d&rsquo;apprentissage durable.<\/p>\n<\/div><\/section><br \/>\n\n<style type=\"text\/css\" data-created_by=\"avia_inline_auto\" id=\"style-css-av-d09fk-e6fef203e71a9dd6e3946cd5f8e5b428\">\n#top .hr.hr-invisible.av-d09fk-e6fef203e71a9dd6e3946cd5f8e5b428{\nheight:50px;\n}\n<\/style>\n<div  class='hr av-d09fk-e6fef203e71a9dd6e3946cd5f8e5b428 hr-invisible  avia-builder-el-8  el_after_av_textblock  el_before_av_textblock '><span class='hr-inner '><span class=\"hr-inner-style\"><\/span><\/span><\/div><br \/>\n<section  class='av_textblock_section av-6sotk-dc8d22b18bbba331e88a9d0b9e005153 '   itemscope=\"itemscope\" itemtype=\"https:\/\/schema.org\/CreativeWork\" ><div class='avia_textblock'  itemprop=\"text\" ><h3>Flexibilit\u00e9 dans plusieurs domaines sp\u00e9cialis\u00e9s<\/h3>\n<p> Avez-vous besoin de soutien dans diverses mati\u00e8res ? Notre planification flexible des horaires vous permet de vous concentrer pr\u00e9cis\u00e9ment sur vos sujets d&rsquo;examen. Vous pourrez ainsi vous pr\u00e9parer aux examens les plus importants de mani\u00e8re cibl\u00e9e et sans stress.<\/p>\n<\/div><\/section><\/p><\/div>\n<\/div><\/div><\/div><!-- close content main div --><\/div><\/div><div id='after_section_1'  class='main_color av_default_container_wrap container_wrap sidebar_right'  ><div class='container av-section-cont-open' ><div class='template-page content  av-content-small alpha units'><div class='post-entry post-entry-type-page post-entry-2121'><div class='entry-content-wrapper clearfix'>\n\n<style type=\"text\/css\" data-created_by=\"avia_inline_auto\" id=\"style-css-av-z4n6o-eb6d64140646532c4b59b3c9da603909\">\n#top .flex_column.av-z4n6o-eb6d64140646532c4b59b3c9da603909{\nmargin-top:100px;\n}\n.flex_column.av-z4n6o-eb6d64140646532c4b59b3c9da603909{\nborder-radius:50px 50px 50px 50px;\npadding:80px 80px 80px 80px;\nbackground-color:#0067b1;\n}\n.responsive #top #wrap_all .flex_column.av-z4n6o-eb6d64140646532c4b59b3c9da603909{\nmargin-top:100px;\n}\n\n@media only screen and (min-width: 480px) and (max-width: 767px){ \n.flex_column.av-z4n6o-eb6d64140646532c4b59b3c9da603909{\npadding:0px 0px 0px 0px;\n}\n}\n\n@media only screen and (max-width: 479px){ \n.flex_column.av-z4n6o-eb6d64140646532c4b59b3c9da603909{\npadding:70px 20px 70px 20px;\n}\n}\n<\/style>\n<div  class='flex_column av-z4n6o-eb6d64140646532c4b59b3c9da603909 av_one_full  avia-builder-el-10  el_after_av_section  avia-builder-el-no-sibling  first flex_column_div av-animated-generic bottom-to-top av-parallax-object avia-full-stretch  ' data-parallax=\"{&quot;parallax&quot;:&quot;bottom_top&quot;,&quot;parallax_speed&quot;:&quot;10&quot;,&quot;av-desktop-parallax&quot;:&quot;inherit&quot;,&quot;av-desktop-parallax_speed&quot;:&quot;inherit&quot;,&quot;av-medium-parallax&quot;:&quot;inherit&quot;,&quot;av-medium-parallax_speed&quot;:&quot;inherit&quot;,&quot;av-small-parallax&quot;:&quot;inherit&quot;,&quot;av-small-parallax_speed&quot;:&quot;inherit&quot;,&quot;av-mini-parallax&quot;:&quot;inherit&quot;,&quot;av-mini-parallax_speed&quot;:&quot;inherit&quot;,&quot;parallax-container&quot;:&quot;.av-z4n6o-eb6d64140646532c4b59b3c9da603909&quot;}\"    ><p>\n<style type=\"text\/css\" data-created_by=\"avia_inline_auto\" id=\"style-css-av-qgal4-3c6a5fddbdd6ddf6a4b0d258502f5b13\">\n#top .av-special-heading.av-qgal4-3c6a5fddbdd6ddf6a4b0d258502f5b13{\npadding-bottom:10px;\ncolor:#ffffff;\nfont-size:40px;\n}\nbody .av-special-heading.av-qgal4-3c6a5fddbdd6ddf6a4b0d258502f5b13 .av-special-heading-tag .heading-char{\nfont-size:25px;\n}\n#top #wrap_all .av-special-heading.av-qgal4-3c6a5fddbdd6ddf6a4b0d258502f5b13 .av-special-heading-tag{\nfont-size:40px;\n}\n.av-special-heading.av-qgal4-3c6a5fddbdd6ddf6a4b0d258502f5b13 .special-heading-inner-border{\nborder-color:#ffffff;\n}\n.av-special-heading.av-qgal4-3c6a5fddbdd6ddf6a4b0d258502f5b13 .av-subheading{\nfont-size:20px;\n}\n\n@media only screen and (min-width: 480px) and (max-width: 767px){ \n#top #wrap_all .av-special-heading.av-qgal4-3c6a5fddbdd6ddf6a4b0d258502f5b13 .av-special-heading-tag{\nfont-size:0.8em;\n}\n}\n\n@media only screen and (max-width: 479px){ \n#top #wrap_all .av-special-heading.av-qgal4-3c6a5fddbdd6ddf6a4b0d258502f5b13 .av-special-heading-tag{\nfont-size:0.8em;\n}\n}\n<\/style>\n<div  class='av-special-heading av-qgal4-3c6a5fddbdd6ddf6a4b0d258502f5b13 av-special-heading-h3 custom-color-heading blockquote modern-quote  avia-builder-el-11  el_before_av_iconlist  avia-builder-el-first  av-inherit-size'><h3 class='av-special-heading-tag '  itemprop=\"headline\"  >Vous avez des questions ?  <br \/>Nous sommes l\u00e0 pour vous aider.<\/h3><div class='av_custom_color av-subheading av-subheading_below'><p>Votre contact Damiri Knapheide<\/p>\n<\/div><div class=\"special-heading-border\"><div class=\"special-heading-inner-border\"><\/div><\/div><\/div><br \/>\n\n<style type=\"text\/css\" data-created_by=\"avia_inline_auto\" id=\"style-css-av-ju274-c9e9d62e974db5da9b16cca70e7fbcea\">\n#top .avia-icon-list-container.av-ju274-c9e9d62e974db5da9b16cca70e7fbcea .iconlist_icon{\ncolor:#ffffff;\n}\n#top #wrap_all .avia-icon-list-container.av-ju274-c9e9d62e974db5da9b16cca70e7fbcea .av_iconlist_title{\ncolor:#ffffff;\n}\n\n@media only screen and (max-width: 479px){ \n#top #wrap_all .avia-icon-list-container.av-ju274-c9e9d62e974db5da9b16cca70e7fbcea .av_iconlist_title{\nfont-size:20px;\n}\n}\n<\/style>\n<div  class='avia-icon-list-container av-ju274-c9e9d62e974db5da9b16cca70e7fbcea  avia-builder-el-12  el_after_av_heading  avia-builder-el-last '><ul class='avia-icon-list avia_animate_when_almost_visible avia-icon-list-left av-iconlist-small av-ju274-c9e9d62e974db5da9b16cca70e7fbcea avia-iconlist-animate'>\n<li><div class='iconlist_icon av-h4tfc-0160d7028c4d591e85439070ce299fd5 avia-font-entypo-fontello'><span class='iconlist-char' aria-hidden='true' data-av_icon='\ue854' data-av_iconfont='entypo-fontello'><\/span><\/div><article class=\"article-icon-entry av-iconlist-empty\"  itemscope=\"itemscope\" itemtype=\"https:\/\/schema.org\/CreativeWork\" ><div class=\"iconlist_content_wrap\"><header class=\"entry-content-header\" aria-label=\"Icon: &lt;a href=&#039;tel:+495316150330&#039; title=&#039;0531 \/ 6150330&#039;&gt;0531 \/ 6150330&lt;\/a&gt;\"><div class='av_iconlist_title iconlist_title_small  av_inherit_color'  itemprop=\"headline\" ><a href='tel:+495316150330' title='0531 \/ 6150330'>0531 \/ 6150330<\/a><\/div><\/header><div class='iconlist_content '  itemprop=\"text\" ><\/div><\/div><footer class=\"entry-footer\"><\/footer><\/article><div class=\"iconlist-timeline\"><\/div><\/li>\n<li><div class='iconlist_icon av-azkx4-b38f357d238a271e9ff309409e37647e avia-font-entypo-fontello'><span class='iconlist-char' aria-hidden='true' data-av_icon='\ue805' data-av_iconfont='entypo-fontello'><\/span><\/div><article class=\"article-icon-entry av-iconlist-empty\"  itemscope=\"itemscope\" itemtype=\"https:\/\/schema.org\/CreativeWork\" ><div class=\"iconlist_content_wrap\"><header class=\"entry-content-header\" aria-label=\"Icon: &lt;a href=&#039;mailto:info@freie-akademie-bs.de&#039; title=&#039;info@freie-akademie-bs.de&#039;&gt;info@freie-akademie-bs.de&lt;\/a&gt;\"><div class='av_iconlist_title iconlist_title_small  av_inherit_color'  itemprop=\"headline\" ><a href='mailto:info@freie-akademie-bs.de' title='info@freie-akademie-bs.de'>info@freie-akademie-bs.de<\/a><\/div><\/header><div class='iconlist_content '  itemprop=\"text\" ><\/div><\/div><footer class=\"entry-footer\"><\/footer><\/article><div class=\"iconlist-timeline\"><\/div><\/li>\n<\/ul><\/div><\/p><\/div>\n","protected":false},"excerpt":{"rendered":"","protected":false},"author":1,"featured_media":0,"parent":0,"menu_order":0,"comment_status":"closed","ping_status":"closed","template":"","meta":{"footnotes":""},"class_list":["post-2121","page","type-page","status-publish","hentry"],"yoast_head":"<!-- This site is optimized with the Yoast SEO plugin v25.5 - https:\/\/yoast.com\/wordpress\/plugins\/seo\/ -->\n<title>Pr\u00e9paration aux examens pour les \u00e9tudiants - Freie Akademie Braunschweig<\/title>\n<meta name=\"robots\" content=\"index, follow, max-snippet:-1, max-image-preview:large, max-video-preview:-1\" \/>\n<link rel=\"canonical\" href=\"https:\/\/freie-akademie-bs.de\/fr\/preparation-aux-examens-pour-les-etudiants\/\" \/>\n<meta property=\"og:locale\" content=\"fr_FR\" \/>\n<meta property=\"og:type\" content=\"article\" \/>\n<meta property=\"og:title\" content=\"Pr\u00e9paration aux examens pour les \u00e9tudiants - Freie Akademie Braunschweig\" \/>\n<meta property=\"og:url\" content=\"https:\/\/freie-akademie-bs.de\/fr\/preparation-aux-examens-pour-les-etudiants\/\" \/>\n<meta property=\"og:site_name\" content=\"Freie Akademie Braunschweig\" \/>\n<meta property=\"article:modified_time\" content=\"2024-12-18T17:36:29+00:00\" \/>\n<meta name=\"twitter:card\" content=\"summary_large_image\" \/>\n<meta name=\"twitter:label1\" content=\"Dur\u00e9e de lecture estim\u00e9e\" \/>\n\t<meta name=\"twitter:data1\" content=\"14 minutes\" \/>\n<script type=\"application\/ld+json\" class=\"yoast-schema-graph\">{\"@context\":\"https:\/\/schema.org\",\"@graph\":[{\"@type\":\"WebPage\",\"@id\":\"https:\/\/freie-akademie-bs.de\/fr\/preparation-aux-examens-pour-les-etudiants\/\",\"url\":\"https:\/\/freie-akademie-bs.de\/fr\/preparation-aux-examens-pour-les-etudiants\/\",\"name\":\"Pr\u00e9paration aux examens pour les \u00e9tudiants - Freie Akademie Braunschweig\",\"isPartOf\":{\"@id\":\"https:\/\/freie-akademie-bs.de\/#website\"},\"datePublished\":\"2024-11-14T19:38:00+00:00\",\"dateModified\":\"2024-12-18T17:36:29+00:00\",\"breadcrumb\":{\"@id\":\"https:\/\/freie-akademie-bs.de\/fr\/preparation-aux-examens-pour-les-etudiants\/#breadcrumb\"},\"inLanguage\":\"fr-FR\",\"potentialAction\":[{\"@type\":\"ReadAction\",\"target\":[\"https:\/\/freie-akademie-bs.de\/fr\/preparation-aux-examens-pour-les-etudiants\/\"]}]},{\"@type\":\"BreadcrumbList\",\"@id\":\"https:\/\/freie-akademie-bs.de\/fr\/preparation-aux-examens-pour-les-etudiants\/#breadcrumb\",\"itemListElement\":[{\"@type\":\"ListItem\",\"position\":1,\"name\":\"Startseite\",\"item\":\"https:\/\/freie-akademie-bs.de\/fr\/page-daccueil\/\"},{\"@type\":\"ListItem\",\"position\":2,\"name\":\"Pr\u00e9paration aux examens pour les \u00e9tudiants\"}]},{\"@type\":\"WebSite\",\"@id\":\"https:\/\/freie-akademie-bs.de\/#website\",\"url\":\"https:\/\/freie-akademie-bs.de\/\",\"name\":\"Freie Akademie Braunschweig\",\"description\":\"Ihre regionale Sprachschule\",\"potentialAction\":[{\"@type\":\"SearchAction\",\"target\":{\"@type\":\"EntryPoint\",\"urlTemplate\":\"https:\/\/freie-akademie-bs.de\/?s={search_term_string}\"},\"query-input\":{\"@type\":\"PropertyValueSpecification\",\"valueRequired\":true,\"valueName\":\"search_term_string\"}}],\"inLanguage\":\"fr-FR\"}]}<\/script>\n<!-- \/ Yoast SEO plugin. -->","yoast_head_json":{"title":"Pr\u00e9paration aux examens pour les \u00e9tudiants - Freie Akademie Braunschweig","robots":{"index":"index","follow":"follow","max-snippet":"max-snippet:-1","max-image-preview":"max-image-preview:large","max-video-preview":"max-video-preview:-1"},"canonical":"https:\/\/freie-akademie-bs.de\/fr\/preparation-aux-examens-pour-les-etudiants\/","og_locale":"fr_FR","og_type":"article","og_title":"Pr\u00e9paration aux examens pour les \u00e9tudiants - Freie Akademie Braunschweig","og_url":"https:\/\/freie-akademie-bs.de\/fr\/preparation-aux-examens-pour-les-etudiants\/","og_site_name":"Freie Akademie Braunschweig","article_modified_time":"2024-12-18T17:36:29+00:00","twitter_card":"summary_large_image","twitter_misc":{"Dur\u00e9e de lecture estim\u00e9e":"14 minutes"},"schema":{"@context":"https:\/\/schema.org","@graph":[{"@type":"WebPage","@id":"https:\/\/freie-akademie-bs.de\/fr\/preparation-aux-examens-pour-les-etudiants\/","url":"https:\/\/freie-akademie-bs.de\/fr\/preparation-aux-examens-pour-les-etudiants\/","name":"Pr\u00e9paration aux examens pour les \u00e9tudiants - Freie Akademie Braunschweig","isPartOf":{"@id":"https:\/\/freie-akademie-bs.de\/#website"},"datePublished":"2024-11-14T19:38:00+00:00","dateModified":"2024-12-18T17:36:29+00:00","breadcrumb":{"@id":"https:\/\/freie-akademie-bs.de\/fr\/preparation-aux-examens-pour-les-etudiants\/#breadcrumb"},"inLanguage":"fr-FR","potentialAction":[{"@type":"ReadAction","target":["https:\/\/freie-akademie-bs.de\/fr\/preparation-aux-examens-pour-les-etudiants\/"]}]},{"@type":"BreadcrumbList","@id":"https:\/\/freie-akademie-bs.de\/fr\/preparation-aux-examens-pour-les-etudiants\/#breadcrumb","itemListElement":[{"@type":"ListItem","position":1,"name":"Startseite","item":"https:\/\/freie-akademie-bs.de\/fr\/page-daccueil\/"},{"@type":"ListItem","position":2,"name":"Pr\u00e9paration aux examens pour les \u00e9tudiants"}]},{"@type":"WebSite","@id":"https:\/\/freie-akademie-bs.de\/#website","url":"https:\/\/freie-akademie-bs.de\/","name":"Freie Akademie Braunschweig","description":"Ihre regionale Sprachschule","potentialAction":[{"@type":"SearchAction","target":{"@type":"EntryPoint","urlTemplate":"https:\/\/freie-akademie-bs.de\/?s={search_term_string}"},"query-input":{"@type":"PropertyValueSpecification","valueRequired":true,"valueName":"search_term_string"}}],"inLanguage":"fr-FR"}]}},"_links":{"self":[{"href":"https:\/\/freie-akademie-bs.de\/fr\/wp-json\/wp\/v2\/pages\/2121","targetHints":{"allow":["GET"]}}],"collection":[{"href":"https:\/\/freie-akademie-bs.de\/fr\/wp-json\/wp\/v2\/pages"}],"about":[{"href":"https:\/\/freie-akademie-bs.de\/fr\/wp-json\/wp\/v2\/types\/page"}],"author":[{"embeddable":true,"href":"https:\/\/freie-akademie-bs.de\/fr\/wp-json\/wp\/v2\/users\/1"}],"replies":[{"embeddable":true,"href":"https:\/\/freie-akademie-bs.de\/fr\/wp-json\/wp\/v2\/comments?post=2121"}],"version-history":[{"count":2,"href":"https:\/\/freie-akademie-bs.de\/fr\/wp-json\/wp\/v2\/pages\/2121\/revisions"}],"predecessor-version":[{"id":2123,"href":"https:\/\/freie-akademie-bs.de\/fr\/wp-json\/wp\/v2\/pages\/2121\/revisions\/2123"}],"wp:attachment":[{"href":"https:\/\/freie-akademie-bs.de\/fr\/wp-json\/wp\/v2\/media?parent=2121"}],"curies":[{"name":"wp","href":"https:\/\/api.w.org\/{rel}","templated":true}]}}