{"id":2115,"date":"2024-11-14T20:38:17","date_gmt":"2024-11-14T19:38:17","guid":{"rendered":"https:\/\/freie-akademie-bs.de\/coaching-de-placement\/"},"modified":"2026-02-04T13:01:54","modified_gmt":"2026-02-04T12:01:54","slug":"coaching-de-placement","status":"publish","type":"page","link":"https:\/\/freie-akademie-bs.de\/fr\/coaching-de-placement\/","title":{"rendered":"Coaching de placement"},"content":{"rendered":"<div id='full_slider_1'  class='avia-fullwidth-slider main_color avia-shadow   avia-builder-el-0  el_before_av_section  avia-builder-el-first   container_wrap sidebar_right'  >\n<style type=\"text\/css\" data-created_by=\"avia_inline_auto\" id=\"style-css-av-1rwztw-1dbd1a33500de4c2486d64e078cdb505\">\n#top #wrap_all .avia-slideshow .av-slideshow-caption.av-1rwztw-1dbd1a33500de4c2486d64e078cdb505__0 .avia-caption-title{\nfont-size:60px;\ncolor:#ffffff;\n}\n\n@media only screen and (max-width: 479px){ \n#top #wrap_all .avia-slideshow .av-slideshow-caption.av-1rwztw-1dbd1a33500de4c2486d64e078cdb505__0 .avia-caption-title{\nfont-size:35px;\n}\n}\n<\/style>\n<div  class='avia-slideshow av-1rwztw-1dbd1a33500de4c2486d64e078cdb505 avia-slideshow-featured av_slideshow_full avia-fade-slider av-slideshow-ui av-control-hidden av-no-slider-navigation av-hide-nav-arrows av-slideshow-autoplay av-loop-endless av-loop-manual-endless av-default-height-applied   avia-slideshow-1' data-slideshow-options=\"{&quot;animation&quot;:&quot;fade&quot;,&quot;autoplay&quot;:true,&quot;loop_autoplay&quot;:&quot;endless&quot;,&quot;interval&quot;:3,&quot;loop_manual&quot;:&quot;manual-endless&quot;,&quot;autoplay_stopper&quot;:false,&quot;noNavigation&quot;:true,&quot;bg_slider&quot;:false,&quot;keep_padding&quot;:false,&quot;hoverpause&quot;:false,&quot;show_slide_delay&quot;:0}\"  itemprop=\"image\" itemscope=\"itemscope\" itemtype=\"https:\/\/schema.org\/ImageObject\" ><ul class='avia-slideshow-inner ' style='padding-bottom: 28.6666666667%;'><li  class='avia-slideshow-slide av-1rwztw-1dbd1a33500de4c2486d64e078cdb505__0  av-single-slide slide-1 slide-odd'><div data-rel='slideshow-1' class='avia-slide-wrap '   ><img decoding=\"async\" fetchpriority=\"high\" class=\"wp-image-952 avia-img-lazy-loading-not-952\"  src=\"https:\/\/freie-akademie-bs.de\/wp-content\/uploads\/2024\/11\/Freie-Akademie-Jobvermittlung-Coaching-Header-1500x430.jpg\" width=\"1500\" height=\"430\" title='Freie-Akademie-Jobvermittlung-Coaching-Header' alt=''  itemprop=\"thumbnailUrl\"  style='min-height:300px; min-width:1047px; ' \/><\/div><\/li><\/ul><div class='av-slideshow-caption av-1rwztw-1dbd1a33500de4c2486d64e078cdb505__0 caption_fullwidth caption_center'><div class=\"container caption_container\"><div class=\"slideshow_caption\"><div class=\"slideshow_inner_caption\"><div class=\"slideshow_align_caption\"><h2 class='avia-caption-title '  itemprop=\"name\" >Repensez votre carri\u00e8re \u2013 coaching pour votre avenir professionnel !<\/h2><\/div><\/div><\/div><\/div><\/div><\/div><\/div>\n<div id='av_section_1'  class='avia-section av-18p7ic-764257f0b3ca5beeccf4eee5b9b6bb0c main_color avia-section-default avia-no-border-styling  avia-builder-el-1  el_after_av_slideshow_full  el_before_av_one_full  avia-bg-style-scroll container_wrap sidebar_right'  ><div class='container av-section-cont-open' ><div class='template-page content  av-content-small alpha units'><div class='post-entry post-entry-type-page post-entry-2115'><div class='entry-content-wrapper clearfix'>\n\n<style type=\"text\/css\" data-created_by=\"avia_inline_auto\" id=\"style-css-av-m3j7g5ej-0a2fef3a8d6c0fcfca69ff27c61111f1\">\n#top .av-special-heading.av-m3j7g5ej-0a2fef3a8d6c0fcfca69ff27c61111f1{\npadding-bottom:10px;\nfont-size:40px;\n}\nbody .av-special-heading.av-m3j7g5ej-0a2fef3a8d6c0fcfca69ff27c61111f1 .av-special-heading-tag .heading-char{\nfont-size:25px;\n}\n#top #wrap_all .av-special-heading.av-m3j7g5ej-0a2fef3a8d6c0fcfca69ff27c61111f1 .av-special-heading-tag{\nfont-size:40px;\n}\n.av-special-heading.av-m3j7g5ej-0a2fef3a8d6c0fcfca69ff27c61111f1 .av-subheading{\nfont-size:15px;\n}\n\n@media only screen and (min-width: 480px) and (max-width: 767px){ \n#top #wrap_all .av-special-heading.av-m3j7g5ej-0a2fef3a8d6c0fcfca69ff27c61111f1 .av-special-heading-tag{\nfont-size:0.8em;\n}\n}\n\n@media only screen and (max-width: 479px){ \n#top #wrap_all .av-special-heading.av-m3j7g5ej-0a2fef3a8d6c0fcfca69ff27c61111f1 .av-special-heading-tag{\nfont-size:0.8em;\n}\n}\n<\/style>\n<div  class='av-special-heading av-m3j7g5ej-0a2fef3a8d6c0fcfca69ff27c61111f1 av-special-heading-h2 blockquote modern-quote  avia-builder-el-2  el_before_av_hr  avia-builder-el-first  av-inherit-size'><h2 class='av-special-heading-tag '  itemprop=\"headline\"  >Coaching de placement \u00e0 Brunswick<\/h2><div class=\"special-heading-border\"><div class=\"special-heading-inner-border\"><\/div><\/div><\/div>\n\n<style type=\"text\/css\" data-created_by=\"avia_inline_auto\" id=\"style-css-av-b74j0-5724de7169ee51ee4564f7096971b434\">\n#top .hr.hr-invisible.av-b74j0-5724de7169ee51ee4564f7096971b434{\nheight:20px;\n}\n<\/style>\n<div  class='hr av-b74j0-5724de7169ee51ee4564f7096971b434 hr-invisible  avia-builder-el-3  el_after_av_heading  el_before_av_three_fifth '><span class='hr-inner '><span class=\"hr-inner-style\"><\/span><\/span><\/div>\n<div class='flex_column_table av-j96no-84a3f4723368242fdb87898df8b236b3 sc-av_three_fifth av-equal-height-column-flextable'><div  class='flex_column av-j96no-84a3f4723368242fdb87898df8b236b3 av_three_fifth  avia-builder-el-4  el_after_av_hr  el_before_av_two_fifth  first flex_column_table_cell av-equal-height-column av-align-middle  '     ><section  class='av_textblock_section av-m3j7idrm-4380f5a5dfb0a6217706b89fb19ed9b4 '   itemscope=\"itemscope\" itemtype=\"https:\/\/schema.org\/CreativeWork\" ><div class='avia_textblock'  itemprop=\"text\" ><h3>Le concept du s\u00e9minaire<\/h3>\n<p> Le s\u00e9minaire est bas\u00e9 sur la m\u00e9thode \u00e9prouv\u00e9e \u00ab Life\/Work Planning (LWP) \u00bb du chercheur am\u00e9ricain R.N. Boll\u00e9s. Depuis 1970, cette d\u00e9marche accompagne avec succ\u00e8s les personnes dans leur orientation professionnelle et leur recherche d&#8217;emploi. Dans les ann\u00e9es 1990, le concept a \u00e9t\u00e9 d\u00e9velopp\u00e9 par John C. Webb, \u00e9tudiant et entra\u00eeneur adjoint de R.N. Bolles, amen\u00e9 en Allemagne.<\/p>\n<\/div><\/section><\/div><div class='av-flex-placeholder'><\/div><div  class='flex_column av-csf10-41bb3a44d4cd072d6388fdb8faaf033c av_two_fifth  avia-builder-el-6  el_after_av_three_fifth  el_before_av_hr  flex_column_table_cell av-equal-height-column av-align-middle  '     ><style type=\"text\/css\" data-created_by=\"avia_inline_auto\" id=\"style-css-av-m3j7xs5d-01b0a15f5c403843a4a5315da1a5fccf\">\n.avia-image-container.av-m3j7xs5d-01b0a15f5c403843a4a5315da1a5fccf img.avia_image{\nbox-shadow:none;\n}\n.avia-image-container.av-m3j7xs5d-01b0a15f5c403843a4a5315da1a5fccf .av-image-caption-overlay-center{\ncolor:#ffffff;\n}\n<\/style>\n<div  class='avia-image-container av-m3j7xs5d-01b0a15f5c403843a4a5315da1a5fccf av-styling- avia-align-center  avia-builder-el-7  avia-builder-el-no-sibling '   itemprop=\"image\" itemscope=\"itemscope\" itemtype=\"https:\/\/schema.org\/ImageObject\" ><div class=\"avia-image-container-inner\"><div class=\"avia-image-overlay-wrap\"><img decoding=\"async\" fetchpriority=\"high\" class='wp-image-960 avia-img-lazy-loading-not-960 avia_image ' src=\"https:\/\/freie-akademie-bs.de\/wp-content\/uploads\/2024\/11\/LWP-Institut-Logo.png\" alt='' title='LWP-Institut-Logo'  height=\"80\" width=\"300\"  itemprop=\"thumbnailUrl\"  \/><\/div><\/div><\/div><\/div><\/div><!--close column table wrapper. Autoclose: 1 -->\n<style type=\"text\/css\" data-created_by=\"avia_inline_auto\" id=\"style-css-av-8e9cs-be2ab087a1ddfae6f24e9c4ba555dbc4\">\n#top .hr.hr-invisible.av-8e9cs-be2ab087a1ddfae6f24e9c4ba555dbc4{\nheight:20px;\n}\n<\/style>\n<div  class='hr av-8e9cs-be2ab087a1ddfae6f24e9c4ba555dbc4 hr-invisible  avia-builder-el-8  el_after_av_two_fifth  el_before_av_one_full '><span class='hr-inner '><span class=\"hr-inner-style\"><\/span><\/span><\/div>\n<div  class='flex_column av-haetg-ffddd006ab82322e1cd8dd5d3c698eae av_one_full  avia-builder-el-9  el_after_av_hr  el_before_av_hr  first flex_column_div  '     ><section  class='av_textblock_section av-m3j7ih7n-e780e3a8d1ab0dbf969b31cf5cbf4e42 '   itemscope=\"itemscope\" itemtype=\"https:\/\/schema.org\/CreativeWork\" ><div class='avia_textblock'  itemprop=\"text\" ><h3>Qu&rsquo;est-ce que la planification vie\/travail (LWP) ?<\/h3>\n<p> LWP est un processus de planification individuelle qui accompagne sp\u00e9cifiquement les personnes dans leur recherche d&#8217;emploi. Contrairement aux approches conventionnelles, ce processus ne se concentre pas sur le march\u00e9 du travail ou l&#8217;employeur, mais plut\u00f4t sur l&rsquo;individu. Le march\u00e9 du travail cach\u00e9 est utilis\u00e9, c&rsquo;est-\u00e0-dire les postes qui ne sont pas annonc\u00e9s publiquement. Quiconque recherche syst\u00e9matiquement et de mani\u00e8re cibl\u00e9e peut d\u00e9couvrir et saisir des opportunit\u00e9s et ainsi trouver la carri\u00e8re qui lui convient &#8211; \u00e0 long terme et avec succ\u00e8s.<\/p>\n<\/div><\/section><\/div>\n<style type=\"text\/css\" data-created_by=\"avia_inline_auto\" id=\"style-css-av-m3j7hznf-6b6ca175564fd7dd0718ac8b67642975\">\n#top .hr.hr-invisible.av-m3j7hznf-6b6ca175564fd7dd0718ac8b67642975{\nheight:20px;\n}\n<\/style>\n<div  class='hr av-m3j7hznf-6b6ca175564fd7dd0718ac8b67642975 hr-invisible  avia-builder-el-11  el_after_av_one_full  el_before_av_button '><span class='hr-inner '><span class=\"hr-inner-style\"><\/span><\/span><\/div>\n<div  class='avia-button-wrap av-m3j7m7ek-b4bf7c8fe5c1da512f1738e8ce629048-wrap avia-button-left  avia-builder-el-12  el_after_av_hr  avia-builder-el-last '><a href='https:\/\/www.lwp-institut.de\/angebote\/' class='avia-button av-m3j7m7ek-b4bf7c8fe5c1da512f1738e8ce629048 av-link-btn avia-icon_select-yes-right-icon avia-size-x-large avia-position-left av-icon-on-hover avia-color-theme-color' target=\"_blank\" rel=\"noopener noreferrer\" aria-label=\"Plus d&#039;informations\"><span class='avia_iconbox_title' >Plus d&#039;informations<\/span><span class='avia_button_icon avia_button_icon_right' aria-hidden='true' data-av_icon='\ue832' data-av_iconfont='entypo-fontello'><\/span><\/a><\/div>\n<\/div><\/div><\/div><!-- close content main div --><\/div><\/div><div id='after_section_1'  class='main_color av_default_container_wrap container_wrap sidebar_right'  ><div class='container av-section-cont-open' ><div class='template-page content  av-content-small alpha units'><div class='post-entry post-entry-type-page post-entry-2115'><div class='entry-content-wrapper clearfix'>\n\n<style type=\"text\/css\" data-created_by=\"avia_inline_auto\" id=\"style-css-av-yuai4-778309b70765d946f44b02a6c11a73f0\">\n#top .flex_column.av-yuai4-778309b70765d946f44b02a6c11a73f0{\nmargin-top:100px;\n}\n.flex_column.av-yuai4-778309b70765d946f44b02a6c11a73f0{\nborder-radius:50px 50px 50px 50px;\npadding:80px 80px 80px 80px;\nbackground-color:#0067b1;\n}\n.responsive #top #wrap_all .flex_column.av-yuai4-778309b70765d946f44b02a6c11a73f0{\nmargin-top:100px;\n}\n\n@media only screen and (min-width: 480px) and (max-width: 767px){ \n.flex_column.av-yuai4-778309b70765d946f44b02a6c11a73f0{\npadding:0px 0px 0px 0px;\n}\n}\n\n@media only screen and (max-width: 479px){ \n.flex_column.av-yuai4-778309b70765d946f44b02a6c11a73f0{\npadding:70px 20px 70px 20px;\n}\n}\n<\/style>\n<div  class='flex_column av-yuai4-778309b70765d946f44b02a6c11a73f0 av_one_full  avia-builder-el-13  el_after_av_section  avia-builder-el-no-sibling  first flex_column_div av-animated-generic bottom-to-top av-parallax-object avia-full-stretch  ' data-parallax=\"{&quot;parallax&quot;:&quot;bottom_top&quot;,&quot;parallax_speed&quot;:&quot;10&quot;,&quot;av-desktop-parallax&quot;:&quot;inherit&quot;,&quot;av-desktop-parallax_speed&quot;:&quot;inherit&quot;,&quot;av-medium-parallax&quot;:&quot;inherit&quot;,&quot;av-medium-parallax_speed&quot;:&quot;inherit&quot;,&quot;av-small-parallax&quot;:&quot;inherit&quot;,&quot;av-small-parallax_speed&quot;:&quot;inherit&quot;,&quot;av-mini-parallax&quot;:&quot;inherit&quot;,&quot;av-mini-parallax_speed&quot;:&quot;inherit&quot;,&quot;parallax-container&quot;:&quot;.av-yuai4-778309b70765d946f44b02a6c11a73f0&quot;}\"    ><p>\n<style type=\"text\/css\" data-created_by=\"avia_inline_auto\" id=\"style-css-av-qr490-199f9c0eabf8b142d3e4dda8f5824520\">\n#top .av-special-heading.av-qr490-199f9c0eabf8b142d3e4dda8f5824520{\npadding-bottom:10px;\ncolor:#ffffff;\nfont-size:40px;\n}\nbody .av-special-heading.av-qr490-199f9c0eabf8b142d3e4dda8f5824520 .av-special-heading-tag .heading-char{\nfont-size:25px;\n}\n#top #wrap_all .av-special-heading.av-qr490-199f9c0eabf8b142d3e4dda8f5824520 .av-special-heading-tag{\nfont-size:40px;\n}\n.av-special-heading.av-qr490-199f9c0eabf8b142d3e4dda8f5824520 .special-heading-inner-border{\nborder-color:#ffffff;\n}\n.av-special-heading.av-qr490-199f9c0eabf8b142d3e4dda8f5824520 .av-subheading{\nfont-size:20px;\n}\n\n@media only screen and (min-width: 480px) and (max-width: 767px){ \n#top #wrap_all .av-special-heading.av-qr490-199f9c0eabf8b142d3e4dda8f5824520 .av-special-heading-tag{\nfont-size:0.8em;\n}\n}\n\n@media only screen and (max-width: 479px){ \n#top #wrap_all .av-special-heading.av-qr490-199f9c0eabf8b142d3e4dda8f5824520 .av-special-heading-tag{\nfont-size:0.8em;\n}\n}\n<\/style>\n<div  class='av-special-heading av-qr490-199f9c0eabf8b142d3e4dda8f5824520 av-special-heading-h3 custom-color-heading blockquote modern-quote  avia-builder-el-14  el_before_av_iconlist  avia-builder-el-first  av-inherit-size'><h3 class='av-special-heading-tag '  itemprop=\"headline\"  >Vous avez des questions ?  <br \/>Nous sommes l\u00e0 pour vous aider.<\/h3><div class='av_custom_color av-subheading av-subheading_below'><p>Votre contact Damiri Knapheide<\/p>\n<\/div><div class=\"special-heading-border\"><div class=\"special-heading-inner-border\"><\/div><\/div><\/div><br \/>\n\n<style type=\"text\/css\" data-created_by=\"avia_inline_auto\" id=\"style-css-av-n2dp8-1b40e320d74a0f82a05a07fa7617f521\">\n#top .avia-icon-list-container.av-n2dp8-1b40e320d74a0f82a05a07fa7617f521 .iconlist_icon{\ncolor:#ffffff;\n}\n#top #wrap_all .avia-icon-list-container.av-n2dp8-1b40e320d74a0f82a05a07fa7617f521 .av_iconlist_title{\ncolor:#ffffff;\n}\n\n@media only screen and (max-width: 479px){ \n#top #wrap_all .avia-icon-list-container.av-n2dp8-1b40e320d74a0f82a05a07fa7617f521 .av_iconlist_title{\nfont-size:20px;\n}\n}\n<\/style>\n<div  class='avia-icon-list-container av-n2dp8-1b40e320d74a0f82a05a07fa7617f521  avia-builder-el-15  el_after_av_heading  avia-builder-el-last '><ul class='avia-icon-list avia_animate_when_almost_visible avia-icon-list-left av-iconlist-small av-n2dp8-1b40e320d74a0f82a05a07fa7617f521 avia-iconlist-animate'>\n<li><div class='iconlist_icon av-d6srw-842cd4f10e61f6597be7d974161a5e61 avia-font-entypo-fontello'><span class='iconlist-char' aria-hidden='true' data-av_icon='\ue854' data-av_iconfont='entypo-fontello'><\/span><\/div><article class=\"article-icon-entry av-iconlist-empty\"  itemscope=\"itemscope\" itemtype=\"https:\/\/schema.org\/CreativeWork\" ><div class=\"iconlist_content_wrap\"><header class=\"entry-content-header\" aria-label=\"Icon: &lt;a href=&#039;tel:+495316150330&#039; title=&#039;0531 \/ 6150330&#039;&gt;0531 \/ 6150330&lt;\/a&gt;\"><div class='av_iconlist_title iconlist_title_small  av_inherit_color'  itemprop=\"headline\" ><a href='tel:+495316150330' title='0531 \/ 6150330'>0531 \/ 6150330<\/a><\/div><\/header><div class='iconlist_content '  itemprop=\"text\" ><\/div><\/div><footer class=\"entry-footer\"><\/footer><\/article><div class=\"iconlist-timeline\"><\/div><\/li>\n<li><div class='iconlist_icon av-aro78-f98004e51564e753bbbc4fbcaae6af94 avia-font-entypo-fontello'><span class='iconlist-char' aria-hidden='true' data-av_icon='\ue805' data-av_iconfont='entypo-fontello'><\/span><\/div><article class=\"article-icon-entry av-iconlist-empty\"  itemscope=\"itemscope\" itemtype=\"https:\/\/schema.org\/CreativeWork\" ><div class=\"iconlist_content_wrap\"><header class=\"entry-content-header\" aria-label=\"Icon: &lt;a href=&#039;mailto:info@freie-akademie-bs.de&#039; title=&#039;info@freie-akademie-bs.de&#039;&gt;info@freie-akademie-bs.de&lt;\/a&gt;\"><div class='av_iconlist_title iconlist_title_small  av_inherit_color'  itemprop=\"headline\" ><a href='mailto:info@freie-akademie-bs.de' title='info@freie-akademie-bs.de'>info@freie-akademie-bs.de<\/a><\/div><\/header><div class='iconlist_content '  itemprop=\"text\" ><\/div><\/div><footer class=\"entry-footer\"><\/footer><\/article><div class=\"iconlist-timeline\"><\/div><\/li>\n<\/ul><\/div><\/p><\/div>\n","protected":false},"excerpt":{"rendered":"","protected":false},"author":1,"featured_media":0,"parent":0,"menu_order":0,"comment_status":"closed","ping_status":"closed","template":"","meta":{"footnotes":""},"class_list":["post-2115","page","type-page","status-publish","hentry"],"yoast_head":"<!-- This site is optimized with the Yoast SEO plugin v25.5 - https:\/\/yoast.com\/wordpress\/plugins\/seo\/ -->\n<title>Coaching de placement - Freie Akademie Braunschweig<\/title>\n<meta name=\"robots\" content=\"index, follow, max-snippet:-1, max-image-preview:large, max-video-preview:-1\" \/>\n<link rel=\"canonical\" href=\"https:\/\/freie-akademie-bs.de\/fr\/coaching-de-placement\/\" \/>\n<meta property=\"og:locale\" content=\"fr_FR\" \/>\n<meta property=\"og:type\" content=\"article\" \/>\n<meta property=\"og:title\" content=\"Coaching de placement - Freie Akademie Braunschweig\" \/>\n<meta property=\"og:url\" content=\"https:\/\/freie-akademie-bs.de\/fr\/coaching-de-placement\/\" \/>\n<meta property=\"og:site_name\" content=\"Freie Akademie Braunschweig\" \/>\n<meta property=\"article:modified_time\" content=\"2026-02-04T12:01:54+00:00\" \/>\n<meta name=\"twitter:card\" content=\"summary_large_image\" \/>\n<meta name=\"twitter:label1\" content=\"Dur\u00e9e de lecture estim\u00e9e\" \/>\n\t<meta name=\"twitter:data1\" content=\"22 minutes\" \/>\n<script type=\"application\/ld+json\" class=\"yoast-schema-graph\">{\"@context\":\"https:\/\/schema.org\",\"@graph\":[{\"@type\":\"WebPage\",\"@id\":\"https:\/\/freie-akademie-bs.de\/fr\/coaching-de-placement\/\",\"url\":\"https:\/\/freie-akademie-bs.de\/fr\/coaching-de-placement\/\",\"name\":\"Coaching de placement - Freie Akademie Braunschweig\",\"isPartOf\":{\"@id\":\"https:\/\/freie-akademie-bs.de\/#website\"},\"datePublished\":\"2024-11-14T19:38:17+00:00\",\"dateModified\":\"2026-02-04T12:01:54+00:00\",\"breadcrumb\":{\"@id\":\"https:\/\/freie-akademie-bs.de\/fr\/coaching-de-placement\/#breadcrumb\"},\"inLanguage\":\"fr-FR\",\"potentialAction\":[{\"@type\":\"ReadAction\",\"target\":[\"https:\/\/freie-akademie-bs.de\/fr\/coaching-de-placement\/\"]}]},{\"@type\":\"BreadcrumbList\",\"@id\":\"https:\/\/freie-akademie-bs.de\/fr\/coaching-de-placement\/#breadcrumb\",\"itemListElement\":[{\"@type\":\"ListItem\",\"position\":1,\"name\":\"Startseite\",\"item\":\"https:\/\/freie-akademie-bs.de\/fr\/page-daccueil\/\"},{\"@type\":\"ListItem\",\"position\":2,\"name\":\"Coaching de placement\"}]},{\"@type\":\"WebSite\",\"@id\":\"https:\/\/freie-akademie-bs.de\/#website\",\"url\":\"https:\/\/freie-akademie-bs.de\/\",\"name\":\"Freie Akademie Braunschweig\",\"description\":\"Ihre regionale Sprachschule\",\"potentialAction\":[{\"@type\":\"SearchAction\",\"target\":{\"@type\":\"EntryPoint\",\"urlTemplate\":\"https:\/\/freie-akademie-bs.de\/?s={search_term_string}\"},\"query-input\":{\"@type\":\"PropertyValueSpecification\",\"valueRequired\":true,\"valueName\":\"search_term_string\"}}],\"inLanguage\":\"fr-FR\"}]}<\/script>\n<!-- \/ Yoast SEO plugin. -->","yoast_head_json":{"title":"Coaching de placement - Freie Akademie Braunschweig","robots":{"index":"index","follow":"follow","max-snippet":"max-snippet:-1","max-image-preview":"max-image-preview:large","max-video-preview":"max-video-preview:-1"},"canonical":"https:\/\/freie-akademie-bs.de\/fr\/coaching-de-placement\/","og_locale":"fr_FR","og_type":"article","og_title":"Coaching de placement - Freie Akademie Braunschweig","og_url":"https:\/\/freie-akademie-bs.de\/fr\/coaching-de-placement\/","og_site_name":"Freie Akademie Braunschweig","article_modified_time":"2026-02-04T12:01:54+00:00","twitter_card":"summary_large_image","twitter_misc":{"Dur\u00e9e de lecture estim\u00e9e":"22 minutes"},"schema":{"@context":"https:\/\/schema.org","@graph":[{"@type":"WebPage","@id":"https:\/\/freie-akademie-bs.de\/fr\/coaching-de-placement\/","url":"https:\/\/freie-akademie-bs.de\/fr\/coaching-de-placement\/","name":"Coaching de placement - Freie Akademie Braunschweig","isPartOf":{"@id":"https:\/\/freie-akademie-bs.de\/#website"},"datePublished":"2024-11-14T19:38:17+00:00","dateModified":"2026-02-04T12:01:54+00:00","breadcrumb":{"@id":"https:\/\/freie-akademie-bs.de\/fr\/coaching-de-placement\/#breadcrumb"},"inLanguage":"fr-FR","potentialAction":[{"@type":"ReadAction","target":["https:\/\/freie-akademie-bs.de\/fr\/coaching-de-placement\/"]}]},{"@type":"BreadcrumbList","@id":"https:\/\/freie-akademie-bs.de\/fr\/coaching-de-placement\/#breadcrumb","itemListElement":[{"@type":"ListItem","position":1,"name":"Startseite","item":"https:\/\/freie-akademie-bs.de\/fr\/page-daccueil\/"},{"@type":"ListItem","position":2,"name":"Coaching de placement"}]},{"@type":"WebSite","@id":"https:\/\/freie-akademie-bs.de\/#website","url":"https:\/\/freie-akademie-bs.de\/","name":"Freie Akademie Braunschweig","description":"Ihre regionale Sprachschule","potentialAction":[{"@type":"SearchAction","target":{"@type":"EntryPoint","urlTemplate":"https:\/\/freie-akademie-bs.de\/?s={search_term_string}"},"query-input":{"@type":"PropertyValueSpecification","valueRequired":true,"valueName":"search_term_string"}}],"inLanguage":"fr-FR"}]}},"_links":{"self":[{"href":"https:\/\/freie-akademie-bs.de\/fr\/wp-json\/wp\/v2\/pages\/2115","targetHints":{"allow":["GET"]}}],"collection":[{"href":"https:\/\/freie-akademie-bs.de\/fr\/wp-json\/wp\/v2\/pages"}],"about":[{"href":"https:\/\/freie-akademie-bs.de\/fr\/wp-json\/wp\/v2\/types\/page"}],"author":[{"embeddable":true,"href":"https:\/\/freie-akademie-bs.de\/fr\/wp-json\/wp\/v2\/users\/1"}],"replies":[{"embeddable":true,"href":"https:\/\/freie-akademie-bs.de\/fr\/wp-json\/wp\/v2\/comments?post=2115"}],"version-history":[{"count":5,"href":"https:\/\/freie-akademie-bs.de\/fr\/wp-json\/wp\/v2\/pages\/2115\/revisions"}],"predecessor-version":[{"id":2297,"href":"https:\/\/freie-akademie-bs.de\/fr\/wp-json\/wp\/v2\/pages\/2115\/revisions\/2297"}],"wp:attachment":[{"href":"https:\/\/freie-akademie-bs.de\/fr\/wp-json\/wp\/v2\/media?parent=2115"}],"curies":[{"name":"wp","href":"https:\/\/api.w.org\/{rel}","templated":true}]}}