{"id":2112,"date":"2024-11-15T13:44:01","date_gmt":"2024-11-15T12:44:01","guid":{"rendered":"https:\/\/freie-akademie-bs.de\/suivi-des-etudes\/"},"modified":"2024-12-18T18:35:38","modified_gmt":"2024-12-18T17:35:38","slug":"suivi-des-etudes","status":"publish","type":"page","link":"https:\/\/freie-akademie-bs.de\/fr\/suivi-des-etudes\/","title":{"rendered":"Suivi des \u00e9tudes"},"content":{"rendered":"<div id='full_slider_1'  class='avia-fullwidth-slider main_color avia-shadow   avia-builder-el-0  el_before_av_section  avia-builder-el-first   container_wrap sidebar_right'  >\n<style type=\"text\/css\" data-created_by=\"avia_inline_auto\" id=\"style-css-av-1wldoc-7871dd1fdab6df2027c0aa60edb00ca4\">\n#top #wrap_all .avia-slideshow .av-slideshow-caption.av-1wldoc-7871dd1fdab6df2027c0aa60edb00ca4__0 .avia-caption-title{\nfont-size:60px;\n}\n\n@media only screen and (max-width: 479px){ \n#top #wrap_all .avia-slideshow .av-slideshow-caption.av-1wldoc-7871dd1fdab6df2027c0aa60edb00ca4__0 .avia-caption-title{\nfont-size:35px;\n}\n}\n<\/style>\n<div  class='avia-slideshow av-1wldoc-7871dd1fdab6df2027c0aa60edb00ca4 avia-slideshow-featured av_slideshow_full avia-fade-slider av-slideshow-ui av-control-hidden av-no-slider-navigation av-hide-nav-arrows av-slideshow-autoplay av-loop-endless av-loop-manual-endless av-default-height-applied   avia-slideshow-1' data-slideshow-options=\"{&quot;animation&quot;:&quot;fade&quot;,&quot;autoplay&quot;:true,&quot;loop_autoplay&quot;:&quot;endless&quot;,&quot;interval&quot;:3,&quot;loop_manual&quot;:&quot;manual-endless&quot;,&quot;autoplay_stopper&quot;:false,&quot;noNavigation&quot;:true,&quot;bg_slider&quot;:false,&quot;keep_padding&quot;:false,&quot;hoverpause&quot;:false,&quot;show_slide_delay&quot;:0}\"  itemprop=\"image\" itemscope=\"itemscope\" itemtype=\"https:\/\/schema.org\/ImageObject\" ><ul class='avia-slideshow-inner ' style='padding-bottom: 28.6666666667%;'><li  class='avia-slideshow-slide av-1wldoc-7871dd1fdab6df2027c0aa60edb00ca4__0  av-single-slide slide-1 slide-odd'><div data-rel='slideshow-1' class='avia-slide-wrap '   ><img decoding=\"async\" fetchpriority=\"high\" class=\"wp-image-896 avia-img-lazy-loading-not-896\"  src=\"https:\/\/freie-akademie-bs.de\/wp-content\/uploads\/2024\/11\/Freie-Akademie-Studienbegleitung-Header-1500x430.jpg\" width=\"1500\" height=\"430\" title='Freie-Akademie-Studienbegleitung-Header' alt=''  itemprop=\"thumbnailUrl\"  style='min-height:300px; min-width:1047px; ' \/><\/div><\/li><\/ul><div class='av-slideshow-caption av-1wldoc-7871dd1fdab6df2027c0aa60edb00ca4__0 caption_fullwidth caption_center'><div class=\"container caption_container\"><div class=\"slideshow_caption\"><div class=\"slideshow_inner_caption\"><div class=\"slideshow_align_caption\"><h2 class='avia-caption-title '  itemprop=\"name\" >R\u00e9ussissez vos \u00e9tudes !<\/h2><\/div><\/div><\/div><\/div><\/div><\/div><\/div>\n<div id='av_section_1'  class='avia-section av-1ldq1g-9018a1817931148539558f2032f0a21d main_color avia-section-default avia-no-border-styling  avia-builder-el-1  el_after_av_slideshow_full  el_before_av_section  avia-bg-style-scroll container_wrap sidebar_right'  ><div class='container av-section-cont-open' ><div class='template-page content  av-content-small alpha units'><div class='post-entry post-entry-type-page post-entry-2112'><div class='entry-content-wrapper clearfix'>\n<div  class='flex_column av-1dkuxg-abcd1ab00a89b72e3fdc06ebaeb2c5f2 av_one_full  avia-builder-el-2  avia-builder-el-no-sibling  first flex_column_div  '     ><p>\n<style type=\"text\/css\" data-created_by=\"avia_inline_auto\" id=\"style-css-av-2au9es-76904cd8b25579727161bd238af3838b\">\n#top .av-special-heading.av-2au9es-76904cd8b25579727161bd238af3838b{\npadding-bottom:10px;\nfont-size:40px;\n}\nbody .av-special-heading.av-2au9es-76904cd8b25579727161bd238af3838b .av-special-heading-tag .heading-char{\nfont-size:25px;\n}\n#top #wrap_all .av-special-heading.av-2au9es-76904cd8b25579727161bd238af3838b .av-special-heading-tag{\nfont-size:40px;\n}\n.av-special-heading.av-2au9es-76904cd8b25579727161bd238af3838b .av-subheading{\nfont-size:15px;\n}\n\n@media only screen and (min-width: 480px) and (max-width: 767px){ \n#top #wrap_all .av-special-heading.av-2au9es-76904cd8b25579727161bd238af3838b .av-special-heading-tag{\nfont-size:0.8em;\n}\n}\n\n@media only screen and (max-width: 479px){ \n#top #wrap_all .av-special-heading.av-2au9es-76904cd8b25579727161bd238af3838b .av-special-heading-tag{\nfont-size:0.8em;\n}\n}\n<\/style>\n<div  class='av-special-heading av-2au9es-76904cd8b25579727161bd238af3838b av-special-heading-h1 blockquote modern-quote  avia-builder-el-3  el_before_av_hr  avia-builder-el-first  av-inherit-size'><h1 class='av-special-heading-tag '  itemprop=\"headline\"  >Aide aux \u00e9tudes \u00e0 Brunswick<\/h1><div class=\"special-heading-border\"><div class=\"special-heading-inner-border\"><\/div><\/div><\/div><br \/>\n\n<style type=\"text\/css\" data-created_by=\"avia_inline_auto\" id=\"style-css-av-1252us-0c40a17d9b478fc3ab2f69a06951e0f6\">\n#top .hr.hr-invisible.av-1252us-0c40a17d9b478fc3ab2f69a06951e0f6{\nheight:50px;\n}\n<\/style>\n<div  class='hr av-1252us-0c40a17d9b478fc3ab2f69a06951e0f6 hr-invisible  avia-builder-el-4  el_after_av_heading  el_before_av_textblock '><span class='hr-inner '><span class=\"hr-inner-style\"><\/span><\/span><\/div><br \/>\n<section  class='av_textblock_section av-m3j4wzk2-e8b3583dfd4d71a90621cb9fd50a815d '   itemscope=\"itemscope\" itemtype=\"https:\/\/schema.org\/CreativeWork\" ><div class='avia_textblock'  itemprop=\"text\" ><p>Utilisez le soutien aux \u00e9tudes de la Freie Akademie Braunschweig pour ma\u00eetriser vos \u00e9tudes de mani\u00e8re efficace et sans stress. Nos professeurs exp\u00e9riment\u00e9s vous proposent un accompagnement individuel pour combler les lacunes de vos connaissances, pr\u00e9parer de mani\u00e8re optimale les examens et am\u00e9liorer votre organisation d&rsquo;apprentissage.<\/p>\n<\/div><\/section><\/p><\/div>\n\n<\/div><\/div><\/div><!-- close content main div --><\/div><\/div><div id='av_section_2'  class='avia-section av-240rg4-a6fbc97ad3e23309e93c8d112a4f984c main_color avia-section-default avia-no-border-styling  avia-builder-el-6  el_after_av_section  el_before_av_one_full  avia-bg-style-scroll container_wrap sidebar_right'  ><div class='container av-section-cont-open' ><div class='template-page content  av-content-small alpha units'><div class='post-entry post-entry-type-page post-entry-2112'><div class='entry-content-wrapper clearfix'>\n\n<style type=\"text\/css\" data-created_by=\"avia_inline_auto\" id=\"style-css-av-19zmx8-95730784b1d4ec25d88abba0aaab1d80\">\n#top .av-special-heading.av-19zmx8-95730784b1d4ec25d88abba0aaab1d80{\npadding-bottom:10px;\nfont-size:40px;\n}\nbody .av-special-heading.av-19zmx8-95730784b1d4ec25d88abba0aaab1d80 .av-special-heading-tag .heading-char{\nfont-size:25px;\n}\n#top #wrap_all .av-special-heading.av-19zmx8-95730784b1d4ec25d88abba0aaab1d80 .av-special-heading-tag{\nfont-size:40px;\n}\n.av-special-heading.av-19zmx8-95730784b1d4ec25d88abba0aaab1d80 .av-subheading{\nfont-size:15px;\n}\n\n@media only screen and (min-width: 480px) and (max-width: 767px){ \n#top #wrap_all .av-special-heading.av-19zmx8-95730784b1d4ec25d88abba0aaab1d80 .av-special-heading-tag{\nfont-size:0.8em;\n}\n}\n\n@media only screen and (max-width: 479px){ \n#top #wrap_all .av-special-heading.av-19zmx8-95730784b1d4ec25d88abba0aaab1d80 .av-special-heading-tag{\nfont-size:0.8em;\n}\n}\n<\/style>\n<div  class='av-special-heading av-19zmx8-95730784b1d4ec25d88abba0aaab1d80 av-special-heading-h2 blockquote modern-quote modern-centered  avia-builder-el-7  el_before_av_one_third  avia-builder-el-first  av-inherit-size'><h2 class='av-special-heading-tag '  itemprop=\"headline\"  >Ce que nous proposons :<\/h2><div class=\"special-heading-border\"><div class=\"special-heading-inner-border\"><\/div><\/div><\/div>\n<div class='flex_column_table av-1w3qn8-480498611b9759d2df4299653adcae99 sc-av_one_third av-equal-height-column-flextable'>\n<style type=\"text\/css\" data-created_by=\"avia_inline_auto\" id=\"style-css-av-1w3qn8-480498611b9759d2df4299653adcae99\">\n.flex_column.av-1w3qn8-480498611b9759d2df4299653adcae99{\npadding:20px 20px 20px 20px;\nbackground-color:#ebebeb;\n}\n<\/style>\n<div  class='flex_column av-1w3qn8-480498611b9759d2df4299653adcae99 av_one_third  avia-builder-el-8  el_after_av_heading  el_before_av_one_third  first flex_column_table_cell av-equal-height-column av-align-middle av-animated-generic pop-up  '     ><p>\n<style type=\"text\/css\" data-created_by=\"avia_inline_auto\" id=\"style-css-av-1si0w4-de7b075efe3dda5a82ae348b46d22817\">\n.av_font_icon.av-1si0w4-de7b075efe3dda5a82ae348b46d22817{\ncolor:#0067b1;\nborder-color:#0067b1;\n}\n.av_font_icon.av-1si0w4-de7b075efe3dda5a82ae348b46d22817 .av-icon-char{\nfont-size:50px;\nline-height:50px;\n}\n<\/style>\n<span  class='av_font_icon av-1si0w4-de7b075efe3dda5a82ae348b46d22817 avia_animate_when_visible av-icon-style- avia-icon-pos-left avia-icon-animate'><span class='av-icon-char' aria-hidden='true' data-av_icon='\ue80c' data-av_iconfont='entypo-fontello' ><\/span><\/span><br \/>\n\n<style type=\"text\/css\" data-created_by=\"avia_inline_auto\" id=\"style-css-av-1l1izw-da85be5c4398563e42ac5572b8b7462c\">\n#top .hr.hr-invisible.av-1l1izw-da85be5c4398563e42ac5572b8b7462c{\nheight:30px;\n}\n<\/style>\n<div  class='hr av-1l1izw-da85be5c4398563e42ac5572b8b7462c hr-invisible  avia-builder-el-10  el_after_av_font_icon  el_before_av_textblock '><span class='hr-inner '><span class=\"hr-inner-style\"><\/span><\/span><\/div><br \/>\n<section  class='av_textblock_section av-m3j4zdcj-158a7febbd155b68d5245d51172e35e5 '   itemscope=\"itemscope\" itemtype=\"https:\/\/schema.org\/CreativeWork\" ><div class='avia_textblock'  itemprop=\"text\" ><h3>Accompagnement individuel en cours individuels ou en petits groupes.<\/h3>\n<\/div><\/section><\/p><\/div><div class='av-flex-placeholder'><\/div>\n<style type=\"text\/css\" data-created_by=\"avia_inline_auto\" id=\"style-css-av-522b8-96cb0e0f0a7f8592fac6a1f8a9b15b5c\">\n.flex_column.av-522b8-96cb0e0f0a7f8592fac6a1f8a9b15b5c{\ntransform:scale(1.1);\nz-index:5;\npadding:20px 20px 20px 20px;\nbackground-color:#ebebeb;\n}\n<\/style>\n<div  class='flex_column av-522b8-96cb0e0f0a7f8592fac6a1f8a9b15b5c av_one_third  avia-builder-el-12  el_after_av_one_third  el_before_av_one_third  flex_column_table_cell av-equal-height-column av-align-middle av-animated-generic pop-up  '     ><p>\n<style type=\"text\/css\" data-created_by=\"avia_inline_auto\" id=\"style-css-av-18rwuk-ec6cf14894f6c02d99b450ef4af2d5a1\">\n.av_font_icon.av-18rwuk-ec6cf14894f6c02d99b450ef4af2d5a1{\ncolor:#0067b1;\nborder-color:#0067b1;\n}\n.av_font_icon.av-18rwuk-ec6cf14894f6c02d99b450ef4af2d5a1 .av-icon-char{\nfont-size:50px;\nline-height:50px;\n}\n<\/style>\n<span  class='av_font_icon av-18rwuk-ec6cf14894f6c02d99b450ef4af2d5a1 avia_animate_when_visible av-icon-style- avia-icon-pos-left avia-icon-animate'><span class='av-icon-char' aria-hidden='true' data-av_icon='\ue8a8' data-av_iconfont='entypo-fontello' ><\/span><\/span><br \/>\n\n<style type=\"text\/css\" data-created_by=\"avia_inline_auto\" id=\"style-css-av-10sgus-95e7564895ee5ca607c469e85ffd2991\">\n#top .hr.hr-invisible.av-10sgus-95e7564895ee5ca607c469e85ffd2991{\nheight:30px;\n}\n<\/style>\n<div  class='hr av-10sgus-95e7564895ee5ca607c469e85ffd2991 hr-invisible  avia-builder-el-14  el_after_av_font_icon  el_before_av_textblock '><span class='hr-inner '><span class=\"hr-inner-style\"><\/span><\/span><\/div><br \/>\n<section  class='av_textblock_section av-m3j4zrcf-dda09d1192170fd43849d5a46d99d175 '   itemscope=\"itemscope\" itemtype=\"https:\/\/schema.org\/CreativeWork\" ><div class='avia_textblock'  itemprop=\"text\" ><h3>Pr\u00e9paration cibl\u00e9e aux examens et tutorat dans diverses mati\u00e8res.<\/h3>\n<\/div><\/section><\/p><\/div><div class='av-flex-placeholder'><\/div>\n<style type=\"text\/css\" data-created_by=\"avia_inline_auto\" id=\"style-css-av-wq20s-4e9ac2ffaee00b48dbbf3281204ac1e0\">\n.flex_column.av-wq20s-4e9ac2ffaee00b48dbbf3281204ac1e0{\npadding:20px 20px 20px 20px;\nbackground-color:#ebebeb;\n}\n<\/style>\n<div  class='flex_column av-wq20s-4e9ac2ffaee00b48dbbf3281204ac1e0 av_one_third  avia-builder-el-16  el_after_av_one_third  avia-builder-el-last  flex_column_table_cell av-equal-height-column av-align-middle av-animated-generic pop-up  '     ><p>\n<style type=\"text\/css\" data-created_by=\"avia_inline_auto\" id=\"style-css-av-qhu9g-8141c23c258a5d206c33140646a3548d\">\n.av_font_icon.av-qhu9g-8141c23c258a5d206c33140646a3548d{\ncolor:#0067b1;\nborder-color:#0067b1;\n}\n.av_font_icon.av-qhu9g-8141c23c258a5d206c33140646a3548d .av-icon-char{\nfont-size:50px;\nline-height:50px;\n}\n<\/style>\n<span  class='av_font_icon av-qhu9g-8141c23c258a5d206c33140646a3548d avia_animate_when_visible av-icon-style- avia-icon-pos-left avia-icon-animate'><span class='av-icon-char' aria-hidden='true' data-av_icon='\ue85b' data-av_iconfont='entypo-fontello' ><\/span><\/span><br \/>\n\n<style type=\"text\/css\" data-created_by=\"avia_inline_auto\" id=\"style-css-av-kx81g-3d861fa0fc26cbef654d02f3ba9766d2\">\n#top .hr.hr-invisible.av-kx81g-3d861fa0fc26cbef654d02f3ba9766d2{\nheight:30px;\n}\n<\/style>\n<div  class='hr av-kx81g-3d861fa0fc26cbef654d02f3ba9766d2 hr-invisible  avia-builder-el-18  el_after_av_font_icon  el_before_av_textblock '><span class='hr-inner '><span class=\"hr-inner-style\"><\/span><\/span><\/div><br \/>\n<section  class='av_textblock_section av-m3j4zy6a-a56f1f6ee6bee82c5f82bf5c8f0241cc '   itemscope=\"itemscope\" itemtype=\"https:\/\/schema.org\/CreativeWork\" ><div class='avia_textblock'  itemprop=\"text\" ><h3>Planification de cours flexible en fonction de vos progr\u00e8s d&rsquo;apprentissage.<\/h3>\n<\/div><\/section><\/p><\/div><\/div><!--close column table wrapper. Autoclose: 1 -->\n<\/div><\/div><\/div><!-- close content main div --><\/div><\/div><div id='after_section_2'  class='main_color av_default_container_wrap container_wrap sidebar_right'  ><div class='container av-section-cont-open' ><div class='template-page content  av-content-small alpha units'><div class='post-entry post-entry-type-page post-entry-2112'><div class='entry-content-wrapper clearfix'>\n\n<style type=\"text\/css\" data-created_by=\"avia_inline_auto\" id=\"style-css-av-vb8jo-4bf9a1a15a4ba7c9fa6d09bc9ea041a0\">\n#top .flex_column.av-vb8jo-4bf9a1a15a4ba7c9fa6d09bc9ea041a0{\nmargin-top:100px;\n}\n.flex_column.av-vb8jo-4bf9a1a15a4ba7c9fa6d09bc9ea041a0{\nborder-radius:50px 50px 50px 50px;\npadding:80px 80px 80px 80px;\nbackground-color:#0067b1;\n}\n.responsive #top #wrap_all .flex_column.av-vb8jo-4bf9a1a15a4ba7c9fa6d09bc9ea041a0{\nmargin-top:100px;\n}\n\n@media only screen and (min-width: 480px) and (max-width: 767px){ \n.flex_column.av-vb8jo-4bf9a1a15a4ba7c9fa6d09bc9ea041a0{\npadding:0px 0px 0px 0px;\n}\n}\n\n@media only screen and (max-width: 479px){ \n.flex_column.av-vb8jo-4bf9a1a15a4ba7c9fa6d09bc9ea041a0{\npadding:70px 20px 70px 20px;\n}\n}\n<\/style>\n<div  class='flex_column av-vb8jo-4bf9a1a15a4ba7c9fa6d09bc9ea041a0 av_one_full  avia-builder-el-20  el_after_av_section  avia-builder-el-no-sibling  first flex_column_div av-animated-generic bottom-to-top av-parallax-object avia-full-stretch  ' data-parallax=\"{&quot;parallax&quot;:&quot;bottom_top&quot;,&quot;parallax_speed&quot;:&quot;10&quot;,&quot;av-desktop-parallax&quot;:&quot;inherit&quot;,&quot;av-desktop-parallax_speed&quot;:&quot;inherit&quot;,&quot;av-medium-parallax&quot;:&quot;inherit&quot;,&quot;av-medium-parallax_speed&quot;:&quot;inherit&quot;,&quot;av-small-parallax&quot;:&quot;inherit&quot;,&quot;av-small-parallax_speed&quot;:&quot;inherit&quot;,&quot;av-mini-parallax&quot;:&quot;inherit&quot;,&quot;av-mini-parallax_speed&quot;:&quot;inherit&quot;,&quot;parallax-container&quot;:&quot;.av-vb8jo-4bf9a1a15a4ba7c9fa6d09bc9ea041a0&quot;}\"    ><p>\n<style type=\"text\/css\" data-created_by=\"avia_inline_auto\" id=\"style-css-av-okjnw-d2615c9627fb0e8d3327871c776cd858\">\n#top .av-special-heading.av-okjnw-d2615c9627fb0e8d3327871c776cd858{\npadding-bottom:10px;\ncolor:#ffffff;\nfont-size:40px;\n}\nbody .av-special-heading.av-okjnw-d2615c9627fb0e8d3327871c776cd858 .av-special-heading-tag .heading-char{\nfont-size:25px;\n}\n#top #wrap_all .av-special-heading.av-okjnw-d2615c9627fb0e8d3327871c776cd858 .av-special-heading-tag{\nfont-size:40px;\n}\n.av-special-heading.av-okjnw-d2615c9627fb0e8d3327871c776cd858 .special-heading-inner-border{\nborder-color:#ffffff;\n}\n.av-special-heading.av-okjnw-d2615c9627fb0e8d3327871c776cd858 .av-subheading{\nfont-size:20px;\n}\n\n@media only screen and (min-width: 480px) and (max-width: 767px){ \n#top #wrap_all .av-special-heading.av-okjnw-d2615c9627fb0e8d3327871c776cd858 .av-special-heading-tag{\nfont-size:0.8em;\n}\n}\n\n@media only screen and (max-width: 479px){ \n#top #wrap_all .av-special-heading.av-okjnw-d2615c9627fb0e8d3327871c776cd858 .av-special-heading-tag{\nfont-size:0.8em;\n}\n}\n<\/style>\n<div  class='av-special-heading av-okjnw-d2615c9627fb0e8d3327871c776cd858 av-special-heading-h3 custom-color-heading blockquote modern-quote  avia-builder-el-21  el_before_av_iconlist  avia-builder-el-first  av-inherit-size'><h3 class='av-special-heading-tag '  itemprop=\"headline\"  >Vous avez des questions ?  <br \/>Nous sommes l\u00e0 pour vous aider.<\/h3><div class='av_custom_color av-subheading av-subheading_below'><p>Votre contact Damiri Knapheide<\/p>\n<\/div><div class=\"special-heading-border\"><div class=\"special-heading-inner-border\"><\/div><\/div><\/div><br \/>\n\n<style type=\"text\/css\" data-created_by=\"avia_inline_auto\" id=\"style-css-av-kb5ac-4b139ec028f98ac64527b307ad7202fc\">\n#top .avia-icon-list-container.av-kb5ac-4b139ec028f98ac64527b307ad7202fc .iconlist_icon{\ncolor:#ffffff;\n}\n#top #wrap_all .avia-icon-list-container.av-kb5ac-4b139ec028f98ac64527b307ad7202fc .av_iconlist_title{\ncolor:#ffffff;\n}\n\n@media only screen and (max-width: 479px){ \n#top #wrap_all .avia-icon-list-container.av-kb5ac-4b139ec028f98ac64527b307ad7202fc .av_iconlist_title{\nfont-size:20px;\n}\n}\n<\/style>\n<div  class='avia-icon-list-container av-kb5ac-4b139ec028f98ac64527b307ad7202fc  avia-builder-el-22  el_after_av_heading  avia-builder-el-last '><ul class='avia-icon-list avia_animate_when_almost_visible avia-icon-list-left av-iconlist-small av-kb5ac-4b139ec028f98ac64527b307ad7202fc avia-iconlist-animate'>\n<li><div class='iconlist_icon av-efkrw-b0fa181234f5ee54ffb310d601f1b291 avia-font-entypo-fontello'><span class='iconlist-char' aria-hidden='true' data-av_icon='\ue854' data-av_iconfont='entypo-fontello'><\/span><\/div><article class=\"article-icon-entry av-iconlist-empty\"  itemscope=\"itemscope\" itemtype=\"https:\/\/schema.org\/CreativeWork\" ><div class=\"iconlist_content_wrap\"><header class=\"entry-content-header\" aria-label=\"Icon: &lt;a href=&#039;tel:+495316150330&#039; title=&#039;0531 \/ 6150330&#039;&gt;0531 \/ 6150330&lt;\/a&gt;\"><div class='av_iconlist_title iconlist_title_small  av_inherit_color'  itemprop=\"headline\" ><a href='tel:+495316150330' title='0531 \/ 6150330'>0531 \/ 6150330<\/a><\/div><\/header><div class='iconlist_content '  itemprop=\"text\" ><\/div><\/div><footer class=\"entry-footer\"><\/footer><\/article><div class=\"iconlist-timeline\"><\/div><\/li>\n<li><div class='iconlist_icon av-ab6yc-f82569ca671fcba216547d6fc867787a avia-font-entypo-fontello'><span class='iconlist-char' aria-hidden='true' data-av_icon='\ue805' data-av_iconfont='entypo-fontello'><\/span><\/div><article class=\"article-icon-entry av-iconlist-empty\"  itemscope=\"itemscope\" itemtype=\"https:\/\/schema.org\/CreativeWork\" ><div class=\"iconlist_content_wrap\"><header class=\"entry-content-header\" aria-label=\"Icon: &lt;a href=&#039;mailto:info@freie-akademie-bs.de&#039; title=&#039;info@freie-akademie-bs.de&#039;&gt;info@freie-akademie-bs.de&lt;\/a&gt;\"><div class='av_iconlist_title iconlist_title_small  av_inherit_color'  itemprop=\"headline\" ><a href='mailto:info@freie-akademie-bs.de' title='info@freie-akademie-bs.de'>info@freie-akademie-bs.de<\/a><\/div><\/header><div class='iconlist_content '  itemprop=\"text\" ><\/div><\/div><footer class=\"entry-footer\"><\/footer><\/article><div class=\"iconlist-timeline\"><\/div><\/li>\n<\/ul><\/div><\/p><\/div>\n","protected":false},"excerpt":{"rendered":"","protected":false},"author":1,"featured_media":0,"parent":0,"menu_order":0,"comment_status":"closed","ping_status":"closed","template":"","meta":{"footnotes":""},"class_list":["post-2112","page","type-page","status-publish","hentry"],"yoast_head":"<!-- This site is optimized with the Yoast SEO plugin v25.5 - https:\/\/yoast.com\/wordpress\/plugins\/seo\/ -->\n<title>Suivi des \u00e9tudes - Freie Akademie Braunschweig<\/title>\n<meta name=\"robots\" content=\"index, follow, max-snippet:-1, max-image-preview:large, max-video-preview:-1\" \/>\n<link rel=\"canonical\" href=\"https:\/\/freie-akademie-bs.de\/fr\/suivi-des-etudes\/\" \/>\n<meta property=\"og:locale\" content=\"fr_FR\" \/>\n<meta property=\"og:type\" content=\"article\" \/>\n<meta property=\"og:title\" content=\"Suivi des \u00e9tudes - Freie Akademie Braunschweig\" \/>\n<meta property=\"og:url\" content=\"https:\/\/freie-akademie-bs.de\/fr\/suivi-des-etudes\/\" \/>\n<meta property=\"og:site_name\" content=\"Freie Akademie Braunschweig\" \/>\n<meta property=\"article:modified_time\" content=\"2024-12-18T17:35:38+00:00\" \/>\n<meta name=\"twitter:card\" content=\"summary_large_image\" \/>\n<meta name=\"twitter:label1\" content=\"Dur\u00e9e de lecture estim\u00e9e\" \/>\n\t<meta name=\"twitter:data1\" content=\"25 minutes\" \/>\n<script type=\"application\/ld+json\" class=\"yoast-schema-graph\">{\"@context\":\"https:\/\/schema.org\",\"@graph\":[{\"@type\":\"WebPage\",\"@id\":\"https:\/\/freie-akademie-bs.de\/fr\/suivi-des-etudes\/\",\"url\":\"https:\/\/freie-akademie-bs.de\/fr\/suivi-des-etudes\/\",\"name\":\"Suivi des \u00e9tudes - Freie Akademie Braunschweig\",\"isPartOf\":{\"@id\":\"https:\/\/freie-akademie-bs.de\/#website\"},\"datePublished\":\"2024-11-15T12:44:01+00:00\",\"dateModified\":\"2024-12-18T17:35:38+00:00\",\"breadcrumb\":{\"@id\":\"https:\/\/freie-akademie-bs.de\/fr\/suivi-des-etudes\/#breadcrumb\"},\"inLanguage\":\"fr-FR\",\"potentialAction\":[{\"@type\":\"ReadAction\",\"target\":[\"https:\/\/freie-akademie-bs.de\/fr\/suivi-des-etudes\/\"]}]},{\"@type\":\"BreadcrumbList\",\"@id\":\"https:\/\/freie-akademie-bs.de\/fr\/suivi-des-etudes\/#breadcrumb\",\"itemListElement\":[{\"@type\":\"ListItem\",\"position\":1,\"name\":\"Startseite\",\"item\":\"https:\/\/freie-akademie-bs.de\/fr\/page-daccueil\/\"},{\"@type\":\"ListItem\",\"position\":2,\"name\":\"Suivi des \u00e9tudes\"}]},{\"@type\":\"WebSite\",\"@id\":\"https:\/\/freie-akademie-bs.de\/#website\",\"url\":\"https:\/\/freie-akademie-bs.de\/\",\"name\":\"Freie Akademie Braunschweig\",\"description\":\"Ihre regionale Sprachschule\",\"potentialAction\":[{\"@type\":\"SearchAction\",\"target\":{\"@type\":\"EntryPoint\",\"urlTemplate\":\"https:\/\/freie-akademie-bs.de\/?s={search_term_string}\"},\"query-input\":{\"@type\":\"PropertyValueSpecification\",\"valueRequired\":true,\"valueName\":\"search_term_string\"}}],\"inLanguage\":\"fr-FR\"}]}<\/script>\n<!-- \/ Yoast SEO plugin. -->","yoast_head_json":{"title":"Suivi des \u00e9tudes - Freie Akademie Braunschweig","robots":{"index":"index","follow":"follow","max-snippet":"max-snippet:-1","max-image-preview":"max-image-preview:large","max-video-preview":"max-video-preview:-1"},"canonical":"https:\/\/freie-akademie-bs.de\/fr\/suivi-des-etudes\/","og_locale":"fr_FR","og_type":"article","og_title":"Suivi des \u00e9tudes - Freie Akademie Braunschweig","og_url":"https:\/\/freie-akademie-bs.de\/fr\/suivi-des-etudes\/","og_site_name":"Freie Akademie Braunschweig","article_modified_time":"2024-12-18T17:35:38+00:00","twitter_card":"summary_large_image","twitter_misc":{"Dur\u00e9e de lecture estim\u00e9e":"25 minutes"},"schema":{"@context":"https:\/\/schema.org","@graph":[{"@type":"WebPage","@id":"https:\/\/freie-akademie-bs.de\/fr\/suivi-des-etudes\/","url":"https:\/\/freie-akademie-bs.de\/fr\/suivi-des-etudes\/","name":"Suivi des \u00e9tudes - Freie Akademie Braunschweig","isPartOf":{"@id":"https:\/\/freie-akademie-bs.de\/#website"},"datePublished":"2024-11-15T12:44:01+00:00","dateModified":"2024-12-18T17:35:38+00:00","breadcrumb":{"@id":"https:\/\/freie-akademie-bs.de\/fr\/suivi-des-etudes\/#breadcrumb"},"inLanguage":"fr-FR","potentialAction":[{"@type":"ReadAction","target":["https:\/\/freie-akademie-bs.de\/fr\/suivi-des-etudes\/"]}]},{"@type":"BreadcrumbList","@id":"https:\/\/freie-akademie-bs.de\/fr\/suivi-des-etudes\/#breadcrumb","itemListElement":[{"@type":"ListItem","position":1,"name":"Startseite","item":"https:\/\/freie-akademie-bs.de\/fr\/page-daccueil\/"},{"@type":"ListItem","position":2,"name":"Suivi des \u00e9tudes"}]},{"@type":"WebSite","@id":"https:\/\/freie-akademie-bs.de\/#website","url":"https:\/\/freie-akademie-bs.de\/","name":"Freie Akademie Braunschweig","description":"Ihre regionale Sprachschule","potentialAction":[{"@type":"SearchAction","target":{"@type":"EntryPoint","urlTemplate":"https:\/\/freie-akademie-bs.de\/?s={search_term_string}"},"query-input":{"@type":"PropertyValueSpecification","valueRequired":true,"valueName":"search_term_string"}}],"inLanguage":"fr-FR"}]}},"_links":{"self":[{"href":"https:\/\/freie-akademie-bs.de\/fr\/wp-json\/wp\/v2\/pages\/2112","targetHints":{"allow":["GET"]}}],"collection":[{"href":"https:\/\/freie-akademie-bs.de\/fr\/wp-json\/wp\/v2\/pages"}],"about":[{"href":"https:\/\/freie-akademie-bs.de\/fr\/wp-json\/wp\/v2\/types\/page"}],"author":[{"embeddable":true,"href":"https:\/\/freie-akademie-bs.de\/fr\/wp-json\/wp\/v2\/users\/1"}],"replies":[{"embeddable":true,"href":"https:\/\/freie-akademie-bs.de\/fr\/wp-json\/wp\/v2\/comments?post=2112"}],"version-history":[{"count":3,"href":"https:\/\/freie-akademie-bs.de\/fr\/wp-json\/wp\/v2\/pages\/2112\/revisions"}],"predecessor-version":[{"id":2133,"href":"https:\/\/freie-akademie-bs.de\/fr\/wp-json\/wp\/v2\/pages\/2112\/revisions\/2133"}],"wp:attachment":[{"href":"https:\/\/freie-akademie-bs.de\/fr\/wp-json\/wp\/v2\/media?parent=2112"}],"curies":[{"name":"wp","href":"https:\/\/api.w.org\/{rel}","templated":true}]}}