{"id":2097,"date":"2024-11-15T20:10:02","date_gmt":"2024-11-15T19:10:02","guid":{"rendered":"https:\/\/freie-akademie-bs.de\/preparation-aux-examens-pour-les-eleves\/"},"modified":"2024-12-18T18:18:25","modified_gmt":"2024-12-18T17:18:25","slug":"preparation-aux-examens-pour-les-eleves","status":"publish","type":"page","link":"https:\/\/freie-akademie-bs.de\/fr\/preparation-aux-examens-pour-les-eleves\/","title":{"rendered":"Pr\u00e9paration aux examens pour les \u00e9l\u00e8ves"},"content":{"rendered":"<div id='full_slider_1'  class='avia-fullwidth-slider main_color avia-shadow   avia-builder-el-0  el_before_av_section  avia-builder-el-first   container_wrap sidebar_right'  >\n<style type=\"text\/css\" data-created_by=\"avia_inline_auto\" id=\"style-css-av-m3j449tw-689623e552827bcd5702000f8743c86e\">\n#top #wrap_all .avia-slideshow .av-slideshow-caption.av-m3j449tw-689623e552827bcd5702000f8743c86e__0 .avia-caption-title{\nfont-size:60px;\n}\n\n@media only screen and (max-width: 479px){ \n#top #wrap_all .avia-slideshow .av-slideshow-caption.av-m3j449tw-689623e552827bcd5702000f8743c86e__0 .avia-caption-title{\nfont-size:35px;\n}\n}\n<\/style>\n<div  class='avia-slideshow av-m3j449tw-689623e552827bcd5702000f8743c86e avia-slideshow-featured av_slideshow_full avia-fade-slider av-slideshow-ui av-control-hidden av-no-slider-navigation av-hide-nav-arrows av-slideshow-autoplay av-loop-endless av-loop-manual-endless av-default-height-applied   avia-slideshow-1' data-slideshow-options=\"{&quot;animation&quot;:&quot;fade&quot;,&quot;autoplay&quot;:true,&quot;loop_autoplay&quot;:&quot;endless&quot;,&quot;interval&quot;:3,&quot;loop_manual&quot;:&quot;manual-endless&quot;,&quot;autoplay_stopper&quot;:false,&quot;noNavigation&quot;:true,&quot;bg_slider&quot;:false,&quot;keep_padding&quot;:false,&quot;hoverpause&quot;:false,&quot;show_slide_delay&quot;:0}\"  itemprop=\"image\" itemscope=\"itemscope\" itemtype=\"https:\/\/schema.org\/ImageObject\" ><ul class='avia-slideshow-inner ' style='padding-bottom: 28.6666666667%;'><li  class='avia-slideshow-slide av-m3j449tw-689623e552827bcd5702000f8743c86e__0  av-single-slide slide-1 slide-odd'><div data-rel='slideshow-1' class='avia-slide-wrap '   ><img decoding=\"async\" fetchpriority=\"high\" class=\"wp-image-888 avia-img-lazy-loading-not-888\"  src=\"https:\/\/freie-akademie-bs.de\/wp-content\/uploads\/2024\/11\/Freie-Akademie-Pruefungsvorbereitung-Schueler-Header-1500x430.jpg\" width=\"1500\" height=\"430\" title='Freie-Akademie-Pru\u0308fungsvorbereitung-Schu\u0308ler-Header' alt=''  itemprop=\"thumbnailUrl\"  style='min-height:300px; min-width:1047px; ' \/><\/div><\/li><\/ul><div class='av-slideshow-caption av-m3j449tw-689623e552827bcd5702000f8743c86e__0 caption_fullwidth caption_center'><div class=\"container caption_container\"><div class=\"slideshow_caption\"><div class=\"slideshow_inner_caption\"><div class=\"slideshow_align_caption\"><h2 class='avia-caption-title '  itemprop=\"name\" >Certainement au lyc\u00e9e<\/h2><\/div><\/div><\/div><\/div><\/div><\/div><\/div>\n<div id='av_section_1'  class='avia-section av-224399-00af974cbc4cdf1dc2e008439c513c48 main_color avia-section-default avia-no-border-styling  avia-builder-el-1  el_after_av_slideshow_full  el_before_av_one_full  avia-bg-style-scroll container_wrap sidebar_right'  ><div class='container av-section-cont-open' ><div class='template-page content  av-content-small alpha units'><div class='post-entry post-entry-type-page post-entry-2097'><div class='entry-content-wrapper clearfix'>\n<div  class='flex_column av-1vvdr1-b89407d2a40334a17074186541bfdfc0 av_one_full  avia-builder-el-2  avia-builder-el-no-sibling  first flex_column_div  '     ><p>\n<style type=\"text\/css\" data-created_by=\"avia_inline_auto\" id=\"style-css-av-m3j44gfn-7489bbbb42a75b52891ae4a3de263ef6\">\n#top .av-special-heading.av-m3j44gfn-7489bbbb42a75b52891ae4a3de263ef6{\npadding-bottom:10px;\nfont-size:40px;\n}\nbody .av-special-heading.av-m3j44gfn-7489bbbb42a75b52891ae4a3de263ef6 .av-special-heading-tag .heading-char{\nfont-size:25px;\n}\n#top #wrap_all .av-special-heading.av-m3j44gfn-7489bbbb42a75b52891ae4a3de263ef6 .av-special-heading-tag{\nfont-size:40px;\n}\n.av-special-heading.av-m3j44gfn-7489bbbb42a75b52891ae4a3de263ef6 .av-subheading{\nfont-size:15px;\n}\n\n@media only screen and (min-width: 480px) and (max-width: 767px){ \n#top #wrap_all .av-special-heading.av-m3j44gfn-7489bbbb42a75b52891ae4a3de263ef6 .av-special-heading-tag{\nfont-size:0.8em;\n}\n}\n\n@media only screen and (max-width: 479px){ \n#top #wrap_all .av-special-heading.av-m3j44gfn-7489bbbb42a75b52891ae4a3de263ef6 .av-special-heading-tag{\nfont-size:0.8em;\n}\n}\n<\/style>\n<div  class='av-special-heading av-m3j44gfn-7489bbbb42a75b52891ae4a3de263ef6 av-special-heading-h1 blockquote modern-quote  avia-builder-el-3  el_before_av_hr  avia-builder-el-first  av-inherit-size'><h1 class='av-special-heading-tag '  itemprop=\"headline\"  >Pr\u00e9paration aux examens pour les \u00e9tudiants \u00e0 Brunswick<\/h1><div class=\"special-heading-border\"><div class=\"special-heading-inner-border\"><\/div><\/div><\/div><br \/>\n\n<style type=\"text\/css\" data-created_by=\"avia_inline_auto\" id=\"style-css-av-1oyh3p-989980f7a5ef4427c189974ed0f69a39\">\n#top .hr.hr-invisible.av-1oyh3p-989980f7a5ef4427c189974ed0f69a39{\nheight:50px;\n}\n<\/style>\n<div  class='hr av-1oyh3p-989980f7a5ef4427c189974ed0f69a39 hr-invisible  avia-builder-el-4  el_after_av_heading  el_before_av_textblock '><span class='hr-inner '><span class=\"hr-inner-style\"><\/span><\/span><\/div><br \/>\n<section  class='av_textblock_section av-m3j44tf3-7ec02d30e868885cf6704b26ecda674f '   itemscope=\"itemscope\" itemtype=\"https:\/\/schema.org\/CreativeWork\" ><div class='avia_textblock'  itemprop=\"text\" ><h3>Certainement \u00e0 l&rsquo;Abitur et aux autres examens scolaires<\/h3>\n<p> Qu&rsquo;il s&rsquo;agisse de tests en classe, d&rsquo;examens de promotion ou d&rsquo;Abitur, la Braunschweig Free Academy offre aux \u00e9tudiants un soutien optimal dans la pr\u00e9paration aux examens. Notre programme de mentorat vous aide \u00e0 ma\u00eetriser le mat\u00e9riel scolaire et \u00e0 passer chaque examen en toute s\u00e9curit\u00e9.<\/p>\n<\/div><\/section><br \/>\n\n<style type=\"text\/css\" data-created_by=\"avia_inline_auto\" id=\"style-css-av-1i6l0d-577aca5fc9461f09c7cf20c964e8e84e\">\n#top .hr.hr-invisible.av-1i6l0d-577aca5fc9461f09c7cf20c964e8e84e{\nheight:50px;\n}\n<\/style>\n<div  class='hr av-1i6l0d-577aca5fc9461f09c7cf20c964e8e84e hr-invisible  avia-builder-el-6  el_after_av_textblock  el_before_av_textblock '><span class='hr-inner '><span class=\"hr-inner-style\"><\/span><\/span><\/div><br \/>\n<section  class='av_textblock_section av-m3j453gq-19000e0e532a220a42c31b003c08d2c6 '   itemscope=\"itemscope\" itemtype=\"https:\/\/schema.org\/CreativeWork\" ><div class='avia_textblock'  itemprop=\"text\" ><h3>Un accompagnement individuel pour de meilleurs r\u00e9sultats<\/h3>\n<p> En cours individuels ou en petits groupes (2 \u00e0 4 personnes), vous travaillez avec des professeurs exp\u00e9riment\u00e9s qui accompagnent le processus d&rsquo;apprentissage et pr\u00e9parent avec vous, \u00e9tape par \u00e9tape, le contenu pertinent pour l&rsquo;examen. Ce qui a \u00e9t\u00e9 oubli\u00e9 est r\u00e9p\u00e9t\u00e9, les lacunes dans les connaissances sont combl\u00e9es et vos points forts sont sp\u00e9cifiquement mis en valeur.<\/p>\n<\/div><\/section><br \/>\n\n<style type=\"text\/css\" data-created_by=\"avia_inline_auto\" id=\"style-css-av-1ckcx1-9488be5ea4cac114473dcecb829f2b7b\">\n#top .hr.hr-invisible.av-1ckcx1-9488be5ea4cac114473dcecb829f2b7b{\nheight:50px;\n}\n<\/style>\n<div  class='hr av-1ckcx1-9488be5ea4cac114473dcecb829f2b7b hr-invisible  avia-builder-el-8  el_after_av_textblock  el_before_av_textblock '><span class='hr-inner '><span class=\"hr-inner-style\"><\/span><\/span><\/div><br \/>\n<section  class='av_textblock_section av-1a4f0t-7cade71f4f019bea93b6ce159a9aba55 '   itemscope=\"itemscope\" itemtype=\"https:\/\/schema.org\/CreativeWork\" ><div class='avia_textblock'  itemprop=\"text\" ><h3>Accompagnement interdisciplinaire<\/h3>\n<p> De nombreux \u00e9tudiants ont besoin de soutien dans plusieurs mati\u00e8res. Gr\u00e2ce \u00e0 notre syst\u00e8me flexible, les heures r\u00e9serv\u00e9es peuvent \u00eatre r\u00e9parties individuellement entre diff\u00e9rentes mati\u00e8res d&rsquo;examen. De cette fa\u00e7on, vous restez bien pr\u00e9par\u00e9 \u2013 pour chaque d\u00e9fi.<\/p>\n<\/div><\/section><br \/>\n\n<style type=\"text\/css\" data-created_by=\"avia_inline_auto\" id=\"style-css-av-14hw4l-82820866227be43a59b09eb68ce8ecf1\">\n#top .hr.hr-invisible.av-14hw4l-82820866227be43a59b09eb68ce8ecf1{\nheight:50px;\n}\n<\/style>\n<div  class='hr av-14hw4l-82820866227be43a59b09eb68ce8ecf1 hr-invisible  avia-builder-el-10  el_after_av_textblock  el_before_av_textblock '><span class='hr-inner '><span class=\"hr-inner-style\"><\/span><\/span><\/div><br \/>\n<section  class='av_textblock_section av-m3j45d27-d7dfece85e5098cab8f4251839de1234 '   itemscope=\"itemscope\" itemtype=\"https:\/\/schema.org\/CreativeWork\" ><div class='avia_textblock'  itemprop=\"text\" ><h3>Ensemble pour r\u00e9ussir les examens !<\/h3>\n<p> Ob Studierende oder Sch\u00fcler \u2013 unser Mentorship-Programm hilft Ihnen, Pr\u00fcfungs\u00e4ngste zu reduzieren und selbstbewusst in die n\u00e4chste Pr\u00fcfung zu starten.<\/p>\n<\/div><\/section><\/p><\/div>\n<\/div><\/div><\/div><!-- close content main div --><\/div><\/div><div id='after_section_1'  class='main_color av_default_container_wrap container_wrap sidebar_right'  ><div class='container av-section-cont-open' ><div class='template-page content  av-content-small alpha units'><div class='post-entry post-entry-type-page post-entry-2097'><div class='entry-content-wrapper clearfix'>\n\n<style type=\"text\/css\" data-created_by=\"avia_inline_auto\" id=\"style-css-av-vl4ad-82c95956cd657f956e253d861aa82fb8\">\n#top .flex_column.av-vl4ad-82c95956cd657f956e253d861aa82fb8{\nmargin-top:100px;\n}\n.flex_column.av-vl4ad-82c95956cd657f956e253d861aa82fb8{\nborder-radius:50px 50px 50px 50px;\npadding:80px 80px 80px 80px;\nbackground-color:#0067b1;\n}\n.responsive #top #wrap_all .flex_column.av-vl4ad-82c95956cd657f956e253d861aa82fb8{\nmargin-top:100px;\n}\n\n@media only screen and (min-width: 480px) and (max-width: 767px){ \n.flex_column.av-vl4ad-82c95956cd657f956e253d861aa82fb8{\npadding:0px 0px 0px 0px;\n}\n}\n\n@media only screen and (max-width: 479px){ \n.flex_column.av-vl4ad-82c95956cd657f956e253d861aa82fb8{\npadding:70px 20px 70px 20px;\n}\n}\n<\/style>\n<div  class='flex_column av-vl4ad-82c95956cd657f956e253d861aa82fb8 av_one_full  avia-builder-el-12  el_after_av_section  avia-builder-el-no-sibling  first flex_column_div av-animated-generic bottom-to-top av-parallax-object avia-full-stretch  ' data-parallax=\"{&quot;parallax&quot;:&quot;bottom_top&quot;,&quot;parallax_speed&quot;:&quot;10&quot;,&quot;av-desktop-parallax&quot;:&quot;inherit&quot;,&quot;av-desktop-parallax_speed&quot;:&quot;inherit&quot;,&quot;av-medium-parallax&quot;:&quot;inherit&quot;,&quot;av-medium-parallax_speed&quot;:&quot;inherit&quot;,&quot;av-small-parallax&quot;:&quot;inherit&quot;,&quot;av-small-parallax_speed&quot;:&quot;inherit&quot;,&quot;av-mini-parallax&quot;:&quot;inherit&quot;,&quot;av-mini-parallax_speed&quot;:&quot;inherit&quot;,&quot;parallax-container&quot;:&quot;.av-vl4ad-82c95956cd657f956e253d861aa82fb8&quot;}\"    ><p>\n<style type=\"text\/css\" data-created_by=\"avia_inline_auto\" id=\"style-css-av-2sm8t-697a975d020607e4cdb3586c5eceb5de\">\n#top .av-special-heading.av-2sm8t-697a975d020607e4cdb3586c5eceb5de{\npadding-bottom:10px;\ncolor:#ffffff;\nfont-size:40px;\n}\nbody .av-special-heading.av-2sm8t-697a975d020607e4cdb3586c5eceb5de .av-special-heading-tag .heading-char{\nfont-size:25px;\n}\n#top #wrap_all .av-special-heading.av-2sm8t-697a975d020607e4cdb3586c5eceb5de .av-special-heading-tag{\nfont-size:40px;\n}\n.av-special-heading.av-2sm8t-697a975d020607e4cdb3586c5eceb5de .special-heading-inner-border{\nborder-color:#ffffff;\n}\n.av-special-heading.av-2sm8t-697a975d020607e4cdb3586c5eceb5de .av-subheading{\nfont-size:20px;\n}\n\n@media only screen and (min-width: 480px) and (max-width: 767px){ \n#top #wrap_all .av-special-heading.av-2sm8t-697a975d020607e4cdb3586c5eceb5de .av-special-heading-tag{\nfont-size:0.8em;\n}\n}\n\n@media only screen and (max-width: 479px){ \n#top #wrap_all .av-special-heading.av-2sm8t-697a975d020607e4cdb3586c5eceb5de .av-special-heading-tag{\nfont-size:0.8em;\n}\n}\n<\/style>\n<div  class='av-special-heading av-2sm8t-697a975d020607e4cdb3586c5eceb5de av-special-heading-h3 custom-color-heading blockquote modern-quote  avia-builder-el-13  el_before_av_iconlist  avia-builder-el-first  av-inherit-size'><h3 class='av-special-heading-tag '  itemprop=\"headline\"  >Vous avez des questions ?  <br \/>Nous sommes l\u00e0 pour vous aider.<\/h3><div class='av_custom_color av-subheading av-subheading_below'><p>Votre contact Damiri Knapheide<\/p>\n<\/div><div class=\"special-heading-border\"><div class=\"special-heading-inner-border\"><\/div><\/div><\/div><br \/>\n\n<style type=\"text\/css\" data-created_by=\"avia_inline_auto\" id=\"style-css-av-kxe8t-5ffe5f6e7ea498d725e668fe721f6015\">\n#top .avia-icon-list-container.av-kxe8t-5ffe5f6e7ea498d725e668fe721f6015 .iconlist_icon{\ncolor:#ffffff;\n}\n#top #wrap_all .avia-icon-list-container.av-kxe8t-5ffe5f6e7ea498d725e668fe721f6015 .av_iconlist_title{\ncolor:#ffffff;\n}\n\n@media only screen and (max-width: 479px){ \n#top #wrap_all .avia-icon-list-container.av-kxe8t-5ffe5f6e7ea498d725e668fe721f6015 .av_iconlist_title{\nfont-size:20px;\n}\n}\n<\/style>\n<div  class='avia-icon-list-container av-kxe8t-5ffe5f6e7ea498d725e668fe721f6015  avia-builder-el-14  el_after_av_heading  avia-builder-el-last '><ul class='avia-icon-list avia_animate_when_almost_visible avia-icon-list-left av-iconlist-small av-kxe8t-5ffe5f6e7ea498d725e668fe721f6015 avia-iconlist-animate'>\n<li><div class='iconlist_icon av-dcixx-734ab43af138315aca9db275c4e94382 avia-font-entypo-fontello'><span class='iconlist-char' aria-hidden='true' data-av_icon='\ue854' data-av_iconfont='entypo-fontello'><\/span><\/div><article class=\"article-icon-entry av-iconlist-empty\"  itemscope=\"itemscope\" itemtype=\"https:\/\/schema.org\/CreativeWork\" ><div class=\"iconlist_content_wrap\"><header class=\"entry-content-header\" aria-label=\"Icon: &lt;a href=&#039;tel:+495316150330&#039; title=&#039;0531 \/ 6150330&#039;&gt;0531 \/ 6150330&lt;\/a&gt;\"><div class='av_iconlist_title iconlist_title_small  av_inherit_color'  itemprop=\"headline\" ><a href='tel:+495316150330' title='0531 \/ 6150330'>0531 \/ 6150330<\/a><\/div><\/header><div class='iconlist_content '  itemprop=\"text\" ><\/div><\/div><footer class=\"entry-footer\"><\/footer><\/article><div class=\"iconlist-timeline\"><\/div><\/li>\n<li><div class='iconlist_icon av-3dh1-68b8f6eb4bff8a0a56b77f53ddf8b4fa avia-font-entypo-fontello'><span class='iconlist-char' aria-hidden='true' data-av_icon='\ue805' data-av_iconfont='entypo-fontello'><\/span><\/div><article class=\"article-icon-entry av-iconlist-empty\"  itemscope=\"itemscope\" itemtype=\"https:\/\/schema.org\/CreativeWork\" ><div class=\"iconlist_content_wrap\"><header class=\"entry-content-header\" aria-label=\"Icon: &lt;a href=&#039;mailto:info@freie-akademie-bs.de&#039; title=&#039;info@freie-akademie-bs.de&#039;&gt;info@freie-akademie-bs.de&lt;\/a&gt;\"><div class='av_iconlist_title iconlist_title_small  av_inherit_color'  itemprop=\"headline\" ><a href='mailto:info@freie-akademie-bs.de' title='info@freie-akademie-bs.de'>info@freie-akademie-bs.de<\/a><\/div><\/header><div class='iconlist_content '  itemprop=\"text\" ><\/div><\/div><footer class=\"entry-footer\"><\/footer><\/article><div class=\"iconlist-timeline\"><\/div><\/li>\n<\/ul><\/div><\/p><\/div>\n","protected":false},"excerpt":{"rendered":"","protected":false},"author":1,"featured_media":0,"parent":0,"menu_order":0,"comment_status":"closed","ping_status":"closed","template":"","meta":{"footnotes":""},"class_list":["post-2097","page","type-page","status-publish","hentry"],"yoast_head":"<!-- This site is optimized with the Yoast SEO plugin v25.5 - https:\/\/yoast.com\/wordpress\/plugins\/seo\/ -->\n<title>Pr\u00e9paration aux examens pour les \u00e9l\u00e8ves - Freie Akademie Braunschweig<\/title>\n<meta name=\"robots\" content=\"index, follow, max-snippet:-1, max-image-preview:large, max-video-preview:-1\" \/>\n<link rel=\"canonical\" href=\"https:\/\/freie-akademie-bs.de\/fr\/preparation-aux-examens-pour-les-eleves\/\" \/>\n<meta property=\"og:locale\" content=\"fr_FR\" \/>\n<meta property=\"og:type\" content=\"article\" \/>\n<meta property=\"og:title\" content=\"Pr\u00e9paration aux examens pour les \u00e9l\u00e8ves - Freie Akademie Braunschweig\" \/>\n<meta property=\"og:url\" content=\"https:\/\/freie-akademie-bs.de\/fr\/preparation-aux-examens-pour-les-eleves\/\" \/>\n<meta property=\"og:site_name\" content=\"Freie Akademie Braunschweig\" \/>\n<meta property=\"article:modified_time\" content=\"2024-12-18T17:18:25+00:00\" \/>\n<meta name=\"twitter:card\" content=\"summary_large_image\" \/>\n<meta name=\"twitter:label1\" content=\"Dur\u00e9e de lecture estim\u00e9e\" \/>\n\t<meta name=\"twitter:data1\" content=\"16 minutes\" \/>\n<script type=\"application\/ld+json\" class=\"yoast-schema-graph\">{\"@context\":\"https:\/\/schema.org\",\"@graph\":[{\"@type\":\"WebPage\",\"@id\":\"https:\/\/freie-akademie-bs.de\/fr\/preparation-aux-examens-pour-les-eleves\/\",\"url\":\"https:\/\/freie-akademie-bs.de\/fr\/preparation-aux-examens-pour-les-eleves\/\",\"name\":\"Pr\u00e9paration aux examens pour les \u00e9l\u00e8ves - Freie Akademie Braunschweig\",\"isPartOf\":{\"@id\":\"https:\/\/freie-akademie-bs.de\/#website\"},\"datePublished\":\"2024-11-15T19:10:02+00:00\",\"dateModified\":\"2024-12-18T17:18:25+00:00\",\"breadcrumb\":{\"@id\":\"https:\/\/freie-akademie-bs.de\/fr\/preparation-aux-examens-pour-les-eleves\/#breadcrumb\"},\"inLanguage\":\"fr-FR\",\"potentialAction\":[{\"@type\":\"ReadAction\",\"target\":[\"https:\/\/freie-akademie-bs.de\/fr\/preparation-aux-examens-pour-les-eleves\/\"]}]},{\"@type\":\"BreadcrumbList\",\"@id\":\"https:\/\/freie-akademie-bs.de\/fr\/preparation-aux-examens-pour-les-eleves\/#breadcrumb\",\"itemListElement\":[{\"@type\":\"ListItem\",\"position\":1,\"name\":\"Startseite\",\"item\":\"https:\/\/freie-akademie-bs.de\/fr\/page-daccueil\/\"},{\"@type\":\"ListItem\",\"position\":2,\"name\":\"Pr\u00e9paration aux examens pour les \u00e9l\u00e8ves\"}]},{\"@type\":\"WebSite\",\"@id\":\"https:\/\/freie-akademie-bs.de\/#website\",\"url\":\"https:\/\/freie-akademie-bs.de\/\",\"name\":\"Freie Akademie Braunschweig\",\"description\":\"Ihre regionale Sprachschule\",\"potentialAction\":[{\"@type\":\"SearchAction\",\"target\":{\"@type\":\"EntryPoint\",\"urlTemplate\":\"https:\/\/freie-akademie-bs.de\/?s={search_term_string}\"},\"query-input\":{\"@type\":\"PropertyValueSpecification\",\"valueRequired\":true,\"valueName\":\"search_term_string\"}}],\"inLanguage\":\"fr-FR\"}]}<\/script>\n<!-- \/ Yoast SEO plugin. -->","yoast_head_json":{"title":"Pr\u00e9paration aux examens pour les \u00e9l\u00e8ves - Freie Akademie Braunschweig","robots":{"index":"index","follow":"follow","max-snippet":"max-snippet:-1","max-image-preview":"max-image-preview:large","max-video-preview":"max-video-preview:-1"},"canonical":"https:\/\/freie-akademie-bs.de\/fr\/preparation-aux-examens-pour-les-eleves\/","og_locale":"fr_FR","og_type":"article","og_title":"Pr\u00e9paration aux examens pour les \u00e9l\u00e8ves - Freie Akademie Braunschweig","og_url":"https:\/\/freie-akademie-bs.de\/fr\/preparation-aux-examens-pour-les-eleves\/","og_site_name":"Freie Akademie Braunschweig","article_modified_time":"2024-12-18T17:18:25+00:00","twitter_card":"summary_large_image","twitter_misc":{"Dur\u00e9e de lecture estim\u00e9e":"16 minutes"},"schema":{"@context":"https:\/\/schema.org","@graph":[{"@type":"WebPage","@id":"https:\/\/freie-akademie-bs.de\/fr\/preparation-aux-examens-pour-les-eleves\/","url":"https:\/\/freie-akademie-bs.de\/fr\/preparation-aux-examens-pour-les-eleves\/","name":"Pr\u00e9paration aux examens pour les \u00e9l\u00e8ves - Freie Akademie Braunschweig","isPartOf":{"@id":"https:\/\/freie-akademie-bs.de\/#website"},"datePublished":"2024-11-15T19:10:02+00:00","dateModified":"2024-12-18T17:18:25+00:00","breadcrumb":{"@id":"https:\/\/freie-akademie-bs.de\/fr\/preparation-aux-examens-pour-les-eleves\/#breadcrumb"},"inLanguage":"fr-FR","potentialAction":[{"@type":"ReadAction","target":["https:\/\/freie-akademie-bs.de\/fr\/preparation-aux-examens-pour-les-eleves\/"]}]},{"@type":"BreadcrumbList","@id":"https:\/\/freie-akademie-bs.de\/fr\/preparation-aux-examens-pour-les-eleves\/#breadcrumb","itemListElement":[{"@type":"ListItem","position":1,"name":"Startseite","item":"https:\/\/freie-akademie-bs.de\/fr\/page-daccueil\/"},{"@type":"ListItem","position":2,"name":"Pr\u00e9paration aux examens pour les \u00e9l\u00e8ves"}]},{"@type":"WebSite","@id":"https:\/\/freie-akademie-bs.de\/#website","url":"https:\/\/freie-akademie-bs.de\/","name":"Freie Akademie Braunschweig","description":"Ihre regionale Sprachschule","potentialAction":[{"@type":"SearchAction","target":{"@type":"EntryPoint","urlTemplate":"https:\/\/freie-akademie-bs.de\/?s={search_term_string}"},"query-input":{"@type":"PropertyValueSpecification","valueRequired":true,"valueName":"search_term_string"}}],"inLanguage":"fr-FR"}]}},"_links":{"self":[{"href":"https:\/\/freie-akademie-bs.de\/fr\/wp-json\/wp\/v2\/pages\/2097","targetHints":{"allow":["GET"]}}],"collection":[{"href":"https:\/\/freie-akademie-bs.de\/fr\/wp-json\/wp\/v2\/pages"}],"about":[{"href":"https:\/\/freie-akademie-bs.de\/fr\/wp-json\/wp\/v2\/types\/page"}],"author":[{"embeddable":true,"href":"https:\/\/freie-akademie-bs.de\/fr\/wp-json\/wp\/v2\/users\/1"}],"replies":[{"embeddable":true,"href":"https:\/\/freie-akademie-bs.de\/fr\/wp-json\/wp\/v2\/comments?post=2097"}],"version-history":[{"count":2,"href":"https:\/\/freie-akademie-bs.de\/fr\/wp-json\/wp\/v2\/pages\/2097\/revisions"}],"predecessor-version":[{"id":2099,"href":"https:\/\/freie-akademie-bs.de\/fr\/wp-json\/wp\/v2\/pages\/2097\/revisions\/2099"}],"wp:attachment":[{"href":"https:\/\/freie-akademie-bs.de\/fr\/wp-json\/wp\/v2\/media?parent=2097"}],"curies":[{"name":"wp","href":"https:\/\/api.w.org\/{rel}","templated":true}]}}