{"id":1573,"date":"2024-11-14T20:37:05","date_gmt":"2024-11-14T19:37:05","guid":{"rendered":"https:\/\/freie-akademie-bs.de\/soutien-a-lapprentissage\/"},"modified":"2024-12-10T11:02:52","modified_gmt":"2024-12-10T10:02:52","slug":"soutien-a-lapprentissage","status":"publish","type":"page","link":"https:\/\/freie-akademie-bs.de\/fr\/soutien-a-lapprentissage\/","title":{"rendered":"Soutien \u00e0 l&rsquo;apprentissage"},"content":{"rendered":"<div id='full_slider_1'  class='avia-fullwidth-slider main_color avia-shadow   avia-builder-el-0  el_before_av_section  avia-builder-el-first   container_wrap sidebar_right'  >\n<style type=\"text\/css\" data-created_by=\"avia_inline_auto\" id=\"style-css-av-m3hr4pn9-d2a8f1966a40c0b2208360b02d072c47\">\n#top #wrap_all .avia-slideshow .av-slideshow-caption.av-m3hr4pn9-d2a8f1966a40c0b2208360b02d072c47__0 .avia-caption-title{\nfont-size:60px;\n}\n\n@media only screen and (max-width: 479px){ \n#top #wrap_all .avia-slideshow .av-slideshow-caption.av-m3hr4pn9-d2a8f1966a40c0b2208360b02d072c47__0 .avia-caption-title{\nfont-size:35px;\n}\n}\n<\/style>\n<div  class='avia-slideshow av-m3hr4pn9-d2a8f1966a40c0b2208360b02d072c47 avia-slideshow-featured av_slideshow_full avia-fade-slider av-slideshow-ui av-control-hidden av-no-slider-navigation av-hide-nav-arrows av-slideshow-autoplay av-loop-endless av-loop-manual-endless av-default-height-applied   avia-slideshow-1' data-slideshow-options=\"{&quot;animation&quot;:&quot;fade&quot;,&quot;autoplay&quot;:true,&quot;loop_autoplay&quot;:&quot;endless&quot;,&quot;interval&quot;:3,&quot;loop_manual&quot;:&quot;manual-endless&quot;,&quot;autoplay_stopper&quot;:false,&quot;noNavigation&quot;:true,&quot;bg_slider&quot;:false,&quot;keep_padding&quot;:false,&quot;hoverpause&quot;:false,&quot;show_slide_delay&quot;:0}\"  itemprop=\"image\" itemscope=\"itemscope\" itemtype=\"https:\/\/schema.org\/ImageObject\" ><ul class='avia-slideshow-inner ' style='padding-bottom: 28.6666666667%;'><li  class='avia-slideshow-slide av-m3hr4pn9-d2a8f1966a40c0b2208360b02d072c47__0  av-single-slide slide-1 slide-odd'><div data-rel='slideshow-1' class='avia-slide-wrap '   ><img decoding=\"async\" fetchpriority=\"high\" class=\"wp-image-824 avia-img-lazy-loading-not-824\"  src=\"https:\/\/freie-akademie-bs.de\/wp-content\/uploads\/2024\/11\/Freie-Akademie-Braunschweig-Lernfoerderung-Header-1500x430.jpg\" width=\"1500\" height=\"430\" title='Freie-Akademie-Braunschweig-Lernfo\u0308rderung-Header' alt=''  itemprop=\"thumbnailUrl\"  style='min-height:300px; min-width:1047px; ' \/><\/div><\/li><\/ul><div class='av-slideshow-caption av-m3hr4pn9-d2a8f1966a40c0b2208360b02d072c47__0 caption_fullwidth caption_center'><div class=\"container caption_container\"><div class=\"slideshow_caption\"><div class=\"slideshow_inner_caption\"><div class=\"slideshow_align_caption\"><h2 class='avia-caption-title '  itemprop=\"name\" >Apprendre avec clart\u00e9, comprendre &lt;br&gt;avec plaisir.<\/h2><\/div><\/div><\/div><\/div><\/div><\/div><\/div>\n<div id='av_section_1'  class='avia-section av-aicbyq-a10dffa8de183c5e57133f7780017a3b main_color avia-section-default avia-no-border-styling  avia-builder-el-1  el_after_av_slideshow_full  el_before_av_section  avia-bg-style-scroll container_wrap sidebar_right'  ><div class='container av-section-cont-open' ><div class='template-page content  av-content-small alpha units'><div class='post-entry post-entry-type-page post-entry-1573'><div class='entry-content-wrapper clearfix'>\n\n<style type=\"text\/css\" data-created_by=\"avia_inline_auto\" id=\"style-css-av-m3hr4wks-817dfb5aa7aa2c6cba1dde12473b1bd5\">\n#top .av-special-heading.av-m3hr4wks-817dfb5aa7aa2c6cba1dde12473b1bd5{\npadding-bottom:10px;\nfont-size:40px;\n}\nbody .av-special-heading.av-m3hr4wks-817dfb5aa7aa2c6cba1dde12473b1bd5 .av-special-heading-tag .heading-char{\nfont-size:25px;\n}\n#top #wrap_all .av-special-heading.av-m3hr4wks-817dfb5aa7aa2c6cba1dde12473b1bd5 .av-special-heading-tag{\nfont-size:40px;\n}\n.av-special-heading.av-m3hr4wks-817dfb5aa7aa2c6cba1dde12473b1bd5 .av-subheading{\nfont-size:15px;\n}\n\n@media only screen and (min-width: 480px) and (max-width: 767px){ \n#top #wrap_all .av-special-heading.av-m3hr4wks-817dfb5aa7aa2c6cba1dde12473b1bd5 .av-special-heading-tag{\nfont-size:0.8em;\n}\n}\n\n@media only screen and (max-width: 479px){ \n#top #wrap_all .av-special-heading.av-m3hr4wks-817dfb5aa7aa2c6cba1dde12473b1bd5 .av-special-heading-tag{\nfont-size:0.8em;\n}\n}\n<\/style>\n<div  class='av-special-heading av-m3hr4wks-817dfb5aa7aa2c6cba1dde12473b1bd5 av-special-heading-h1 blockquote modern-quote  avia-builder-el-2  el_before_av_one_full  avia-builder-el-first  av-inherit-size'><h1 class='av-special-heading-tag '  itemprop=\"headline\"  >Soutien scolaire \u00e0 Braunschweig<\/h1><div class=\"special-heading-border\"><div class=\"special-heading-inner-border\"><\/div><\/div><\/div>\n<div  class='flex_column av-aduyju-a6187fa63a5d3e82217c9be2c83d2e44 av_one_full  avia-builder-el-3  el_after_av_heading  avia-builder-el-last  first flex_column_div  '     ><section  class='av_textblock_section av-m3hr55nr-5133efa67d1d201cf4d9011f4c8b018d '   itemscope=\"itemscope\" itemtype=\"https:\/\/schema.org\/CreativeWork\" ><div class='avia_textblock'  itemprop=\"text\" ><p>Votre enfant ne peut se concentrer intens\u00e9ment que lorsqu&rsquo;il joue ou qu&rsquo;il est devant l&rsquo;ordinateur ? Mais \u00e0 l&rsquo;\u00e9cole ou pour les devoirs, c&rsquo;est tout autre chose ? De nombreux enfants doivent apprendre \u00e0 se concentrer sur des activit\u00e9s inint\u00e9ressantes, comme c&rsquo;est le cas en classe ou pour les devoirs.    <strong>Notre soutien \u00e0 l&rsquo;apprentissage s&rsquo;adresse principalement aux enfants d&rsquo;\u00e2ge pr\u00e9scolaire et primaire.<\/strong><\/p>\n<\/div><\/section><\/div>\n\n<\/div><\/div><\/div><!-- close content main div --><\/div><\/div><div id='av_section_2'  class='avia-section av-8icq2-f17275d82dad5dd7ef9adfba21f8376c main_color avia-section-default avia-no-border-styling  avia-builder-el-5  el_after_av_section  el_before_av_one_full  avia-bg-style-scroll container_wrap sidebar_right'  ><div class='container av-section-cont-open' ><div class='template-page content  av-content-small alpha units'><div class='post-entry post-entry-type-page post-entry-1573'><div class='entry-content-wrapper clearfix'>\n\n<style type=\"text\/css\" data-created_by=\"avia_inline_auto\" id=\"style-css-av-29pvky-7adbeb03e5ee0f4bf25dc89112ad0239\">\n#top .av-special-heading.av-29pvky-7adbeb03e5ee0f4bf25dc89112ad0239{\npadding-bottom:10px;\nfont-size:40px;\n}\nbody .av-special-heading.av-29pvky-7adbeb03e5ee0f4bf25dc89112ad0239 .av-special-heading-tag .heading-char{\nfont-size:25px;\n}\n#top #wrap_all .av-special-heading.av-29pvky-7adbeb03e5ee0f4bf25dc89112ad0239 .av-special-heading-tag{\nfont-size:40px;\n}\n.av-special-heading.av-29pvky-7adbeb03e5ee0f4bf25dc89112ad0239 .av-subheading{\nfont-size:20px;\n}\n\n@media only screen and (min-width: 480px) and (max-width: 767px){ \n#top #wrap_all .av-special-heading.av-29pvky-7adbeb03e5ee0f4bf25dc89112ad0239 .av-special-heading-tag{\nfont-size:0.8em;\n}\n}\n\n@media only screen and (max-width: 479px){ \n#top #wrap_all .av-special-heading.av-29pvky-7adbeb03e5ee0f4bf25dc89112ad0239 .av-special-heading-tag{\nfont-size:0.8em;\n}\n}\n<\/style>\n<div  class='av-special-heading av-29pvky-7adbeb03e5ee0f4bf25dc89112ad0239 av-special-heading-h3 blockquote modern-quote  avia-builder-el-6  el_before_av_one_third  avia-builder-el-first  av-inherit-size'><h3 class='av-special-heading-tag '  itemprop=\"headline\"  >Nos domaines de soutien<\/h3><div class='av-subheading av-subheading_below'><p>Le libre passage entre les trois domaines permet un apprentissage individuel au sein du groupe et une promotion cibl\u00e9e des int\u00e9r\u00eats individuels.<\/p>\n<\/div><div class=\"special-heading-border\"><div class=\"special-heading-inner-border\"><\/div><\/div><\/div>\n<div class='flex_column_table av-21mtyi-2f99dd46b7412c602d6a9be4404fd78d sc-av_one_third av-equal-height-column-flextable'>\n<style type=\"text\/css\" data-created_by=\"avia_inline_auto\" id=\"style-css-av-21mtyi-2f99dd46b7412c602d6a9be4404fd78d\">\n.flex_column.av-21mtyi-2f99dd46b7412c602d6a9be4404fd78d{\npadding:20px 20px 20px 20px;\nbackground-color:#ebebeb;\n}\n<\/style>\n<div  class='flex_column av-21mtyi-2f99dd46b7412c602d6a9be4404fd78d av_one_third  avia-builder-el-7  el_after_av_heading  el_before_av_one_third  first flex_column_table_cell av-equal-height-column av-align-middle av-animated-generic pop-up  '     ><p>\n<style type=\"text\/css\" data-created_by=\"avia_inline_auto\" id=\"style-css-av-1v5cv6-ba6b2bdf25aaaa6e5cff8f8a7b4e5bbd\">\n.av_font_icon.av-1v5cv6-ba6b2bdf25aaaa6e5cff8f8a7b4e5bbd{\ncolor:#0067b1;\nborder-color:#0067b1;\n}\n.av_font_icon.av-1v5cv6-ba6b2bdf25aaaa6e5cff8f8a7b4e5bbd .av-icon-char{\nfont-size:50px;\nline-height:50px;\n}\n<\/style>\n<span  class='av_font_icon av-1v5cv6-ba6b2bdf25aaaa6e5cff8f8a7b4e5bbd avia_animate_when_visible av-icon-style- avia-icon-pos-left avia-icon-animate'><span class='av-icon-char' aria-hidden='true' data-av_icon='\ue84f' data-av_iconfont='entypo-fontello' ><\/span><\/span><br \/>\n\n<style type=\"text\/css\" data-created_by=\"avia_inline_auto\" id=\"style-css-av-1pswmi-e2270a1b664269685fbee62ecc215443\">\n#top .hr.hr-invisible.av-1pswmi-e2270a1b664269685fbee62ecc215443{\nheight:30px;\n}\n<\/style>\n<div  class='hr av-1pswmi-e2270a1b664269685fbee62ecc215443 hr-invisible  avia-builder-el-9  el_after_av_font_icon  el_before_av_textblock '><span class='hr-inner '><span class=\"hr-inner-style\"><\/span><\/span><\/div><br \/>\n<section  class='av_textblock_section av-1m2402-7382500423b05e9ff6033835224a26c1 '   itemscope=\"itemscope\" itemtype=\"https:\/\/schema.org\/CreativeWork\" ><div class='avia_textblock'  itemprop=\"text\" ><h3>Promotion orient\u00e9e vers les professionnels<\/h3>\n<p>  Maths, anglais ou allemand &#8211; votre enfant est initi\u00e9 aux premi\u00e8res t\u00e2ches d&rsquo;apprentissage de mani\u00e8re ludique par le professeur qui l&rsquo;encadre.<\/p>\n<\/div><\/section><\/p><\/div><div class='av-flex-placeholder'><\/div>\n<style type=\"text\/css\" data-created_by=\"avia_inline_auto\" id=\"style-css-av-1g0aya-b4818a5efd1aff148482a14716b44948\">\n.flex_column.av-1g0aya-b4818a5efd1aff148482a14716b44948{\ntransform:scale(1.1);\nz-index:5;\npadding:20px 20px 20px 20px;\nbackground-color:#ebebeb;\n}\n<\/style>\n<div  class='flex_column av-1g0aya-b4818a5efd1aff148482a14716b44948 av_one_third  avia-builder-el-11  el_after_av_one_third  el_before_av_one_third  flex_column_table_cell av-equal-height-column av-align-middle av-animated-generic pop-up  '     ><p>\n<style type=\"text\/css\" data-created_by=\"avia_inline_auto\" id=\"style-css-av-16ti02-24d2402d329be016604d303a96761882\">\n.av_font_icon.av-16ti02-24d2402d329be016604d303a96761882{\ncolor:#0067b1;\nborder-color:#0067b1;\n}\n.av_font_icon.av-16ti02-24d2402d329be016604d303a96761882 .av-icon-char{\nfont-size:50px;\nline-height:50px;\n}\n<\/style>\n<span  class='av_font_icon av-16ti02-24d2402d329be016604d303a96761882 avia_animate_when_visible av-icon-style- avia-icon-pos-left avia-icon-animate'><span class='av-icon-char' aria-hidden='true' data-av_icon='\ue836' data-av_iconfont='entypo-fontello' ><\/span><\/span><br \/>\n\n<style type=\"text\/css\" data-created_by=\"avia_inline_auto\" id=\"style-css-av-13axoa-9458aed2be8026df94c2200596588ee3\">\n#top .hr.hr-invisible.av-13axoa-9458aed2be8026df94c2200596588ee3{\nheight:30px;\n}\n<\/style>\n<div  class='hr av-13axoa-9458aed2be8026df94c2200596588ee3 hr-invisible  avia-builder-el-13  el_after_av_font_icon  el_before_av_textblock '><span class='hr-inner '><span class=\"hr-inner-style\"><\/span><\/span><\/div><br \/>\n<section  class='av_textblock_section av-yioaa-3414e4f16c501ac10d8522a6c983a939 '   itemscope=\"itemscope\" itemtype=\"https:\/\/schema.org\/CreativeWork\" ><div class='avia_textblock'  itemprop=\"text\" ><h3>D\u00e9veloppement de la motricit\u00e9 fine<\/h3>\n<p>  En cr\u00e9ant librement avec diff\u00e9rents mat\u00e9riaux, votre enfant acquiert les bases du travail artistique et peut d\u00e9velopper ses comp\u00e9tences existantes.<\/p>\n<\/div><\/section><\/p><\/div><div class='av-flex-placeholder'><\/div>\n<style type=\"text\/css\" data-created_by=\"avia_inline_auto\" id=\"style-css-av-omd4i-8f6f5d15c399d07b76e9e397c1ed8a91\">\n.flex_column.av-omd4i-8f6f5d15c399d07b76e9e397c1ed8a91{\npadding:20px 20px 20px 20px;\nbackground-color:#ebebeb;\n}\n<\/style>\n<div  class='flex_column av-omd4i-8f6f5d15c399d07b76e9e397c1ed8a91 av_one_third  avia-builder-el-15  el_after_av_one_third  avia-builder-el-last  flex_column_table_cell av-equal-height-column av-align-middle av-animated-generic pop-up  '     ><p>\n<style type=\"text\/css\" data-created_by=\"avia_inline_auto\" id=\"style-css-av-n9pky-c15f6c380181f3a2c68ad30e29beb4f8\">\n.av_font_icon.av-n9pky-c15f6c380181f3a2c68ad30e29beb4f8{\ncolor:#0067b1;\nborder-color:#0067b1;\n}\n.av_font_icon.av-n9pky-c15f6c380181f3a2c68ad30e29beb4f8 .av-icon-char{\nfont-size:50px;\nline-height:50px;\n}\n<\/style>\n<span  class='av_font_icon av-n9pky-c15f6c380181f3a2c68ad30e29beb4f8 avia_animate_when_visible av-icon-style- avia-icon-pos-left avia-icon-animate'><span class='av-icon-char' aria-hidden='true' data-av_icon='\ue806' data-av_iconfont='entypo-fontello' ><\/span><\/span><br \/>\n\n<style type=\"text\/css\" data-created_by=\"avia_inline_auto\" id=\"style-css-av-ghspu-3f9a8558c84aa1a18d6e59f547912f75\">\n#top .hr.hr-invisible.av-ghspu-3f9a8558c84aa1a18d6e59f547912f75{\nheight:30px;\n}\n<\/style>\n<div  class='hr av-ghspu-3f9a8558c84aa1a18d6e59f547912f75 hr-invisible  avia-builder-el-17  el_after_av_font_icon  el_before_av_textblock '><span class='hr-inner '><span class=\"hr-inner-style\"><\/span><\/span><\/div><br \/>\n<section  class='av_textblock_section av-8ls6i-85c4b301ca0dd1b5b79fa161cfb74345 '   itemscope=\"itemscope\" itemtype=\"https:\/\/schema.org\/CreativeWork\" ><div class='avia_textblock'  itemprop=\"text\" ><h3>Espace d&rsquo;apprentissage et de jeu libre<\/h3>\n<p>  Diff\u00e9rents jeux \u00e9ducatifs permettent \u00e0 votre enfant, dans le cadre d&rsquo;une comp\u00e9tition ludique ou avec d&rsquo;autres, de trouver des solutions cr\u00e9atives \u00e0 des probl\u00e8mes, de g\u00e9rer les r\u00e8gles du jeu et d&rsquo;approfondir des comp\u00e9tences techniques.<\/p>\n<\/div><\/section><\/p><\/div><\/div><!--close column table wrapper. Autoclose: 1 -->\n<\/div><\/div><\/div><!-- close content main div --><\/div><\/div><div id='after_section_2'  class='main_color av_default_container_wrap container_wrap sidebar_right'  ><div class='container av-section-cont-open' ><div class='template-page content  av-content-small alpha units'><div class='post-entry post-entry-type-page post-entry-1573'><div class='entry-content-wrapper clearfix'>\n\n<style type=\"text\/css\" data-created_by=\"avia_inline_auto\" id=\"style-css-av-xmkf6-9bb18737dd5900804da2df8a12ebad5c\">\n#top .flex_column.av-xmkf6-9bb18737dd5900804da2df8a12ebad5c{\nmargin-top:100px;\n}\n.flex_column.av-xmkf6-9bb18737dd5900804da2df8a12ebad5c{\nborder-radius:50px 50px 50px 50px;\npadding:80px 80px 80px 80px;\nbackground-color:#0067b1;\n}\n.responsive #top #wrap_all .flex_column.av-xmkf6-9bb18737dd5900804da2df8a12ebad5c{\nmargin-top:100px;\n}\n\n@media only screen and (min-width: 480px) and (max-width: 767px){ \n.flex_column.av-xmkf6-9bb18737dd5900804da2df8a12ebad5c{\npadding:0px 0px 0px 0px;\n}\n}\n\n@media only screen and (max-width: 479px){ \n.flex_column.av-xmkf6-9bb18737dd5900804da2df8a12ebad5c{\npadding:70px 20px 70px 20px;\n}\n}\n<\/style>\n<div  class='flex_column av-xmkf6-9bb18737dd5900804da2df8a12ebad5c av_one_full  avia-builder-el-19  el_after_av_section  avia-builder-el-no-sibling  first flex_column_div av-animated-generic bottom-to-top av-parallax-object avia-full-stretch  ' data-parallax=\"{&quot;parallax&quot;:&quot;bottom_top&quot;,&quot;parallax_speed&quot;:&quot;10&quot;,&quot;av-desktop-parallax&quot;:&quot;inherit&quot;,&quot;av-desktop-parallax_speed&quot;:&quot;inherit&quot;,&quot;av-medium-parallax&quot;:&quot;inherit&quot;,&quot;av-medium-parallax_speed&quot;:&quot;inherit&quot;,&quot;av-small-parallax&quot;:&quot;inherit&quot;,&quot;av-small-parallax_speed&quot;:&quot;inherit&quot;,&quot;av-mini-parallax&quot;:&quot;inherit&quot;,&quot;av-mini-parallax_speed&quot;:&quot;inherit&quot;,&quot;parallax-container&quot;:&quot;.av-xmkf6-9bb18737dd5900804da2df8a12ebad5c&quot;}\"    ><p>\n<style type=\"text\/css\" data-created_by=\"avia_inline_auto\" id=\"style-css-av-sakdu-74c2fdeddae8b25ddbecbbb4b2ec5967\">\n#top .av-special-heading.av-sakdu-74c2fdeddae8b25ddbecbbb4b2ec5967{\npadding-bottom:10px;\ncolor:#ffffff;\nfont-size:40px;\n}\nbody .av-special-heading.av-sakdu-74c2fdeddae8b25ddbecbbb4b2ec5967 .av-special-heading-tag .heading-char{\nfont-size:25px;\n}\n#top #wrap_all .av-special-heading.av-sakdu-74c2fdeddae8b25ddbecbbb4b2ec5967 .av-special-heading-tag{\nfont-size:40px;\n}\n.av-special-heading.av-sakdu-74c2fdeddae8b25ddbecbbb4b2ec5967 .special-heading-inner-border{\nborder-color:#ffffff;\n}\n.av-special-heading.av-sakdu-74c2fdeddae8b25ddbecbbb4b2ec5967 .av-subheading{\nfont-size:20px;\n}\n\n@media only screen and (min-width: 480px) and (max-width: 767px){ \n#top #wrap_all .av-special-heading.av-sakdu-74c2fdeddae8b25ddbecbbb4b2ec5967 .av-special-heading-tag{\nfont-size:0.8em;\n}\n}\n\n@media only screen and (max-width: 479px){ \n#top #wrap_all .av-special-heading.av-sakdu-74c2fdeddae8b25ddbecbbb4b2ec5967 .av-special-heading-tag{\nfont-size:0.8em;\n}\n}\n<\/style>\n<div  class='av-special-heading av-sakdu-74c2fdeddae8b25ddbecbbb4b2ec5967 av-special-heading-h3 custom-color-heading blockquote modern-quote  avia-builder-el-20  el_before_av_iconlist  avia-builder-el-first  av-inherit-size'><h3 class='av-special-heading-tag '  itemprop=\"headline\"  >Vous avez des questions ?  <br \/>Nous sommes l\u00e0 pour vous aider.<\/h3><div class='av_custom_color av-subheading av-subheading_below'><p>Votre contact Damiri Knapheide<\/p>\n<\/div><div class=\"special-heading-border\"><div class=\"special-heading-inner-border\"><\/div><\/div><\/div><br \/>\n\n<style type=\"text\/css\" data-created_by=\"avia_inline_auto\" id=\"style-css-av-273ea-12fb980f24f07caa79f87471beeb2819\">\n#top .avia-icon-list-container.av-273ea-12fb980f24f07caa79f87471beeb2819 .iconlist_icon{\ncolor:#ffffff;\n}\n#top #wrap_all .avia-icon-list-container.av-273ea-12fb980f24f07caa79f87471beeb2819 .av_iconlist_title{\ncolor:#ffffff;\n}\n\n@media only screen and (max-width: 479px){ \n#top #wrap_all .avia-icon-list-container.av-273ea-12fb980f24f07caa79f87471beeb2819 .av_iconlist_title{\nfont-size:20px;\n}\n}\n<\/style>\n<div  class='avia-icon-list-container av-273ea-12fb980f24f07caa79f87471beeb2819  avia-builder-el-21  el_after_av_heading  avia-builder-el-last '><ul class='avia-icon-list avia_animate_when_almost_visible avia-icon-list-left av-iconlist-small av-273ea-12fb980f24f07caa79f87471beeb2819 avia-iconlist-animate'>\n<li><div class='iconlist_icon av-hg0yy-78eef1436712b993d36a3bbae23e1b8e avia-font-entypo-fontello'><span class='iconlist-char' aria-hidden='true' data-av_icon='\ue854' data-av_iconfont='entypo-fontello'><\/span><\/div><article class=\"article-icon-entry av-iconlist-empty\"  itemscope=\"itemscope\" itemtype=\"https:\/\/schema.org\/CreativeWork\" ><div class=\"iconlist_content_wrap\"><header class=\"entry-content-header\" aria-label=\"Icon: &lt;a href=&#039;tel:+495316150330&#039; title=&#039;0531 \/ 6150330&#039;&gt;0531 \/ 6150330&lt;\/a&gt;\"><div class='av_iconlist_title iconlist_title_small  av_inherit_color'  itemprop=\"headline\" ><a href='tel:+495316150330' title='0531 \/ 6150330'>0531 \/ 6150330<\/a><\/div><\/header><div class='iconlist_content '  itemprop=\"text\" ><\/div><\/div><footer class=\"entry-footer\"><\/footer><\/article><div class=\"iconlist-timeline\"><\/div><\/li>\n<li><div class='iconlist_icon av-15kbe-a87d23fe015a59b0b75b5b737b1dd542 avia-font-entypo-fontello'><span class='iconlist-char' aria-hidden='true' data-av_icon='\ue805' data-av_iconfont='entypo-fontello'><\/span><\/div><article class=\"article-icon-entry av-iconlist-empty\"  itemscope=\"itemscope\" itemtype=\"https:\/\/schema.org\/CreativeWork\" ><div class=\"iconlist_content_wrap\"><header class=\"entry-content-header\" aria-label=\"Icon: &lt;a href=&#039;mailto:info@freie-akademie-bs.de&#039; title=&#039;info@freie-akademie-bs.de&#039;&gt;info@freie-akademie-bs.de&lt;\/a&gt;\"><div class='av_iconlist_title iconlist_title_small  av_inherit_color'  itemprop=\"headline\" ><a href='mailto:info@freie-akademie-bs.de' title='info@freie-akademie-bs.de'>info@freie-akademie-bs.de<\/a><\/div><\/header><div class='iconlist_content '  itemprop=\"text\" ><\/div><\/div><footer class=\"entry-footer\"><\/footer><\/article><div class=\"iconlist-timeline\"><\/div><\/li>\n<\/ul><\/div><\/p><\/div>\n","protected":false},"excerpt":{"rendered":"","protected":false},"author":1,"featured_media":0,"parent":0,"menu_order":0,"comment_status":"closed","ping_status":"closed","template":"","meta":{"footnotes":""},"class_list":["post-1573","page","type-page","status-publish","hentry"],"yoast_head":"<!-- This site is optimized with the Yoast SEO plugin v25.5 - https:\/\/yoast.com\/wordpress\/plugins\/seo\/ -->\n<title>Soutien \u00e0 l&#039;apprentissage - Freie Akademie Braunschweig<\/title>\n<meta name=\"robots\" content=\"index, follow, max-snippet:-1, max-image-preview:large, max-video-preview:-1\" \/>\n<link rel=\"canonical\" href=\"https:\/\/freie-akademie-bs.de\/lernfoerderung\/\" \/>\n<meta property=\"og:locale\" content=\"fr_FR\" \/>\n<meta property=\"og:type\" content=\"article\" \/>\n<meta property=\"og:title\" content=\"Soutien \u00e0 l&#039;apprentissage - Freie Akademie Braunschweig\" \/>\n<meta property=\"og:url\" content=\"https:\/\/freie-akademie-bs.de\/lernfoerderung\/\" \/>\n<meta property=\"og:site_name\" content=\"Freie Akademie Braunschweig\" \/>\n<meta property=\"article:modified_time\" content=\"2024-12-10T10:02:52+00:00\" \/>\n<meta name=\"twitter:card\" content=\"summary_large_image\" \/>\n<meta name=\"twitter:label1\" content=\"Dur\u00e9e de lecture estim\u00e9e\" \/>\n\t<meta name=\"twitter:data1\" content=\"26 minutes\" \/>\n<script type=\"application\/ld+json\" class=\"yoast-schema-graph\">{\"@context\":\"https:\/\/schema.org\",\"@graph\":[{\"@type\":\"WebPage\",\"@id\":\"https:\/\/freie-akademie-bs.de\/lernfoerderung\/\",\"url\":\"https:\/\/freie-akademie-bs.de\/lernfoerderung\/\",\"name\":\"Soutien \u00e0 l'apprentissage - Freie Akademie Braunschweig\",\"isPartOf\":{\"@id\":\"https:\/\/freie-akademie-bs.de\/#website\"},\"datePublished\":\"2024-11-14T19:37:05+00:00\",\"dateModified\":\"2024-12-10T10:02:52+00:00\",\"breadcrumb\":{\"@id\":\"https:\/\/freie-akademie-bs.de\/lernfoerderung\/#breadcrumb\"},\"inLanguage\":\"fr-FR\",\"potentialAction\":[{\"@type\":\"ReadAction\",\"target\":[\"https:\/\/freie-akademie-bs.de\/lernfoerderung\/\"]}]},{\"@type\":\"BreadcrumbList\",\"@id\":\"https:\/\/freie-akademie-bs.de\/lernfoerderung\/#breadcrumb\",\"itemListElement\":[{\"@type\":\"ListItem\",\"position\":1,\"name\":\"Startseite\",\"item\":\"https:\/\/freie-akademie-bs.de\/fr\/page-daccueil\/\"},{\"@type\":\"ListItem\",\"position\":2,\"name\":\"Soutien \u00e0 l&#8217;apprentissage\"}]},{\"@type\":\"WebSite\",\"@id\":\"https:\/\/freie-akademie-bs.de\/#website\",\"url\":\"https:\/\/freie-akademie-bs.de\/\",\"name\":\"Freie Akademie Braunschweig\",\"description\":\"Ihre regionale Sprachschule\",\"potentialAction\":[{\"@type\":\"SearchAction\",\"target\":{\"@type\":\"EntryPoint\",\"urlTemplate\":\"https:\/\/freie-akademie-bs.de\/?s={search_term_string}\"},\"query-input\":{\"@type\":\"PropertyValueSpecification\",\"valueRequired\":true,\"valueName\":\"search_term_string\"}}],\"inLanguage\":\"fr-FR\"}]}<\/script>\n<!-- \/ Yoast SEO plugin. -->","yoast_head_json":{"title":"Soutien \u00e0 l'apprentissage - Freie Akademie Braunschweig","robots":{"index":"index","follow":"follow","max-snippet":"max-snippet:-1","max-image-preview":"max-image-preview:large","max-video-preview":"max-video-preview:-1"},"canonical":"https:\/\/freie-akademie-bs.de\/lernfoerderung\/","og_locale":"fr_FR","og_type":"article","og_title":"Soutien \u00e0 l'apprentissage - Freie Akademie Braunschweig","og_url":"https:\/\/freie-akademie-bs.de\/lernfoerderung\/","og_site_name":"Freie Akademie Braunschweig","article_modified_time":"2024-12-10T10:02:52+00:00","twitter_card":"summary_large_image","twitter_misc":{"Dur\u00e9e de lecture estim\u00e9e":"26 minutes"},"schema":{"@context":"https:\/\/schema.org","@graph":[{"@type":"WebPage","@id":"https:\/\/freie-akademie-bs.de\/lernfoerderung\/","url":"https:\/\/freie-akademie-bs.de\/lernfoerderung\/","name":"Soutien \u00e0 l'apprentissage - Freie Akademie Braunschweig","isPartOf":{"@id":"https:\/\/freie-akademie-bs.de\/#website"},"datePublished":"2024-11-14T19:37:05+00:00","dateModified":"2024-12-10T10:02:52+00:00","breadcrumb":{"@id":"https:\/\/freie-akademie-bs.de\/lernfoerderung\/#breadcrumb"},"inLanguage":"fr-FR","potentialAction":[{"@type":"ReadAction","target":["https:\/\/freie-akademie-bs.de\/lernfoerderung\/"]}]},{"@type":"BreadcrumbList","@id":"https:\/\/freie-akademie-bs.de\/lernfoerderung\/#breadcrumb","itemListElement":[{"@type":"ListItem","position":1,"name":"Startseite","item":"https:\/\/freie-akademie-bs.de\/fr\/page-daccueil\/"},{"@type":"ListItem","position":2,"name":"Soutien \u00e0 l&#8217;apprentissage"}]},{"@type":"WebSite","@id":"https:\/\/freie-akademie-bs.de\/#website","url":"https:\/\/freie-akademie-bs.de\/","name":"Freie Akademie Braunschweig","description":"Ihre regionale Sprachschule","potentialAction":[{"@type":"SearchAction","target":{"@type":"EntryPoint","urlTemplate":"https:\/\/freie-akademie-bs.de\/?s={search_term_string}"},"query-input":{"@type":"PropertyValueSpecification","valueRequired":true,"valueName":"search_term_string"}}],"inLanguage":"fr-FR"}]}},"_links":{"self":[{"href":"https:\/\/freie-akademie-bs.de\/fr\/wp-json\/wp\/v2\/pages\/1573","targetHints":{"allow":["GET"]}}],"collection":[{"href":"https:\/\/freie-akademie-bs.de\/fr\/wp-json\/wp\/v2\/pages"}],"about":[{"href":"https:\/\/freie-akademie-bs.de\/fr\/wp-json\/wp\/v2\/types\/page"}],"author":[{"embeddable":true,"href":"https:\/\/freie-akademie-bs.de\/fr\/wp-json\/wp\/v2\/users\/1"}],"replies":[{"embeddable":true,"href":"https:\/\/freie-akademie-bs.de\/fr\/wp-json\/wp\/v2\/comments?post=1573"}],"version-history":[{"count":8,"href":"https:\/\/freie-akademie-bs.de\/fr\/wp-json\/wp\/v2\/pages\/1573\/revisions"}],"predecessor-version":[{"id":1622,"href":"https:\/\/freie-akademie-bs.de\/fr\/wp-json\/wp\/v2\/pages\/1573\/revisions\/1622"}],"wp:attachment":[{"href":"https:\/\/freie-akademie-bs.de\/fr\/wp-json\/wp\/v2\/media?parent=1573"}],"curies":[{"name":"wp","href":"https:\/\/api.w.org\/{rel}","templated":true}]}}