{"id":2324,"date":"2024-11-15T08:49:30","date_gmt":"2024-11-15T07:49:30","guid":{"rendered":"https:\/\/freie-akademie-bs.de\/gtc\/"},"modified":"2026-02-06T12:05:33","modified_gmt":"2026-02-06T11:05:33","slug":"gtc","status":"publish","type":"page","link":"https:\/\/freie-akademie-bs.de\/es\/gtc\/","title":{"rendered":"GTC"},"content":{"rendered":"\n<style type=\"text\/css\" data-created_by=\"avia_inline_auto\" id=\"style-css-av-m3ifwoao-cb9ef19d28b603032030f7657d079ca2\">\n#top .av-special-heading.av-m3ifwoao-cb9ef19d28b603032030f7657d079ca2{\npadding-bottom:10px;\n}\nbody .av-special-heading.av-m3ifwoao-cb9ef19d28b603032030f7657d079ca2 .av-special-heading-tag .heading-char{\nfont-size:25px;\n}\n.av-special-heading.av-m3ifwoao-cb9ef19d28b603032030f7657d079ca2 .av-subheading{\nfont-size:20px;\n}\n<\/style>\n<div  class='av-special-heading av-m3ifwoao-cb9ef19d28b603032030f7657d079ca2 av-special-heading-h1 blockquote modern-quote  avia-builder-el-0  el_before_av_hr  avia-builder-el-first '><h1 class='av-special-heading-tag '  itemprop=\"headline\"  >Normas generales del curso<\/h1><div class='av-subheading av-subheading_below'><p>Condiciones de participaci\u00f3n (AGB):<\/p>\n<\/div><div class=\"special-heading-border\"><div class=\"special-heading-inner-border\"><\/div><\/div><\/div>\n\n<style type=\"text\/css\" data-created_by=\"avia_inline_auto\" id=\"style-css-av-m3ifwwp1-71e22e775b96634f0f70a1a8543e4eb1\">\n#top .hr.hr-invisible.av-m3ifwwp1-71e22e775b96634f0f70a1a8543e4eb1{\nheight:50px;\n}\n<\/style>\n<div  class='hr av-m3ifwwp1-71e22e775b96634f0f70a1a8543e4eb1 hr-invisible  avia-builder-el-1  el_after_av_heading  el_before_av_textblock '><span class='hr-inner '><span class=\"hr-inner-style\"><\/span><\/span><\/div>\n<section  class='av_textblock_section av-m3ifxnq8-9ace93ca89451c4b8925b586439bcf1a '   itemscope=\"itemscope\" itemtype=\"https:\/\/schema.org\/CreativeWork\" ><div class='avia_textblock'  itemprop=\"text\" ><h3>Inscripci\u00f3n<\/h3>\n<ol>\n<li>Este reglamento del curso constituye la base de la relaci\u00f3n contractual entre la Freie Akademie Braunschweig y el participante en el curso. Debes leerlas atentamente antes de rellenar el formulario de inscripci\u00f3n. <\/li>\n<li>El contrato puede cancelarse en cualquier momento antes del inicio del curso. La cancelaci\u00f3n debe hacerse por escrito y ser recibida por la Academia a su debido tiempo. El matasellos es v\u00e1lido. La cancelaci\u00f3n es gratuita hasta 14 d\u00edas antes del inicio del curso; de lo contrario, la Freie Akademie Braunschweig cobrar\u00e1 el 50% de los costes en concepto de gastos de cancelaci\u00f3n.   <\/li>\n<li>La inscripci\u00f3n es para el periodo especificado en el formulario de inscripci\u00f3n.<\/li>\n<li>El final del contrato es el final del mes en cuesti\u00f3n o la fecha especificada.<\/li>\n<li>Se cobra una cuota \u00fanica de 30,00 \u20ac en el momento de la inscripci\u00f3n. Esta cuota s\u00f3lo se cobra una vez si se inscriben varios hermanos al mismo tiempo. <\/li>\n<\/ol>\n<h3>Anulaci\u00f3n<\/h3>\n<ol>\n<li>La cancelaci\u00f3n s\u00f3lo puede tener lugar al final del contrato.<\/li>\n<li>La cancelaci\u00f3n anticipada s\u00f3lo es posible en casos excepcionales. Entre ellos, enfermedad grave, cambio de residencia, etc.<\/li>\n<li>En caso de cancelaci\u00f3n anticipada por motivos v\u00e1lidos (v\u00e9ase el punto 7), se cobrar\u00e1 la mitad del importe restante del curso.<\/li>\n<\/ol>\n<h3>Informaci\u00f3n general<\/h3>\n<ol>\n<li>Las condiciones de participaci\u00f3n se aplican a todos los cursos de la Freie Akademie Braunschweig.<\/li>\n<li>Los cursos s\u00f3lo comenzar\u00e1n si se dispone del n\u00famero necesario de participantes. Si un curso no se celebra por falta de participantes, se informar\u00e1 a los participantes que ya se hayan inscrito al menos una semana antes del comienzo del curso. Se devolver\u00e1 el importe del curso ya abonado.  <\/li>\n<li>La participaci\u00f3n en los cursos de la Academia Libre de Braunschweig es por cuenta y riesgo del participante. La Academia no ser\u00e1 responsable en caso de imposibilidad o retraso en la ejecuci\u00f3n. La Academia s\u00f3lo ser\u00e1 responsable en caso de dolo o negligencia grave por parte de los profesores o del personal.  <\/li>\n<li>El importe del curso vence el tercer d\u00eda laborable de cada mes. El participante debe transferirla a tiempo si no ha elegido el procedimiento de domiciliaci\u00f3n bancaria. Si el importe del curso no se ha transferido antes del 3er d\u00eda del mes, se cobrar\u00e1 una tasa de demora de 5 \u20ac por recordatorio.  <\/li>\n<li>Cancelaci\u00f3n de clases<br \/>\na. Las clases individuales se pospondr\u00e1n seg\u00fan sea necesario si el participante\/alumno las cancela con al menos un d\u00eda de antelaci\u00f3n.<br \/>\nb. Las clases en grupo siempre tendr\u00e1n lugar si al menos la mitad de los participantes est\u00e1n presentes. Si falta m\u00e1s de la mitad, la clase puede aplazarse.<x id=\"gid_2\"><\/x>c. Si el instructor cancela, la clase tendr\u00e1 lugar en otra fecha. <\/li>\n<li>Los d\u00edas lectivos se determinan al principio del curso. No se imparten clases los d\u00edas festivos en Baja Sajonia ni los domingos. Las fechas de inicio del curso una vez acordadas no se volver\u00e1n a confirmar.  <\/li>\n<li>El lugar de jurisdicci\u00f3n es Braunschweig.<\/li>\n<\/ol>\n<\/div><\/section>\n","protected":false},"excerpt":{"rendered":"","protected":false},"author":1,"featured_media":0,"parent":0,"menu_order":0,"comment_status":"closed","ping_status":"closed","template":"","meta":{"footnotes":""},"class_list":["post-2324","page","type-page","status-publish","hentry"],"yoast_head":"<!-- This site is optimized with the Yoast SEO plugin v25.5 - https:\/\/yoast.com\/wordpress\/plugins\/seo\/ -->\n<title>GTC - Freie Akademie Braunschweig<\/title>\n<meta name=\"robots\" content=\"index, follow, max-snippet:-1, max-image-preview:large, max-video-preview:-1\" \/>\n<link rel=\"canonical\" href=\"https:\/\/freie-akademie-bs.de\/es\/gtc\/\" \/>\n<meta property=\"og:locale\" content=\"es_ES\" \/>\n<meta property=\"og:type\" content=\"article\" \/>\n<meta property=\"og:title\" content=\"GTC - Freie Akademie Braunschweig\" \/>\n<meta property=\"og:url\" content=\"https:\/\/freie-akademie-bs.de\/es\/gtc\/\" \/>\n<meta property=\"og:site_name\" content=\"Freie Akademie Braunschweig\" \/>\n<meta property=\"article:modified_time\" content=\"2026-02-06T11:05:33+00:00\" \/>\n<meta name=\"twitter:card\" content=\"summary_large_image\" \/>\n<meta name=\"twitter:label1\" content=\"Tiempo de lectura\" \/>\n\t<meta name=\"twitter:data1\" content=\"4 minutos\" \/>\n<script type=\"application\/ld+json\" class=\"yoast-schema-graph\">{\"@context\":\"https:\/\/schema.org\",\"@graph\":[{\"@type\":\"WebPage\",\"@id\":\"https:\/\/freie-akademie-bs.de\/es\/gtc\/\",\"url\":\"https:\/\/freie-akademie-bs.de\/es\/gtc\/\",\"name\":\"GTC - Freie Akademie Braunschweig\",\"isPartOf\":{\"@id\":\"https:\/\/freie-akademie-bs.de\/#website\"},\"datePublished\":\"2024-11-15T07:49:30+00:00\",\"dateModified\":\"2026-02-06T11:05:33+00:00\",\"breadcrumb\":{\"@id\":\"https:\/\/freie-akademie-bs.de\/es\/gtc\/#breadcrumb\"},\"inLanguage\":\"es\",\"potentialAction\":[{\"@type\":\"ReadAction\",\"target\":[\"https:\/\/freie-akademie-bs.de\/es\/gtc\/\"]}]},{\"@type\":\"BreadcrumbList\",\"@id\":\"https:\/\/freie-akademie-bs.de\/es\/gtc\/#breadcrumb\",\"itemListElement\":[{\"@type\":\"ListItem\",\"position\":1,\"name\":\"Startseite\",\"item\":\"https:\/\/freie-akademie-bs.de\/es\/pagina-de-inicio\/\"},{\"@type\":\"ListItem\",\"position\":2,\"name\":\"GTC\"}]},{\"@type\":\"WebSite\",\"@id\":\"https:\/\/freie-akademie-bs.de\/#website\",\"url\":\"https:\/\/freie-akademie-bs.de\/\",\"name\":\"Freie Akademie Braunschweig\",\"description\":\"Ihre regionale Sprachschule\",\"potentialAction\":[{\"@type\":\"SearchAction\",\"target\":{\"@type\":\"EntryPoint\",\"urlTemplate\":\"https:\/\/freie-akademie-bs.de\/?s={search_term_string}\"},\"query-input\":{\"@type\":\"PropertyValueSpecification\",\"valueRequired\":true,\"valueName\":\"search_term_string\"}}],\"inLanguage\":\"es\"}]}<\/script>\n<!-- \/ Yoast SEO plugin. -->","yoast_head_json":{"title":"GTC - Freie Akademie Braunschweig","robots":{"index":"index","follow":"follow","max-snippet":"max-snippet:-1","max-image-preview":"max-image-preview:large","max-video-preview":"max-video-preview:-1"},"canonical":"https:\/\/freie-akademie-bs.de\/es\/gtc\/","og_locale":"es_ES","og_type":"article","og_title":"GTC - Freie Akademie Braunschweig","og_url":"https:\/\/freie-akademie-bs.de\/es\/gtc\/","og_site_name":"Freie Akademie Braunschweig","article_modified_time":"2026-02-06T11:05:33+00:00","twitter_card":"summary_large_image","twitter_misc":{"Tiempo de lectura":"4 minutos"},"schema":{"@context":"https:\/\/schema.org","@graph":[{"@type":"WebPage","@id":"https:\/\/freie-akademie-bs.de\/es\/gtc\/","url":"https:\/\/freie-akademie-bs.de\/es\/gtc\/","name":"GTC - Freie Akademie Braunschweig","isPartOf":{"@id":"https:\/\/freie-akademie-bs.de\/#website"},"datePublished":"2024-11-15T07:49:30+00:00","dateModified":"2026-02-06T11:05:33+00:00","breadcrumb":{"@id":"https:\/\/freie-akademie-bs.de\/es\/gtc\/#breadcrumb"},"inLanguage":"es","potentialAction":[{"@type":"ReadAction","target":["https:\/\/freie-akademie-bs.de\/es\/gtc\/"]}]},{"@type":"BreadcrumbList","@id":"https:\/\/freie-akademie-bs.de\/es\/gtc\/#breadcrumb","itemListElement":[{"@type":"ListItem","position":1,"name":"Startseite","item":"https:\/\/freie-akademie-bs.de\/es\/pagina-de-inicio\/"},{"@type":"ListItem","position":2,"name":"GTC"}]},{"@type":"WebSite","@id":"https:\/\/freie-akademie-bs.de\/#website","url":"https:\/\/freie-akademie-bs.de\/","name":"Freie Akademie Braunschweig","description":"Ihre regionale Sprachschule","potentialAction":[{"@type":"SearchAction","target":{"@type":"EntryPoint","urlTemplate":"https:\/\/freie-akademie-bs.de\/?s={search_term_string}"},"query-input":{"@type":"PropertyValueSpecification","valueRequired":true,"valueName":"search_term_string"}}],"inLanguage":"es"}]}},"_links":{"self":[{"href":"https:\/\/freie-akademie-bs.de\/es\/wp-json\/wp\/v2\/pages\/2324","targetHints":{"allow":["GET"]}}],"collection":[{"href":"https:\/\/freie-akademie-bs.de\/es\/wp-json\/wp\/v2\/pages"}],"about":[{"href":"https:\/\/freie-akademie-bs.de\/es\/wp-json\/wp\/v2\/types\/page"}],"author":[{"embeddable":true,"href":"https:\/\/freie-akademie-bs.de\/es\/wp-json\/wp\/v2\/users\/1"}],"replies":[{"embeddable":true,"href":"https:\/\/freie-akademie-bs.de\/es\/wp-json\/wp\/v2\/comments?post=2324"}],"version-history":[{"count":2,"href":"https:\/\/freie-akademie-bs.de\/es\/wp-json\/wp\/v2\/pages\/2324\/revisions"}],"predecessor-version":[{"id":2326,"href":"https:\/\/freie-akademie-bs.de\/es\/wp-json\/wp\/v2\/pages\/2324\/revisions\/2326"}],"wp:attachment":[{"href":"https:\/\/freie-akademie-bs.de\/es\/wp-json\/wp\/v2\/media?parent=2324"}],"curies":[{"name":"wp","href":"https:\/\/api.w.org\/{rel}","templated":true}]}}