{"id":2315,"date":"2024-11-15T08:48:46","date_gmt":"2024-11-15T07:48:46","guid":{"rendered":"https:\/\/freie-akademie-bs.de\/sprachschule-braunschweig\/unser-team\/"},"modified":"2026-02-06T12:02:11","modified_gmt":"2026-02-06T11:02:11","slug":"unser-team","status":"publish","type":"page","link":"https:\/\/freie-akademie-bs.de\/es\/sprachschule-braunschweig\/unser-team\/","title":{"rendered":"Unser Team"},"content":{"rendered":"<div id='full_slider_1'  class='avia-fullwidth-slider main_color avia-shadow   avia-builder-el-0  el_before_av_section  avia-builder-el-first   container_wrap sidebar_right'  >\n<style type=\"text\/css\" data-created_by=\"avia_inline_auto\" id=\"style-css-av-1zewqt-09256f8d936a8b900ad3bf55e7fed18c\">\n#top #wrap_all .avia-slideshow .av-slideshow-caption.av-1zewqt-09256f8d936a8b900ad3bf55e7fed18c__0 .avia-caption-title{\nfont-size:60px;\ncolor:#ffffff;\n}\n\n@media only screen and (max-width: 479px){ \n#top #wrap_all .avia-slideshow .av-slideshow-caption.av-1zewqt-09256f8d936a8b900ad3bf55e7fed18c__0 .avia-caption-title{\nfont-size:35px;\n}\n}\n<\/style>\n<div  class='avia-slideshow av-1zewqt-09256f8d936a8b900ad3bf55e7fed18c avia-slideshow-featured av_slideshow_full avia-fade-slider av-slideshow-ui av-control-hidden av-no-slider-navigation av-hide-nav-arrows av-slideshow-autoplay av-loop-endless av-loop-manual-endless av-default-height-applied   avia-slideshow-1' data-slideshow-options=\"{&quot;animation&quot;:&quot;fade&quot;,&quot;autoplay&quot;:true,&quot;loop_autoplay&quot;:&quot;endless&quot;,&quot;interval&quot;:3,&quot;loop_manual&quot;:&quot;manual-endless&quot;,&quot;autoplay_stopper&quot;:false,&quot;noNavigation&quot;:true,&quot;bg_slider&quot;:false,&quot;keep_padding&quot;:false,&quot;hoverpause&quot;:false,&quot;show_slide_delay&quot;:0}\"  itemprop=\"image\" itemscope=\"itemscope\" itemtype=\"https:\/\/schema.org\/ImageObject\" ><ul class='avia-slideshow-inner ' style='padding-bottom: 28.6666666667%;'><li  class='avia-slideshow-slide av-1zewqt-09256f8d936a8b900ad3bf55e7fed18c__0  av-single-slide slide-1 slide-odd'><div data-rel='slideshow-1' class='avia-slide-wrap '   ><img decoding=\"async\" fetchpriority=\"high\" class=\"wp-image-1961 avia-img-lazy-loading-not-1961\"  src=\"https:\/\/freie-akademie-bs.de\/wp-content\/uploads\/2024\/12\/Freie-Akademie-Braunschweig-Unser-Team-Header-1500x430.jpg\" width=\"1500\" height=\"430\" title='Freie-Akademie-Braunschweig-Unser-Team-Header' alt=''  itemprop=\"thumbnailUrl\"  style='min-height:300px; min-width:1047px; ' \/><\/div><\/li><\/ul><div class='av-slideshow-caption av-1zewqt-09256f8d936a8b900ad3bf55e7fed18c__0 caption_fullwidth caption_center'><div class=\"container caption_container\"><div class=\"slideshow_caption\"><div class=\"slideshow_inner_caption\"><div class=\"slideshow_align_caption\"><h2 class='avia-caption-title '  itemprop=\"name\" >Kompetent, engagiert und f\u00fcr Sie da<\/h2><\/div><\/div><\/div><\/div><\/div><\/div><\/div>\n<div id='av_section_1'  class='avia-section av-1d2ds5-b2bc2a668d562c58d80f9cd308f68211 main_color avia-section-default avia-no-border-styling  avia-builder-el-1  el_after_av_slideshow_full  el_before_av_section  avia-bg-style-scroll container_wrap sidebar_right'  ><div class='container av-section-cont-open' ><div class='template-page content  av-content-small alpha units'><div class='post-entry post-entry-type-page post-entry-2315'><div class='entry-content-wrapper clearfix'>\n\n<style type=\"text\/css\" data-created_by=\"avia_inline_auto\" id=\"style-css-av-18horp-94daa13840908aae3e5d94f3b3c5e6e2\">\n#top .av-special-heading.av-18horp-94daa13840908aae3e5d94f3b3c5e6e2{\npadding-bottom:10px;\nfont-size:40px;\n}\nbody .av-special-heading.av-18horp-94daa13840908aae3e5d94f3b3c5e6e2 .av-special-heading-tag .heading-char{\nfont-size:25px;\n}\n#top #wrap_all .av-special-heading.av-18horp-94daa13840908aae3e5d94f3b3c5e6e2 .av-special-heading-tag{\nfont-size:40px;\n}\n.av-special-heading.av-18horp-94daa13840908aae3e5d94f3b3c5e6e2 .av-subheading{\nfont-size:15px;\n}\n\n@media only screen and (min-width: 480px) and (max-width: 767px){ \n#top #wrap_all .av-special-heading.av-18horp-94daa13840908aae3e5d94f3b3c5e6e2 .av-special-heading-tag{\nfont-size:0.8em;\n}\n}\n\n@media only screen and (max-width: 479px){ \n#top #wrap_all .av-special-heading.av-18horp-94daa13840908aae3e5d94f3b3c5e6e2 .av-special-heading-tag{\nfont-size:0.8em;\n}\n}\n<\/style>\n<div  class='av-special-heading av-18horp-94daa13840908aae3e5d94f3b3c5e6e2 av-special-heading-h2 blockquote modern-quote  avia-builder-el-2  el_before_av_textblock  avia-builder-el-first  av-inherit-size'><h2 class='av-special-heading-tag '  itemprop=\"headline\"  >El equipo de la Academia Libre de Braunschweig<\/h2><div class=\"special-heading-border\"><div class=\"special-heading-inner-border\"><\/div><\/div><\/div>\n<section  class='av_textblock_section av-14hvat-7f2d9f1cf07e220303ac529a18c38013 '   itemscope=\"itemscope\" itemtype=\"https:\/\/schema.org\/CreativeWork\" ><div class='avia_textblock'  itemprop=\"text\" ><p>Das Team der Freien Akademie besteht aus internationalen Dozenten mit Hochschulabschl\u00fcssen in ihren jeweiligen Fachbereichen. St\u00e4ndige P\u00e4dagogische Betreuung durch die Kursleitung gew\u00e4hrleistet eine gleichbleibend hohe Qualit\u00e4t und Effizienz unserer Kurse. <\/p>\n<p>Damos gran importancia a un ambiente de trabajo positivo. Muchos de nuestros profesores han colaborado con la academia desde su fundaci\u00f3n y, por lo tanto, han desempe\u00f1ado un papel clave en el \u00e9xito de la Freie Akademie Braunschweig. <\/p>\n<p>Unsere Dozenten werden bei der Planung und Ausrichtung ihrer Arbeit mit einbezogen, so dass eine angenehme Arbeitsatmosph\u00e4re geschaffen wird, in der kulturelle Unterschiede gesch\u00e4tzt werden und innovative Ideen zur Verbesserung der Arbeit einflie\u00dfen k\u00f6nnen.<\/p>\n<\/div><\/section>\n<\/div><\/div><\/div><!-- close content main div --><\/div><\/div><div id='av_section_2'  class='avia-section av-m3sljvrv-69cb345e78c3fe7e2b8cf61ce69f5383 main_color avia-section-default avia-no-border-styling  avia-builder-el-4  el_after_av_section  el_before_av_one_full  av-desktop-hide av-medium-hide av-small-hide av-mini-hide avia-bg-style-scroll container_wrap sidebar_right'  ><div class='container av-section-cont-open' ><div class='template-page content  av-content-small alpha units'><div class='post-entry post-entry-type-page post-entry-2315'><div class='entry-content-wrapper clearfix'>\n<div  class='flex_column av-88mil-d594fdbfffce7eeefb216ec0b85d88c3 av_one_third  avia-builder-el-5  el_before_av_one_third  avia-builder-el-first  first flex_column_div av-animated-generic bottom-to-top  '     ><style type=\"text\/css\" data-created_by=\"avia_inline_auto\" id=\"style-css-av-m3j851dl-b73a490baa5a9f7faa1ae49ac4fb059a\">\n.avia-image-container.av-m3j851dl-b73a490baa5a9f7faa1ae49ac4fb059a img.avia_image{\nbox-shadow:none;\n}\n.avia-image-container.av-m3j851dl-b73a490baa5a9f7faa1ae49ac4fb059a .av-caption-image-overlay-bg{\nopacity:0.3;\nbackground-color:#0067b1;\n}\n.avia-image-container.av-m3j851dl-b73a490baa5a9f7faa1ae49ac4fb059a .av-image-caption-overlay-center{\ncolor:#ffffff;\nfont-size:25px;\n}\n<\/style>\n<div  class='avia-image-container av-m3j851dl-b73a490baa5a9f7faa1ae49ac4fb059a av-styling- avia-align-center  avia-builder-el-6  avia-builder-el-no-sibling  noHover av-overlay-on-hover'   itemprop=\"image\" itemscope=\"itemscope\" itemtype=\"https:\/\/schema.org\/ImageObject\" ><div class=\"avia-image-container-inner\"><div class=\"avia-image-overlay-wrap\"><div class=\"av-image-caption-overlay\"><div class=\"av-caption-image-overlay-bg\"><\/div><div class=\"av-image-caption-overlay-position\"><div class=\"av-image-caption-overlay-center\"><p><strong>Damiri Knapheide<\/strong><br \/>\nContacto con el cliente, materiales did\u00e1cticos, estructura de las clases<\/p>\n<\/div><\/div><\/div><img decoding=\"async\" fetchpriority=\"high\" class='wp-image-971 avia-img-lazy-loading-not-971 avia_image ' src=\"https:\/\/freie-akademie-bs.de\/wp-content\/uploads\/2024\/11\/Platzhalter-Mitarbeiter.jpg\" alt='' title='Platzhalter-Mitarbeiter'  height=\"500\" width=\"500\"  itemprop=\"thumbnailUrl\" srcset=\"https:\/\/freie-akademie-bs.de\/wp-content\/uploads\/2024\/11\/Platzhalter-Mitarbeiter.jpg 500w, https:\/\/freie-akademie-bs.de\/wp-content\/uploads\/2024\/11\/Platzhalter-Mitarbeiter-300x300.jpg 300w, https:\/\/freie-akademie-bs.de\/wp-content\/uploads\/2024\/11\/Platzhalter-Mitarbeiter-80x80.jpg 80w, https:\/\/freie-akademie-bs.de\/wp-content\/uploads\/2024\/11\/Platzhalter-Mitarbeiter-36x36.jpg 36w, https:\/\/freie-akademie-bs.de\/wp-content\/uploads\/2024\/11\/Platzhalter-Mitarbeiter-180x180.jpg 180w\" sizes=\"(max-width: 500px) 100vw, 500px\" \/><\/div><\/div><\/div><\/div><div  class='flex_column av-e9dr9-ec50a042f8864bb969ef029309b5130c av_one_third  avia-builder-el-7  el_after_av_one_third  el_before_av_one_third  flex_column_div av-animated-generic bottom-to-top  '     ><style type=\"text\/css\" data-created_by=\"avia_inline_auto\" id=\"style-css-av-m3j89ipu-ea3a489ec693a3c35cd6e37c54f4f90c\">\n.avia-image-container.av-m3j89ipu-ea3a489ec693a3c35cd6e37c54f4f90c img.avia_image{\nbox-shadow:none;\n}\n.avia-image-container.av-m3j89ipu-ea3a489ec693a3c35cd6e37c54f4f90c .av-caption-image-overlay-bg{\nopacity:0.3;\nbackground-color:#0067b1;\n}\n.avia-image-container.av-m3j89ipu-ea3a489ec693a3c35cd6e37c54f4f90c .av-image-caption-overlay-center{\ncolor:#ffffff;\nfont-size:25px;\n}\n<\/style>\n<div  class='avia-image-container av-m3j89ipu-ea3a489ec693a3c35cd6e37c54f4f90c av-styling- avia-align-center  avia-builder-el-8  avia-builder-el-no-sibling  noHover av-overlay-on-hover'   itemprop=\"image\" itemscope=\"itemscope\" itemtype=\"https:\/\/schema.org\/ImageObject\" ><div class=\"avia-image-container-inner\"><div class=\"avia-image-overlay-wrap\"><div class=\"av-image-caption-overlay\"><div class=\"av-caption-image-overlay-bg\"><\/div><div class=\"av-image-caption-overlay-position\"><div class=\"av-image-caption-overlay-center\"><p><strong>Mustafa Kara<\/strong><br \/>\nContabilidad, Finanzas y Publicidad<\/p>\n<\/div><\/div><\/div><img decoding=\"async\" fetchpriority=\"high\" class='wp-image-971 avia-img-lazy-loading-not-971 avia_image ' src=\"https:\/\/freie-akademie-bs.de\/wp-content\/uploads\/2024\/11\/Platzhalter-Mitarbeiter.jpg\" alt='' title='Platzhalter-Mitarbeiter'  height=\"500\" width=\"500\"  itemprop=\"thumbnailUrl\" srcset=\"https:\/\/freie-akademie-bs.de\/wp-content\/uploads\/2024\/11\/Platzhalter-Mitarbeiter.jpg 500w, https:\/\/freie-akademie-bs.de\/wp-content\/uploads\/2024\/11\/Platzhalter-Mitarbeiter-300x300.jpg 300w, https:\/\/freie-akademie-bs.de\/wp-content\/uploads\/2024\/11\/Platzhalter-Mitarbeiter-80x80.jpg 80w, https:\/\/freie-akademie-bs.de\/wp-content\/uploads\/2024\/11\/Platzhalter-Mitarbeiter-36x36.jpg 36w, https:\/\/freie-akademie-bs.de\/wp-content\/uploads\/2024\/11\/Platzhalter-Mitarbeiter-180x180.jpg 180w\" sizes=\"(max-width: 500px) 100vw, 500px\" \/><\/div><\/div><\/div><\/div><div  class='flex_column av-9ah65-86ee124f42260b033f29fdf0fe6660b6 av_one_third  avia-builder-el-9  el_after_av_one_third  avia-builder-el-last  flex_column_div av-animated-generic bottom-to-top  '     ><style type=\"text\/css\" data-created_by=\"avia_inline_auto\" id=\"style-css-av-m3j8a0pc-95432dcce9b8c4e8c626cdebca46997e\">\n.avia-image-container.av-m3j8a0pc-95432dcce9b8c4e8c626cdebca46997e img.avia_image{\nbox-shadow:none;\n}\n.avia-image-container.av-m3j8a0pc-95432dcce9b8c4e8c626cdebca46997e .av-caption-image-overlay-bg{\nopacity:0.3;\nbackground-color:#0067b1;\n}\n.avia-image-container.av-m3j8a0pc-95432dcce9b8c4e8c626cdebca46997e .av-image-caption-overlay-center{\ncolor:#ffffff;\nfont-size:25px;\n}\n<\/style>\n<div  class='avia-image-container av-m3j8a0pc-95432dcce9b8c4e8c626cdebca46997e av-styling- avia-align-center  avia-builder-el-10  avia-builder-el-no-sibling  noHover av-overlay-on-hover'   itemprop=\"image\" itemscope=\"itemscope\" itemtype=\"https:\/\/schema.org\/ImageObject\" ><div class=\"avia-image-container-inner\"><div class=\"avia-image-overlay-wrap\"><div class=\"av-image-caption-overlay\"><div class=\"av-caption-image-overlay-bg\"><\/div><div class=\"av-image-caption-overlay-position\"><div class=\"av-image-caption-overlay-center\"><p><strong>Gregor Schulz<\/strong><br \/>\nConceptos de aprendizaje, materiales did\u00e1cticos<\/p>\n<\/div><\/div><\/div><img decoding=\"async\" fetchpriority=\"high\" class='wp-image-971 avia-img-lazy-loading-not-971 avia_image ' src=\"https:\/\/freie-akademie-bs.de\/wp-content\/uploads\/2024\/11\/Platzhalter-Mitarbeiter.jpg\" alt='' title='Platzhalter-Mitarbeiter'  height=\"500\" width=\"500\"  itemprop=\"thumbnailUrl\" srcset=\"https:\/\/freie-akademie-bs.de\/wp-content\/uploads\/2024\/11\/Platzhalter-Mitarbeiter.jpg 500w, https:\/\/freie-akademie-bs.de\/wp-content\/uploads\/2024\/11\/Platzhalter-Mitarbeiter-300x300.jpg 300w, https:\/\/freie-akademie-bs.de\/wp-content\/uploads\/2024\/11\/Platzhalter-Mitarbeiter-80x80.jpg 80w, https:\/\/freie-akademie-bs.de\/wp-content\/uploads\/2024\/11\/Platzhalter-Mitarbeiter-36x36.jpg 36w, https:\/\/freie-akademie-bs.de\/wp-content\/uploads\/2024\/11\/Platzhalter-Mitarbeiter-180x180.jpg 180w\" sizes=\"(max-width: 500px) 100vw, 500px\" \/><\/div><\/div><\/div><\/div>\n<\/div><\/div><\/div><!-- close content main div --><\/div><\/div><div id='after_section_2'  class='main_color av_default_container_wrap container_wrap sidebar_right'  ><div class='container av-section-cont-open' ><div class='template-page content  av-content-small alpha units'><div class='post-entry post-entry-type-page post-entry-2315'><div class='entry-content-wrapper clearfix'><\/p>\n\n<style type=\"text\/css\" data-created_by=\"avia_inline_auto\" id=\"style-css-av-xu6fx-978eb0928e8812bcd14e448aa72d795a\">\n#top .flex_column.av-xu6fx-978eb0928e8812bcd14e448aa72d795a{\nmargin-top:100px;\n}\n.flex_column.av-xu6fx-978eb0928e8812bcd14e448aa72d795a{\nborder-radius:50px 50px 50px 50px;\npadding:80px 80px 80px 80px;\nbackground-color:#0067b1;\n}\n.responsive #top #wrap_all .flex_column.av-xu6fx-978eb0928e8812bcd14e448aa72d795a{\nmargin-top:100px;\n}\n\n@media only screen and (min-width: 480px) and (max-width: 767px){ \n.flex_column.av-xu6fx-978eb0928e8812bcd14e448aa72d795a{\npadding:0px 0px 0px 0px;\n}\n}\n\n@media only screen and (max-width: 479px){ \n.flex_column.av-xu6fx-978eb0928e8812bcd14e448aa72d795a{\npadding:70px 20px 70px 20px;\n}\n}\n<\/style>\n<div  class='flex_column av-xu6fx-978eb0928e8812bcd14e448aa72d795a av_one_full  avia-builder-el-11  el_after_av_section  avia-builder-el-no-sibling  first flex_column_div av-animated-generic bottom-to-top av-parallax-object avia-full-stretch  ' data-parallax=\"{&quot;parallax&quot;:&quot;bottom_top&quot;,&quot;parallax_speed&quot;:&quot;10&quot;,&quot;av-desktop-parallax&quot;:&quot;inherit&quot;,&quot;av-desktop-parallax_speed&quot;:&quot;inherit&quot;,&quot;av-medium-parallax&quot;:&quot;inherit&quot;,&quot;av-medium-parallax_speed&quot;:&quot;inherit&quot;,&quot;av-small-parallax&quot;:&quot;inherit&quot;,&quot;av-small-parallax_speed&quot;:&quot;inherit&quot;,&quot;av-mini-parallax&quot;:&quot;inherit&quot;,&quot;av-mini-parallax_speed&quot;:&quot;inherit&quot;,&quot;parallax-container&quot;:&quot;.av-xu6fx-978eb0928e8812bcd14e448aa72d795a&quot;}\"    ><p>\n<style type=\"text\/css\" data-created_by=\"avia_inline_auto\" id=\"style-css-av-tr58d-968307d16b96ce83517ab65938f6391a\">\n#top .av-special-heading.av-tr58d-968307d16b96ce83517ab65938f6391a{\npadding-bottom:10px;\ncolor:#ffffff;\nfont-size:40px;\n}\nbody .av-special-heading.av-tr58d-968307d16b96ce83517ab65938f6391a .av-special-heading-tag .heading-char{\nfont-size:25px;\n}\n#top #wrap_all .av-special-heading.av-tr58d-968307d16b96ce83517ab65938f6391a .av-special-heading-tag{\nfont-size:40px;\n}\n.av-special-heading.av-tr58d-968307d16b96ce83517ab65938f6391a .special-heading-inner-border{\nborder-color:#ffffff;\n}\n.av-special-heading.av-tr58d-968307d16b96ce83517ab65938f6391a .av-subheading{\nfont-size:20px;\n}\n\n@media only screen and (min-width: 480px) and (max-width: 767px){ \n#top #wrap_all .av-special-heading.av-tr58d-968307d16b96ce83517ab65938f6391a .av-special-heading-tag{\nfont-size:0.8em;\n}\n}\n\n@media only screen and (max-width: 479px){ \n#top #wrap_all .av-special-heading.av-tr58d-968307d16b96ce83517ab65938f6391a .av-special-heading-tag{\nfont-size:0.8em;\n}\n}\n<\/style>\n<div  class='av-special-heading av-tr58d-968307d16b96ce83517ab65938f6391a av-special-heading-h3 custom-color-heading blockquote modern-quote  avia-builder-el-12  el_before_av_iconlist  avia-builder-el-first  av-inherit-size'><h3 class='av-special-heading-tag '  itemprop=\"headline\"  >\u00bfTienes alguna pregunta?  <br \/>Estamos a tu disposici\u00f3n.<\/h3><div class='av_custom_color av-subheading av-subheading_below'><p>Ihr Ansprechpartner<br \/>\nDamiri Knapheide<\/p>\n<\/div><div class=\"special-heading-border\"><div class=\"special-heading-inner-border\"><\/div><\/div><\/div><br \/>\n\n<style type=\"text\/css\" data-created_by=\"avia_inline_auto\" id=\"style-css-av-mpez1-6dc7705e25976fcd46712d70a83649e5\">\n#top .avia-icon-list-container.av-mpez1-6dc7705e25976fcd46712d70a83649e5 .iconlist_icon{\ncolor:#ffffff;\n}\n#top #wrap_all .avia-icon-list-container.av-mpez1-6dc7705e25976fcd46712d70a83649e5 .av_iconlist_title{\ncolor:#ffffff;\n}\n\n@media only screen and (max-width: 479px){ \n#top #wrap_all .avia-icon-list-container.av-mpez1-6dc7705e25976fcd46712d70a83649e5 .av_iconlist_title{\nfont-size:20px;\n}\n}\n<\/style>\n<div  class='avia-icon-list-container av-mpez1-6dc7705e25976fcd46712d70a83649e5  avia-builder-el-13  el_after_av_heading  avia-builder-el-last '><ul class='avia-icon-list avia_animate_when_almost_visible avia-icon-list-left av-iconlist-small av-mpez1-6dc7705e25976fcd46712d70a83649e5 avia-iconlist-animate'>\n<li><div class='iconlist_icon av-eimbh-f0a8955fe5562908d8d38550f8a70020 avia-font-entypo-fontello'><span class='iconlist-char' aria-hidden='true' data-av_icon='\ue854' data-av_iconfont='entypo-fontello'><\/span><\/div><article class=\"article-icon-entry av-iconlist-empty\"  itemscope=\"itemscope\" itemtype=\"https:\/\/schema.org\/CreativeWork\" ><div class=\"iconlist_content_wrap\"><header class=\"entry-content-header\" aria-label=\"Icon: &lt;a href=&#039;tel:+495316150330&#039; title=&#039;0531 \/ 6150330&#039;&gt;0531 \/ 6150330&lt;\/a&gt;\"><div class='av_iconlist_title iconlist_title_small  av_inherit_color'  itemprop=\"headline\" ><a href='tel:+495316150330' title='0531 \/ 6150330'>0531 \/ 6150330<\/a><\/div><\/header><div class='iconlist_content '  itemprop=\"text\" ><\/div><\/div><footer class=\"entry-footer\"><\/footer><\/article><div class=\"iconlist-timeline\"><\/div><\/li>\n<li><div class='iconlist_icon av-7qxxx-432f35b0c83322d9840ed738dadeb401 avia-font-entypo-fontello'><span class='iconlist-char' aria-hidden='true' data-av_icon='\ue805' data-av_iconfont='entypo-fontello'><\/span><\/div><article class=\"article-icon-entry av-iconlist-empty\"  itemscope=\"itemscope\" itemtype=\"https:\/\/schema.org\/CreativeWork\" ><div class=\"iconlist_content_wrap\"><header class=\"entry-content-header\" aria-label=\"Icon: &lt;a href=&#039;mailto:info@freie-akademie-bs.de&#039; title=&#039;info@freie-akademie-bs.de&#039;&gt;info@freie-akademie-bs.de&lt;\/a&gt;\"><div class='av_iconlist_title iconlist_title_small  av_inherit_color'  itemprop=\"headline\" ><a href='mailto:info@freie-akademie-bs.de' title='info@freie-akademie-bs.de'>info@freie-akademie-bs.de<\/a><\/div><\/header><div class='iconlist_content '  itemprop=\"text\" ><\/div><\/div><footer class=\"entry-footer\"><\/footer><\/article><div class=\"iconlist-timeline\"><\/div><\/li>\n<\/ul><\/div><\/p><\/div>\n","protected":false},"excerpt":{"rendered":"","protected":false},"author":1,"featured_media":0,"parent":2306,"menu_order":0,"comment_status":"closed","ping_status":"closed","template":"","meta":{"footnotes":""},"class_list":["post-2315","page","type-page","status-publish","hentry"],"yoast_head":"<!-- This site is optimized with the Yoast SEO plugin v25.5 - https:\/\/yoast.com\/wordpress\/plugins\/seo\/ -->\n<title>Unser Team - Freie Akademie Braunschweig<\/title>\n<meta name=\"robots\" content=\"index, follow, max-snippet:-1, max-image-preview:large, max-video-preview:-1\" \/>\n<link rel=\"canonical\" href=\"https:\/\/freie-akademie-bs.de\/es\/sprachschule-braunschweig\/unser-team\/\" \/>\n<meta property=\"og:locale\" content=\"es_ES\" \/>\n<meta property=\"og:type\" content=\"article\" \/>\n<meta property=\"og:title\" content=\"Unser Team - Freie Akademie Braunschweig\" \/>\n<meta property=\"og:url\" content=\"https:\/\/freie-akademie-bs.de\/es\/sprachschule-braunschweig\/unser-team\/\" \/>\n<meta property=\"og:site_name\" content=\"Freie Akademie Braunschweig\" \/>\n<meta property=\"article:modified_time\" content=\"2026-02-06T11:02:11+00:00\" \/>\n<meta name=\"twitter:card\" content=\"summary_large_image\" \/>\n<meta name=\"twitter:label1\" content=\"Tiempo de lectura\" \/>\n\t<meta name=\"twitter:data1\" content=\"24 minutos\" \/>\n<script type=\"application\/ld+json\" class=\"yoast-schema-graph\">{\"@context\":\"https:\/\/schema.org\",\"@graph\":[{\"@type\":\"WebPage\",\"@id\":\"https:\/\/freie-akademie-bs.de\/es\/sprachschule-braunschweig\/unser-team\/\",\"url\":\"https:\/\/freie-akademie-bs.de\/es\/sprachschule-braunschweig\/unser-team\/\",\"name\":\"Unser Team - Freie Akademie Braunschweig\",\"isPartOf\":{\"@id\":\"https:\/\/freie-akademie-bs.de\/#website\"},\"datePublished\":\"2024-11-15T07:48:46+00:00\",\"dateModified\":\"2026-02-06T11:02:11+00:00\",\"breadcrumb\":{\"@id\":\"https:\/\/freie-akademie-bs.de\/es\/sprachschule-braunschweig\/unser-team\/#breadcrumb\"},\"inLanguage\":\"es\",\"potentialAction\":[{\"@type\":\"ReadAction\",\"target\":[\"https:\/\/freie-akademie-bs.de\/es\/sprachschule-braunschweig\/unser-team\/\"]}]},{\"@type\":\"BreadcrumbList\",\"@id\":\"https:\/\/freie-akademie-bs.de\/es\/sprachschule-braunschweig\/unser-team\/#breadcrumb\",\"itemListElement\":[{\"@type\":\"ListItem\",\"position\":1,\"name\":\"Startseite\",\"item\":\"https:\/\/freie-akademie-bs.de\/es\/pagina-de-inicio\/\"},{\"@type\":\"ListItem\",\"position\":2,\"name\":\"Sprachschule Braunschweig\",\"item\":\"https:\/\/freie-akademie-bs.de\/es\/sprachschule-braunschweig\/\"},{\"@type\":\"ListItem\",\"position\":3,\"name\":\"Unser Team\"}]},{\"@type\":\"WebSite\",\"@id\":\"https:\/\/freie-akademie-bs.de\/#website\",\"url\":\"https:\/\/freie-akademie-bs.de\/\",\"name\":\"Freie Akademie Braunschweig\",\"description\":\"Ihre regionale Sprachschule\",\"potentialAction\":[{\"@type\":\"SearchAction\",\"target\":{\"@type\":\"EntryPoint\",\"urlTemplate\":\"https:\/\/freie-akademie-bs.de\/?s={search_term_string}\"},\"query-input\":{\"@type\":\"PropertyValueSpecification\",\"valueRequired\":true,\"valueName\":\"search_term_string\"}}],\"inLanguage\":\"es\"}]}<\/script>\n<!-- \/ Yoast SEO plugin. -->","yoast_head_json":{"title":"Unser Team - Freie Akademie Braunschweig","robots":{"index":"index","follow":"follow","max-snippet":"max-snippet:-1","max-image-preview":"max-image-preview:large","max-video-preview":"max-video-preview:-1"},"canonical":"https:\/\/freie-akademie-bs.de\/es\/sprachschule-braunschweig\/unser-team\/","og_locale":"es_ES","og_type":"article","og_title":"Unser Team - Freie Akademie Braunschweig","og_url":"https:\/\/freie-akademie-bs.de\/es\/sprachschule-braunschweig\/unser-team\/","og_site_name":"Freie Akademie Braunschweig","article_modified_time":"2026-02-06T11:02:11+00:00","twitter_card":"summary_large_image","twitter_misc":{"Tiempo de lectura":"24 minutos"},"schema":{"@context":"https:\/\/schema.org","@graph":[{"@type":"WebPage","@id":"https:\/\/freie-akademie-bs.de\/es\/sprachschule-braunschweig\/unser-team\/","url":"https:\/\/freie-akademie-bs.de\/es\/sprachschule-braunschweig\/unser-team\/","name":"Unser Team - Freie Akademie Braunschweig","isPartOf":{"@id":"https:\/\/freie-akademie-bs.de\/#website"},"datePublished":"2024-11-15T07:48:46+00:00","dateModified":"2026-02-06T11:02:11+00:00","breadcrumb":{"@id":"https:\/\/freie-akademie-bs.de\/es\/sprachschule-braunschweig\/unser-team\/#breadcrumb"},"inLanguage":"es","potentialAction":[{"@type":"ReadAction","target":["https:\/\/freie-akademie-bs.de\/es\/sprachschule-braunschweig\/unser-team\/"]}]},{"@type":"BreadcrumbList","@id":"https:\/\/freie-akademie-bs.de\/es\/sprachschule-braunschweig\/unser-team\/#breadcrumb","itemListElement":[{"@type":"ListItem","position":1,"name":"Startseite","item":"https:\/\/freie-akademie-bs.de\/es\/pagina-de-inicio\/"},{"@type":"ListItem","position":2,"name":"Sprachschule Braunschweig","item":"https:\/\/freie-akademie-bs.de\/es\/sprachschule-braunschweig\/"},{"@type":"ListItem","position":3,"name":"Unser Team"}]},{"@type":"WebSite","@id":"https:\/\/freie-akademie-bs.de\/#website","url":"https:\/\/freie-akademie-bs.de\/","name":"Freie Akademie Braunschweig","description":"Ihre regionale Sprachschule","potentialAction":[{"@type":"SearchAction","target":{"@type":"EntryPoint","urlTemplate":"https:\/\/freie-akademie-bs.de\/?s={search_term_string}"},"query-input":{"@type":"PropertyValueSpecification","valueRequired":true,"valueName":"search_term_string"}}],"inLanguage":"es"}]}},"_links":{"self":[{"href":"https:\/\/freie-akademie-bs.de\/es\/wp-json\/wp\/v2\/pages\/2315","targetHints":{"allow":["GET"]}}],"collection":[{"href":"https:\/\/freie-akademie-bs.de\/es\/wp-json\/wp\/v2\/pages"}],"about":[{"href":"https:\/\/freie-akademie-bs.de\/es\/wp-json\/wp\/v2\/types\/page"}],"author":[{"embeddable":true,"href":"https:\/\/freie-akademie-bs.de\/es\/wp-json\/wp\/v2\/users\/1"}],"replies":[{"embeddable":true,"href":"https:\/\/freie-akademie-bs.de\/es\/wp-json\/wp\/v2\/comments?post=2315"}],"version-history":[{"count":2,"href":"https:\/\/freie-akademie-bs.de\/es\/wp-json\/wp\/v2\/pages\/2315\/revisions"}],"predecessor-version":[{"id":2317,"href":"https:\/\/freie-akademie-bs.de\/es\/wp-json\/wp\/v2\/pages\/2315\/revisions\/2317"}],"up":[{"embeddable":true,"href":"https:\/\/freie-akademie-bs.de\/es\/wp-json\/wp\/v2\/pages\/2306"}],"wp:attachment":[{"href":"https:\/\/freie-akademie-bs.de\/es\/wp-json\/wp\/v2\/media?parent=2315"}],"curies":[{"name":"wp","href":"https:\/\/api.w.org\/{rel}","templated":true}]}}