{"id":1540,"date":"2024-11-14T20:37:40","date_gmt":"2024-11-14T19:37:40","guid":{"rendered":"https:\/\/freie-akademie-bs.de\/formacion-informatica\/"},"modified":"2024-12-10T11:02:43","modified_gmt":"2024-12-10T10:02:43","slug":"formacion-informatica","status":"publish","type":"page","link":"https:\/\/freie-akademie-bs.de\/es\/formacion-informatica\/","title":{"rendered":"Formaci\u00f3n inform\u00e1tica"},"content":{"rendered":"<div id='full_slider_1'  class='avia-fullwidth-slider main_color avia-shadow   avia-builder-el-0  el_before_av_section  avia-builder-el-first   container_wrap sidebar_right'  >\n<style type=\"text\/css\" data-created_by=\"avia_inline_auto\" id=\"style-css-av-m3htmd7b-dd86e04e7dda82ef300eea22bd2bd21c\">\n#top #wrap_all .avia-slideshow .av-slideshow-caption.av-m3htmd7b-dd86e04e7dda82ef300eea22bd2bd21c__0 .avia-caption-title{\nfont-size:60px;\n}\n\n@media only screen and (max-width: 479px){ \n#top #wrap_all .avia-slideshow .av-slideshow-caption.av-m3htmd7b-dd86e04e7dda82ef300eea22bd2bd21c__0 .avia-caption-title{\nfont-size:35px;\n}\n}\n<\/style>\n<div  class='avia-slideshow av-m3htmd7b-dd86e04e7dda82ef300eea22bd2bd21c avia-slideshow-featured av_slideshow_full avia-fade-slider av-slideshow-ui av-control-hidden av-no-slider-navigation av-hide-nav-arrows av-slideshow-autoplay av-loop-endless av-loop-manual-endless av-default-height-applied   avia-slideshow-1' data-slideshow-options=\"{&quot;animation&quot;:&quot;fade&quot;,&quot;autoplay&quot;:true,&quot;loop_autoplay&quot;:&quot;endless&quot;,&quot;interval&quot;:3,&quot;loop_manual&quot;:&quot;manual-endless&quot;,&quot;autoplay_stopper&quot;:false,&quot;noNavigation&quot;:true,&quot;bg_slider&quot;:false,&quot;keep_padding&quot;:false,&quot;hoverpause&quot;:false,&quot;show_slide_delay&quot;:0}\"  itemprop=\"image\" itemscope=\"itemscope\" itemtype=\"https:\/\/schema.org\/ImageObject\" ><ul class='avia-slideshow-inner ' style='padding-bottom: 28.6666666667%;'><li  class='avia-slideshow-slide av-m3htmd7b-dd86e04e7dda82ef300eea22bd2bd21c__0  av-single-slide slide-1 slide-odd'><div data-rel='slideshow-1' class='avia-slide-wrap '   ><img decoding=\"async\" fetchpriority=\"high\" class=\"wp-image-875 avia-img-lazy-loading-not-875\"  src=\"https:\/\/freie-akademie-bs.de\/wp-content\/uploads\/2024\/11\/Freie-Akademie-Braunschweig-IT-Weiterbildungen-Header-1500x430.jpg\" width=\"1500\" height=\"430\" title='Freie-Akademie-Braunschweig-IT-Weiterbildungen-Header' alt=''  itemprop=\"thumbnailUrl\"  style='min-height:300px; min-width:1047px; ' \/><\/div><\/li><\/ul><div class='av-slideshow-caption av-m3htmd7b-dd86e04e7dda82ef300eea22bd2bd21c__0 caption_fullwidth caption_center'><div class=\"container caption_container\"><div class=\"slideshow_caption\"><div class=\"slideshow_inner_caption\"><div class=\"slideshow_align_caption\"><h2 class='avia-caption-title '  itemprop=\"name\" >Preparado para el futuro: \u00a1conocimientos inform\u00e1ticos que te llevar\u00e1n m\u00e1s lejos!<\/h2><\/div><\/div><\/div><\/div><\/div><\/div><\/div>\n<div id='av_section_1'  class='avia-section av-145bta-7ed1c0b980f4085470fbec078a4d3319 main_color avia-section-default avia-no-border-styling  avia-builder-el-1  el_after_av_slideshow_full  el_before_av_one_full  avia-bg-style-scroll container_wrap sidebar_right'  ><div class='container av-section-cont-open' ><div class='template-page content  av-content-small alpha units'><div class='post-entry post-entry-type-page post-entry-1540'><div class='entry-content-wrapper clearfix'>\n\n<style type=\"text\/css\" data-created_by=\"avia_inline_auto\" id=\"style-css-av-bkqhq-c376c3b2799c07f8db40bca2b8a13075\">\n#top .av-special-heading.av-bkqhq-c376c3b2799c07f8db40bca2b8a13075{\npadding-bottom:10px;\nfont-size:40px;\n}\nbody .av-special-heading.av-bkqhq-c376c3b2799c07f8db40bca2b8a13075 .av-special-heading-tag .heading-char{\nfont-size:25px;\n}\n#top #wrap_all .av-special-heading.av-bkqhq-c376c3b2799c07f8db40bca2b8a13075 .av-special-heading-tag{\nfont-size:40px;\n}\n.av-special-heading.av-bkqhq-c376c3b2799c07f8db40bca2b8a13075 .av-subheading{\nfont-size:15px;\n}\n\n@media only screen and (min-width: 480px) and (max-width: 767px){ \n#top #wrap_all .av-special-heading.av-bkqhq-c376c3b2799c07f8db40bca2b8a13075 .av-special-heading-tag{\nfont-size:0.8em;\n}\n}\n\n@media only screen and (max-width: 479px){ \n#top #wrap_all .av-special-heading.av-bkqhq-c376c3b2799c07f8db40bca2b8a13075 .av-special-heading-tag{\nfont-size:0.8em;\n}\n}\n<\/style>\n<div  class='av-special-heading av-bkqhq-c376c3b2799c07f8db40bca2b8a13075 av-special-heading-h1 blockquote modern-quote  avia-builder-el-2  el_before_av_textblock  avia-builder-el-first  av-inherit-size'><h1 class='av-special-heading-tag '  itemprop=\"headline\"  >Formaci\u00f3n inform\u00e1tica en Braunschweig<\/h1><div class=\"special-heading-border\"><div class=\"special-heading-inner-border\"><\/div><\/div><\/div>\n<section  class='av_textblock_section av-aqwqla-041bf12e89dcfd0781777a1a30f83fad '   itemscope=\"itemscope\" itemtype=\"https:\/\/schema.org\/CreativeWork\" ><div class='avia_textblock'  itemprop=\"text\" ><p><strong>\u00a1Empieza ahora y desarrolla nuevas habilidades!<\/strong>  Aprovecha nuestra formaci\u00f3n continua para ponerte a punto en Microsoft Office y programaci\u00f3n, y brilla con eficacia y pericia en tu trabajo diario.<\/p>\n<\/div><\/section>\n\n<style type=\"text\/css\" data-created_by=\"avia_inline_auto\" id=\"style-css-av-arzx32-2f961f88b3fc70f8b5ee3977ba3bfc0d\">\n#top .flex_column.av-arzx32-2f961f88b3fc70f8b5ee3977ba3bfc0d{\nmargin-top:50px;\nmargin-bottom:0px;\n}\n.responsive #top #wrap_all .flex_column.av-arzx32-2f961f88b3fc70f8b5ee3977ba3bfc0d{\nmargin-top:50px;\nmargin-bottom:0px;\n}\n\n@media only screen and (max-width: 479px){ \n#top .flex_column.av-arzx32-2f961f88b3fc70f8b5ee3977ba3bfc0d{\nmargin-top:50px;\n}\n.responsive #top #wrap_all .flex_column.av-arzx32-2f961f88b3fc70f8b5ee3977ba3bfc0d{\nmargin-top:50px;\n}\n}\n<\/style>\n<div  class='flex_column av-arzx32-2f961f88b3fc70f8b5ee3977ba3bfc0d av_one_half  avia-builder-el-4  el_after_av_textblock  el_before_av_one_half  first flex_column_div  column-top-margin'     ><p>\n<style type=\"text\/css\" data-created_by=\"avia_inline_auto\" id=\"style-css-av-azmw06-53e80a4ec5f13834bf8e5d61faf8dd5e\">\n#top .av-special-heading.av-azmw06-53e80a4ec5f13834bf8e5d61faf8dd5e{\npadding-bottom:10px;\nfont-size:40px;\n}\nbody .av-special-heading.av-azmw06-53e80a4ec5f13834bf8e5d61faf8dd5e .av-special-heading-tag .heading-char{\nfont-size:25px;\n}\n#top #wrap_all .av-special-heading.av-azmw06-53e80a4ec5f13834bf8e5d61faf8dd5e .av-special-heading-tag{\nfont-size:40px;\n}\n.av-special-heading.av-azmw06-53e80a4ec5f13834bf8e5d61faf8dd5e .av-subheading{\nfont-size:20px;\n}\n\n@media only screen and (min-width: 480px) and (max-width: 767px){ \n#top #wrap_all .av-special-heading.av-azmw06-53e80a4ec5f13834bf8e5d61faf8dd5e .av-special-heading-tag{\nfont-size:0.8em;\n}\n}\n\n@media only screen and (max-width: 479px){ \n#top #wrap_all .av-special-heading.av-azmw06-53e80a4ec5f13834bf8e5d61faf8dd5e .av-special-heading-tag{\nfont-size:0.8em;\n}\n}\n<\/style>\n<div  class='av-special-heading av-azmw06-53e80a4ec5f13834bf8e5d61faf8dd5e av-special-heading-h3 blockquote modern-quote  avia-builder-el-5  el_before_av_textblock  avia-builder-el-first  av-inherit-size'><h3 class='av-special-heading-tag '  itemprop=\"headline\"  >Convi\u00e9rtete en un profesional de Microsoft Office<\/h3><div class='av-subheading av-subheading_below'><p>Aprendizaje de Microsoft Office y programaci\u00f3n: \u00a1eficiente, pr\u00e1ctico y al grano!<\/p>\n<\/div><div class=\"special-heading-border\"><div class=\"special-heading-inner-border\"><\/div><\/div><\/div><br \/>\n<section  class='av_textblock_section av-m3htttma-9f0f2b8cb7b9f7081ab74abaf08811ab '   itemscope=\"itemscope\" itemtype=\"https:\/\/schema.org\/CreativeWork\" ><div class='avia_textblock'  itemprop=\"text\" ><p>\u00a1Utiliza todo el potencial de Microsoft Office en tu trabajo diario! Descubre c\u00f3mo puedes alcanzar tus objetivos m\u00e1s r\u00e1pidamente con <strong>atractivas presentaciones<\/strong>, una gesti\u00f3n eficaz de <strong>citas y correos electr\u00f3nicos<\/strong> y una <strong>contabilidad<\/strong> simplificada. En nuestros cursos sobre Word, Excel, Outlook y PowerPoint, aprender\u00e1s mucho m\u00e1s que lo b\u00e1sico: descubre funciones pr\u00e1cticas y valiosos trucos que te ahorrar\u00e1n tiempo y esfuerzo.    <\/p>\n<h4>Lo m\u00e1s destacado de nuestros cursos de Microsoft Office:<\/h4>\n<ul>\n<li>Crea presentaciones profesionales<\/li>\n<li>Gesti\u00f3n eficaz del correo electr\u00f3nico y las tareas<\/li>\n<li>Procesos automatizados y an\u00e1lisis de datos en Excel<\/li>\n<li>Trucos y consejos para un uso productivo de todos los programas de Office<\/li>\n<\/ul>\n<\/div><\/section><\/p><\/div>\n<style type=\"text\/css\" data-created_by=\"avia_inline_auto\" id=\"style-css-av-fu10e-e4fac687aacabd0539e00377d06a1676\">\n#top .flex_column.av-fu10e-e4fac687aacabd0539e00377d06a1676{\nmargin-top:50px;\nmargin-bottom:0px;\n}\n.responsive #top #wrap_all .flex_column.av-fu10e-e4fac687aacabd0539e00377d06a1676{\nmargin-top:50px;\nmargin-bottom:0px;\n}\n\n@media only screen and (max-width: 479px){ \n#top .flex_column.av-fu10e-e4fac687aacabd0539e00377d06a1676{\nmargin-top:50px;\n}\n.responsive #top #wrap_all .flex_column.av-fu10e-e4fac687aacabd0539e00377d06a1676{\nmargin-top:50px;\n}\n}\n<\/style>\n<div  class='flex_column av-fu10e-e4fac687aacabd0539e00377d06a1676 av_one_half  avia-builder-el-7  el_after_av_one_half  avia-builder-el-last  flex_column_div  column-top-margin'     ><p>\n<style type=\"text\/css\" data-created_by=\"avia_inline_auto\" id=\"style-css-av-m3htuogv-3a0ae08d732feab2b5775a4137f8c7aa\">\n#top .av-special-heading.av-m3htuogv-3a0ae08d732feab2b5775a4137f8c7aa{\npadding-bottom:10px;\nfont-size:40px;\n}\nbody .av-special-heading.av-m3htuogv-3a0ae08d732feab2b5775a4137f8c7aa .av-special-heading-tag .heading-char{\nfont-size:25px;\n}\n#top #wrap_all .av-special-heading.av-m3htuogv-3a0ae08d732feab2b5775a4137f8c7aa .av-special-heading-tag{\nfont-size:40px;\n}\n.av-special-heading.av-m3htuogv-3a0ae08d732feab2b5775a4137f8c7aa .av-subheading{\nfont-size:20px;\n}\n\n@media only screen and (min-width: 480px) and (max-width: 767px){ \n#top #wrap_all .av-special-heading.av-m3htuogv-3a0ae08d732feab2b5775a4137f8c7aa .av-special-heading-tag{\nfont-size:0.8em;\n}\n}\n\n@media only screen and (max-width: 479px){ \n#top #wrap_all .av-special-heading.av-m3htuogv-3a0ae08d732feab2b5775a4137f8c7aa .av-special-heading-tag{\nfont-size:0.8em;\n}\n}\n<\/style>\n<div  class='av-special-heading av-m3htuogv-3a0ae08d732feab2b5775a4137f8c7aa av-special-heading-h3 blockquote modern-quote  avia-builder-el-8  el_before_av_textblock  avia-builder-el-first  av-inherit-size'><h3 class='av-special-heading-tag '  itemprop=\"headline\"  >Programaci\u00f3n para principiantes y avanzados<\/h3><div class=\"special-heading-border\"><div class=\"special-heading-inner-border\"><\/div><\/div><\/div><br \/>\n<section  class='av_textblock_section av-a2w7y-ecefcb9c113991e93f9215eeba620719 '   itemscope=\"itemscope\" itemtype=\"https:\/\/schema.org\/CreativeWork\" ><div class='avia_textblock'  itemprop=\"text\" ><p>\u00a1Ampl\u00eda tus habilidades con los codiciados conocimientos de programaci\u00f3n! En nuestros cursos de programaci\u00f3n aprender\u00e1s a utilizar <strong>JavaScript, C++, Visual Basic, HTML y PHP<\/strong>, las herramientas para el desarrollo de software moderno y el dise\u00f1o web. Ya sea para desarrollar aplicaciones, soluciones de bases de datos o dise\u00f1ar el sitio web de tu empresa, nuestros cursos te ofrecen los conocimientos que cuentan en el mundo laboral actual.    <\/p>\n<h4>Esto es lo que puedes esperar de nuestros cursos de programaci\u00f3n:<\/h4>\n<ul>\n<li>Introducci\u00f3n a los lenguajes de programaci\u00f3n habituales<\/li>\n<li>Desarrollo de software de usuario e interfaces de usuario<\/li>\n<li>Creaci\u00f3n y mantenimiento de sitios web y soluciones de bases de datos<\/li>\n<li>Ejercicios y proyectos orientados a la pr\u00e1ctica para un \u00e9xito real del aprendizaje<\/li>\n<\/ul>\n<\/div><\/section><\/p><\/div>\n<\/div><\/div><\/div><!-- close content main div --><\/div><\/div><div id='after_section_1'  class='main_color av_default_container_wrap container_wrap sidebar_right'  ><div class='container av-section-cont-open' ><div class='template-page content  av-content-small alpha units'><div class='post-entry post-entry-type-page post-entry-1540'><div class='entry-content-wrapper clearfix'>\n\n<style type=\"text\/css\" data-created_by=\"avia_inline_auto\" id=\"style-css-av-5eeag6-b4990d83f89dd16cd3cdc0cc293d8b23\">\n#top .flex_column.av-5eeag6-b4990d83f89dd16cd3cdc0cc293d8b23{\nmargin-top:100px;\n}\n.flex_column.av-5eeag6-b4990d83f89dd16cd3cdc0cc293d8b23{\nborder-radius:50px 50px 50px 50px;\npadding:80px 80px 80px 80px;\nbackground-color:#0067b1;\n}\n.responsive #top #wrap_all .flex_column.av-5eeag6-b4990d83f89dd16cd3cdc0cc293d8b23{\nmargin-top:100px;\n}\n\n@media only screen and (min-width: 480px) and (max-width: 767px){ \n.flex_column.av-5eeag6-b4990d83f89dd16cd3cdc0cc293d8b23{\npadding:0px 0px 0px 0px;\n}\n}\n\n@media only screen and (max-width: 479px){ \n.flex_column.av-5eeag6-b4990d83f89dd16cd3cdc0cc293d8b23{\npadding:70px 20px 70px 20px;\n}\n}\n<\/style>\n<div  class='flex_column av-5eeag6-b4990d83f89dd16cd3cdc0cc293d8b23 av_one_full  avia-builder-el-10  el_after_av_section  avia-builder-el-no-sibling  first flex_column_div av-animated-generic bottom-to-top av-parallax-object avia-full-stretch  ' data-parallax=\"{&quot;parallax&quot;:&quot;bottom_top&quot;,&quot;parallax_speed&quot;:&quot;10&quot;,&quot;av-desktop-parallax&quot;:&quot;inherit&quot;,&quot;av-desktop-parallax_speed&quot;:&quot;inherit&quot;,&quot;av-medium-parallax&quot;:&quot;inherit&quot;,&quot;av-medium-parallax_speed&quot;:&quot;inherit&quot;,&quot;av-small-parallax&quot;:&quot;inherit&quot;,&quot;av-small-parallax_speed&quot;:&quot;inherit&quot;,&quot;av-mini-parallax&quot;:&quot;inherit&quot;,&quot;av-mini-parallax_speed&quot;:&quot;inherit&quot;,&quot;parallax-container&quot;:&quot;.av-5eeag6-b4990d83f89dd16cd3cdc0cc293d8b23&quot;}\"    ><p>\n<style type=\"text\/css\" data-created_by=\"avia_inline_auto\" id=\"style-css-av-59rkwm-90537fe5caa5fe08e7f3a8e771a9504e\">\n#top .av-special-heading.av-59rkwm-90537fe5caa5fe08e7f3a8e771a9504e{\npadding-bottom:10px;\ncolor:#ffffff;\nfont-size:40px;\n}\nbody .av-special-heading.av-59rkwm-90537fe5caa5fe08e7f3a8e771a9504e .av-special-heading-tag .heading-char{\nfont-size:25px;\n}\n#top #wrap_all .av-special-heading.av-59rkwm-90537fe5caa5fe08e7f3a8e771a9504e .av-special-heading-tag{\nfont-size:40px;\n}\n.av-special-heading.av-59rkwm-90537fe5caa5fe08e7f3a8e771a9504e .special-heading-inner-border{\nborder-color:#ffffff;\n}\n.av-special-heading.av-59rkwm-90537fe5caa5fe08e7f3a8e771a9504e .av-subheading{\nfont-size:20px;\n}\n\n@media only screen and (min-width: 480px) and (max-width: 767px){ \n#top #wrap_all .av-special-heading.av-59rkwm-90537fe5caa5fe08e7f3a8e771a9504e .av-special-heading-tag{\nfont-size:0.8em;\n}\n}\n\n@media only screen and (max-width: 479px){ \n#top #wrap_all .av-special-heading.av-59rkwm-90537fe5caa5fe08e7f3a8e771a9504e .av-special-heading-tag{\nfont-size:0.8em;\n}\n}\n<\/style>\n<div  class='av-special-heading av-59rkwm-90537fe5caa5fe08e7f3a8e771a9504e av-special-heading-h3 custom-color-heading blockquote modern-quote  avia-builder-el-11  el_before_av_iconlist  avia-builder-el-first  av-inherit-size'><h3 class='av-special-heading-tag '  itemprop=\"headline\"  >\u00bfTienes alguna pregunta?  <br \/>Estamos a tu disposici\u00f3n.<\/h3><div class='av_custom_color av-subheading av-subheading_below'><p>Tu contacto Damiri Knapheide<\/p>\n<\/div><div class=\"special-heading-border\"><div class=\"special-heading-inner-border\"><\/div><\/div><\/div><br \/>\n\n<style type=\"text\/css\" data-created_by=\"avia_inline_auto\" id=\"style-css-av-537mb2-b9895a18d08811b3bb38cf84ee2807a8\">\n#top .avia-icon-list-container.av-537mb2-b9895a18d08811b3bb38cf84ee2807a8 .iconlist_icon{\ncolor:#ffffff;\n}\n#top #wrap_all .avia-icon-list-container.av-537mb2-b9895a18d08811b3bb38cf84ee2807a8 .av_iconlist_title{\ncolor:#ffffff;\n}\n\n@media only screen and (max-width: 479px){ \n#top #wrap_all .avia-icon-list-container.av-537mb2-b9895a18d08811b3bb38cf84ee2807a8 .av_iconlist_title{\nfont-size:20px;\n}\n}\n<\/style>\n<div  class='avia-icon-list-container av-537mb2-b9895a18d08811b3bb38cf84ee2807a8  avia-builder-el-12  el_after_av_heading  avia-builder-el-last '><ul class='avia-icon-list avia_animate_when_almost_visible avia-icon-list-left av-iconlist-small av-537mb2-b9895a18d08811b3bb38cf84ee2807a8 avia-iconlist-animate'>\n<li><div class='iconlist_icon av-4vq3di-6bd22c0bad85480934d66f8ae656c8b6 avia-font-entypo-fontello'><span class='iconlist-char' aria-hidden='true' data-av_icon='\ue854' data-av_iconfont='entypo-fontello'><\/span><\/div><article class=\"article-icon-entry av-iconlist-empty\"  itemscope=\"itemscope\" itemtype=\"https:\/\/schema.org\/CreativeWork\" ><div class=\"iconlist_content_wrap\"><header class=\"entry-content-header\" aria-label=\"Icon: &lt;a href=&#039;tel:+495316150330&#039; title=&#039;0531 \/ 6150330&#039;&gt;0531 \/ 6150330&lt;\/a&gt;\"><div class='av_iconlist_title iconlist_title_small  av_inherit_color'  itemprop=\"headline\" ><a href='tel:+495316150330' title='0531 \/ 6150330'>0531 \/ 6150330<\/a><\/div><\/header><div class='iconlist_content '  itemprop=\"text\" ><\/div><\/div><footer class=\"entry-footer\"><\/footer><\/article><div class=\"iconlist-timeline\"><\/div><\/li>\n<li><div class='iconlist_icon av-h2adi-441951e96ddd148880a4850d7de1650a avia-font-entypo-fontello'><span class='iconlist-char' aria-hidden='true' data-av_icon='\ue805' data-av_iconfont='entypo-fontello'><\/span><\/div><article class=\"article-icon-entry av-iconlist-empty\"  itemscope=\"itemscope\" itemtype=\"https:\/\/schema.org\/CreativeWork\" ><div class=\"iconlist_content_wrap\"><header class=\"entry-content-header\" aria-label=\"Icon: &lt;a href=&#039;mailto:info@freie-akademie-bs.de&#039; title=&#039;info@freie-akademie-bs.de&#039;&gt;info@freie-akademie-bs.de&lt;\/a&gt;\"><div class='av_iconlist_title iconlist_title_small  av_inherit_color'  itemprop=\"headline\" ><a href='mailto:info@freie-akademie-bs.de' title='info@freie-akademie-bs.de'>info@freie-akademie-bs.de<\/a><\/div><\/header><div class='iconlist_content '  itemprop=\"text\" ><\/div><\/div><footer class=\"entry-footer\"><\/footer><\/article><div class=\"iconlist-timeline\"><\/div><\/li>\n<\/ul><\/div><\/p><\/div>\n","protected":false},"excerpt":{"rendered":"","protected":false},"author":1,"featured_media":0,"parent":0,"menu_order":0,"comment_status":"closed","ping_status":"closed","template":"","meta":{"footnotes":""},"class_list":["post-1540","page","type-page","status-publish","hentry"],"yoast_head":"<!-- This site is optimized with the Yoast SEO plugin v25.5 - https:\/\/yoast.com\/wordpress\/plugins\/seo\/ -->\n<title>Formaci\u00f3n inform\u00e1tica - Freie Akademie Braunschweig<\/title>\n<meta name=\"robots\" content=\"index, follow, max-snippet:-1, max-image-preview:large, max-video-preview:-1\" \/>\n<link rel=\"canonical\" href=\"https:\/\/freie-akademie-bs.de\/it-weiterbildungen\/\" \/>\n<meta property=\"og:locale\" content=\"es_ES\" \/>\n<meta property=\"og:type\" content=\"article\" \/>\n<meta property=\"og:title\" content=\"Formaci\u00f3n inform\u00e1tica - Freie Akademie Braunschweig\" \/>\n<meta property=\"og:url\" content=\"https:\/\/freie-akademie-bs.de\/it-weiterbildungen\/\" \/>\n<meta property=\"og:site_name\" content=\"Freie Akademie Braunschweig\" \/>\n<meta property=\"article:modified_time\" content=\"2024-12-10T10:02:43+00:00\" \/>\n<meta name=\"twitter:card\" content=\"summary_large_image\" \/>\n<meta name=\"twitter:label1\" content=\"Tiempo de lectura\" \/>\n\t<meta name=\"twitter:data1\" content=\"18 minutos\" \/>\n<script type=\"application\/ld+json\" class=\"yoast-schema-graph\">{\"@context\":\"https:\/\/schema.org\",\"@graph\":[{\"@type\":\"WebPage\",\"@id\":\"https:\/\/freie-akademie-bs.de\/it-weiterbildungen\/\",\"url\":\"https:\/\/freie-akademie-bs.de\/it-weiterbildungen\/\",\"name\":\"Formaci\u00f3n inform\u00e1tica - Freie Akademie Braunschweig\",\"isPartOf\":{\"@id\":\"https:\/\/freie-akademie-bs.de\/#website\"},\"datePublished\":\"2024-11-14T19:37:40+00:00\",\"dateModified\":\"2024-12-10T10:02:43+00:00\",\"breadcrumb\":{\"@id\":\"https:\/\/freie-akademie-bs.de\/it-weiterbildungen\/#breadcrumb\"},\"inLanguage\":\"es\",\"potentialAction\":[{\"@type\":\"ReadAction\",\"target\":[\"https:\/\/freie-akademie-bs.de\/it-weiterbildungen\/\"]}]},{\"@type\":\"BreadcrumbList\",\"@id\":\"https:\/\/freie-akademie-bs.de\/it-weiterbildungen\/#breadcrumb\",\"itemListElement\":[{\"@type\":\"ListItem\",\"position\":1,\"name\":\"Startseite\",\"item\":\"https:\/\/freie-akademie-bs.de\/es\/pagina-de-inicio\/\"},{\"@type\":\"ListItem\",\"position\":2,\"name\":\"Formaci\u00f3n inform\u00e1tica\"}]},{\"@type\":\"WebSite\",\"@id\":\"https:\/\/freie-akademie-bs.de\/#website\",\"url\":\"https:\/\/freie-akademie-bs.de\/\",\"name\":\"Freie Akademie Braunschweig\",\"description\":\"Ihre regionale Sprachschule\",\"potentialAction\":[{\"@type\":\"SearchAction\",\"target\":{\"@type\":\"EntryPoint\",\"urlTemplate\":\"https:\/\/freie-akademie-bs.de\/?s={search_term_string}\"},\"query-input\":{\"@type\":\"PropertyValueSpecification\",\"valueRequired\":true,\"valueName\":\"search_term_string\"}}],\"inLanguage\":\"es\"}]}<\/script>\n<!-- \/ Yoast SEO plugin. -->","yoast_head_json":{"title":"Formaci\u00f3n inform\u00e1tica - Freie Akademie Braunschweig","robots":{"index":"index","follow":"follow","max-snippet":"max-snippet:-1","max-image-preview":"max-image-preview:large","max-video-preview":"max-video-preview:-1"},"canonical":"https:\/\/freie-akademie-bs.de\/it-weiterbildungen\/","og_locale":"es_ES","og_type":"article","og_title":"Formaci\u00f3n inform\u00e1tica - Freie Akademie Braunschweig","og_url":"https:\/\/freie-akademie-bs.de\/it-weiterbildungen\/","og_site_name":"Freie Akademie Braunschweig","article_modified_time":"2024-12-10T10:02:43+00:00","twitter_card":"summary_large_image","twitter_misc":{"Tiempo de lectura":"18 minutos"},"schema":{"@context":"https:\/\/schema.org","@graph":[{"@type":"WebPage","@id":"https:\/\/freie-akademie-bs.de\/it-weiterbildungen\/","url":"https:\/\/freie-akademie-bs.de\/it-weiterbildungen\/","name":"Formaci\u00f3n inform\u00e1tica - Freie Akademie Braunschweig","isPartOf":{"@id":"https:\/\/freie-akademie-bs.de\/#website"},"datePublished":"2024-11-14T19:37:40+00:00","dateModified":"2024-12-10T10:02:43+00:00","breadcrumb":{"@id":"https:\/\/freie-akademie-bs.de\/it-weiterbildungen\/#breadcrumb"},"inLanguage":"es","potentialAction":[{"@type":"ReadAction","target":["https:\/\/freie-akademie-bs.de\/it-weiterbildungen\/"]}]},{"@type":"BreadcrumbList","@id":"https:\/\/freie-akademie-bs.de\/it-weiterbildungen\/#breadcrumb","itemListElement":[{"@type":"ListItem","position":1,"name":"Startseite","item":"https:\/\/freie-akademie-bs.de\/es\/pagina-de-inicio\/"},{"@type":"ListItem","position":2,"name":"Formaci\u00f3n inform\u00e1tica"}]},{"@type":"WebSite","@id":"https:\/\/freie-akademie-bs.de\/#website","url":"https:\/\/freie-akademie-bs.de\/","name":"Freie Akademie Braunschweig","description":"Ihre regionale Sprachschule","potentialAction":[{"@type":"SearchAction","target":{"@type":"EntryPoint","urlTemplate":"https:\/\/freie-akademie-bs.de\/?s={search_term_string}"},"query-input":{"@type":"PropertyValueSpecification","valueRequired":true,"valueName":"search_term_string"}}],"inLanguage":"es"}]}},"_links":{"self":[{"href":"https:\/\/freie-akademie-bs.de\/es\/wp-json\/wp\/v2\/pages\/1540","targetHints":{"allow":["GET"]}}],"collection":[{"href":"https:\/\/freie-akademie-bs.de\/es\/wp-json\/wp\/v2\/pages"}],"about":[{"href":"https:\/\/freie-akademie-bs.de\/es\/wp-json\/wp\/v2\/types\/page"}],"author":[{"embeddable":true,"href":"https:\/\/freie-akademie-bs.de\/es\/wp-json\/wp\/v2\/users\/1"}],"replies":[{"embeddable":true,"href":"https:\/\/freie-akademie-bs.de\/es\/wp-json\/wp\/v2\/comments?post=1540"}],"version-history":[{"count":2,"href":"https:\/\/freie-akademie-bs.de\/es\/wp-json\/wp\/v2\/pages\/1540\/revisions"}],"predecessor-version":[{"id":1552,"href":"https:\/\/freie-akademie-bs.de\/es\/wp-json\/wp\/v2\/pages\/1540\/revisions\/1552"}],"wp:attachment":[{"href":"https:\/\/freie-akademie-bs.de\/es\/wp-json\/wp\/v2\/media?parent=1540"}],"curies":[{"name":"wp","href":"https:\/\/api.w.org\/{rel}","templated":true}]}}