{"id":1218,"date":"2024-11-14T13:02:57","date_gmt":"2024-11-14T12:02:57","guid":{"rendered":"https:\/\/freie-akademie-bs.de\/pie-de-imprenta\/"},"modified":"2026-02-06T11:51:16","modified_gmt":"2026-02-06T10:51:16","slug":"pie-de-imprenta","status":"publish","type":"page","link":"https:\/\/freie-akademie-bs.de\/es\/pie-de-imprenta\/","title":{"rendered":"Pie de imprenta"},"content":{"rendered":"\n<style type=\"text\/css\" data-created_by=\"avia_inline_auto\" id=\"style-css-av-m3hsse5x-92930f31879705c965504e3b60706a88\">\n#top .av-special-heading.av-m3hsse5x-92930f31879705c965504e3b60706a88{\npadding-bottom:10px;\n}\nbody .av-special-heading.av-m3hsse5x-92930f31879705c965504e3b60706a88 .av-special-heading-tag .heading-char{\nfont-size:25px;\n}\n.av-special-heading.av-m3hsse5x-92930f31879705c965504e3b60706a88 .av-subheading{\nfont-size:15px;\n}\n<\/style>\n<div  class='av-special-heading av-m3hsse5x-92930f31879705c965504e3b60706a88 av-special-heading-h1 blockquote modern-quote  avia-builder-el-0  el_before_av_hr  avia-builder-el-first '><h1 class='av-special-heading-tag '  itemprop=\"headline\"  >Pie de imprenta<\/h1><div class='av-subheading av-subheading_below'><p>Informaci\u00f3n seg\u00fan \u00a7 5 DDG, responsable del contenido seg\u00fan \u00a7 55 Abs. 2 RStV<\/p>\n<\/div><div class=\"special-heading-border\"><div class=\"special-heading-inner-border\"><\/div><\/div><\/div>\n\n<style type=\"text\/css\" data-created_by=\"avia_inline_auto\" id=\"style-css-av-m3hssmth-84cc3a9d4d6c97d3a1f1d5c05498b008\">\n#top .hr.hr-invisible.av-m3hssmth-84cc3a9d4d6c97d3a1f1d5c05498b008{\nheight:50px;\n}\n<\/style>\n<div  class='hr av-m3hssmth-84cc3a9d4d6c97d3a1f1d5c05498b008 hr-invisible  avia-builder-el-1  el_after_av_heading  el_before_av_one_half '><span class='hr-inner '><span class=\"hr-inner-style\"><\/span><\/span><\/div>\n<div  class='flex_column av-2cvnr-2980e3c1f313f323105a4b85c1570953 av_one_half  avia-builder-el-2  el_after_av_hr  el_before_av_one_half  first flex_column_div  '     ><section  class='av_textblock_section av-m3hssvc4-452ff855830518f36f5d9530d94bb296 '   itemscope=\"itemscope\" itemtype=\"https:\/\/schema.org\/CreativeWork\" ><div class='avia_textblock'  itemprop=\"text\" ><h3>Academia Libre de Braunschweig, Kara &amp; Knapheide GbR<\/h3>\n<p>Bolsa 12<br \/>\n38106 Braunschweig<\/p>\n<p>Amtsgericht Braunschweig<\/p>\n<p>N\u00famero de impuesto: 14\/235\/59409<br \/>\nN\u00famero de empresa: 24456892<\/p>\n<\/div><\/section><\/div><div  class='flex_column av-50tb-92c07e9a775bf94fd6129a007d3f4c68 av_one_half  avia-builder-el-4  el_after_av_one_half  el_before_av_hr  flex_column_div  '     ><section  class='av_textblock_section av-m3hst16r-cd178c1d7d910074ad22f5649000bef2 '   itemscope=\"itemscope\" itemtype=\"https:\/\/schema.org\/CreativeWork\" ><div class='avia_textblock'  itemprop=\"text\" ><h3>Contacta con nosotros<\/h3>\n<p>Tel\u00e9fono: 0531 \/ 6150330<br \/>\nE-Mail: info@freie-akademie-bs.de<\/p>\n<p><strong>Representado por:<\/strong><br \/>\nMustafa Kara<br \/>\nDamiri David Knapheide<\/p>\n<\/div><\/section><\/div><\/p>\n\n<style type=\"text\/css\" data-created_by=\"avia_inline_auto\" id=\"style-css-av-pirz-f633b9a756034838d90fcc0326957f69\">\n#top .hr.hr-invisible.av-pirz-f633b9a756034838d90fcc0326957f69{\nheight:50px;\n}\n<\/style>\n<div  class='hr av-pirz-f633b9a756034838d90fcc0326957f69 hr-invisible  avia-builder-el-6  el_after_av_one_half  el_before_av_textblock '><span class='hr-inner '><span class=\"hr-inner-style\"><\/span><\/span><\/div>\n<section  class='av_textblock_section av-m3hstiuf-53abb97a5444091bb952b7f1695c9d25 '   itemscope=\"itemscope\" itemtype=\"https:\/\/schema.org\/CreativeWork\" ><div class='avia_textblock'  itemprop=\"text\" ><p>Plataforma de resoluci\u00f3n de litigios en l\u00ednea de la Comisi\u00f3n Europea: <a href=\"https:\/\/ec.europa.eu\/consumers\/odr\">https:\/\/ec.europa.eu\/consumers\/odr<\/a><br \/>\nNo estamos obligados ni dispuestos a participar en un procedimiento de resoluci\u00f3n de litigios extrajudicial.<\/p>\n<p><strong>Responsabilidad por el contenido<\/strong><br \/>\nComo proveedor de servicios, somos responsables seg\u00fan el art\u00edculo 7, apartado 1 DDG es responsable de su propio contenido en estas p\u00e1ginas de acuerdo con las leyes generales. Sin embargo, de acuerdo con los art\u00edculos 8 a 10 de la DDG, nosotros como proveedores de servicios no estamos obligados a supervisar la informaci\u00f3n de terceros transmitida o almacenada ni a investigar circunstancias que indiquen una actividad ilegal.<\/p>\n<p>Las obligaciones de eliminar o bloquear el uso de informaci\u00f3n seg\u00fan las leyes generales no se ver\u00e1n afectadas. Sin embargo, la responsabilidad a este respecto solo es posible a partir del momento en el que se tiene conocimiento de una infracci\u00f3n legal concreta. Al tener conocimiento de cualquier infracci\u00f3n legal, eliminaremos dicho contenido inmediatamente.<\/p>\n<p><strong>Responsabilidad por enlaces<\/strong><br \/>\nNuestro sitio web contiene enlaces a sitios web externos de terceros, sobre cuyo contenido no tenemos ninguna influencia. Por lo tanto, no podemos asumir ninguna responsabilidad por este contenido externo. El respectivo proveedor u operador de las p\u00e1ginas enlazadas ser\u00e1 siempre responsable de su contenido. Las p\u00e1ginas enlazadas fueron comprobadas en el momento de crearse los enlaces para detectar posibles infracciones legales. En el momento de crear el enlace no se observ\u00f3 ning\u00fan contenido ilegal.<\/p>\n<p>Sin embargo, no es razonable realizar un seguimiento continuo del contenido de las p\u00e1ginas enlazadas sin pruebas concretas de una infracci\u00f3n legal. En caso de notificaci\u00f3n de infracciones legales, eliminaremos dichos enlaces inmediatamente.<\/p>\n<p>Derechos de autor<br \/>\nEl contenido y las obras creadas por los operadores del sitio en estas p\u00e1ginas est\u00e1n sujetos a la legislaci\u00f3n alemana sobre derechos de autor. La reproducci\u00f3n, transformaci\u00f3n, distribuci\u00f3n y cualquier tipo de explotaci\u00f3n fuera de los l\u00edmites del derecho de autor requieren el consentimiento por escrito del respectivo autor o creador. Las descargas y copias de esta p\u00e1gina est\u00e1n permitidas \u00fanicamente para uso privado y no comercial.<\/p>\n<p>En la medida en que el contenido de esta p\u00e1gina no haya sido creado por el operador, se respetar\u00e1n los derechos de autor de terceros. En particular, el contenido de terceros est\u00e1 marcado como tal. Si, a pesar de todo, llegase a tener conocimiento de alguna infracci\u00f3n de derechos de autor, le rogamos que nos lo comunique. Al tener conocimiento de cualquier infracci\u00f3n legal, eliminaremos dicho contenido inmediatamente.<\/p>\n<\/div><\/section>\n","protected":false},"excerpt":{"rendered":"","protected":false},"author":1,"featured_media":0,"parent":0,"menu_order":0,"comment_status":"closed","ping_status":"closed","template":"","meta":{"footnotes":""},"class_list":["post-1218","page","type-page","status-publish","hentry"],"yoast_head":"<!-- This site is optimized with the Yoast SEO plugin v25.5 - https:\/\/yoast.com\/wordpress\/plugins\/seo\/ -->\n<title>Pie de imprenta - Freie Akademie Braunschweig<\/title>\n<meta name=\"robots\" content=\"index, follow, max-snippet:-1, max-image-preview:large, max-video-preview:-1\" \/>\n<link rel=\"canonical\" href=\"https:\/\/freie-akademie-bs.de\/es\/pie-de-imprenta\/\" \/>\n<meta property=\"og:locale\" content=\"es_ES\" \/>\n<meta property=\"og:type\" content=\"article\" \/>\n<meta property=\"og:title\" content=\"Pie de imprenta - Freie Akademie Braunschweig\" \/>\n<meta property=\"og:url\" content=\"https:\/\/freie-akademie-bs.de\/es\/pie-de-imprenta\/\" \/>\n<meta property=\"og:site_name\" content=\"Freie Akademie Braunschweig\" \/>\n<meta property=\"article:modified_time\" content=\"2026-02-06T10:51:16+00:00\" \/>\n<meta name=\"twitter:card\" content=\"summary_large_image\" \/>\n<meta name=\"twitter:label1\" content=\"Tiempo de lectura\" \/>\n\t<meta name=\"twitter:data1\" content=\"10 minutos\" \/>\n<script type=\"application\/ld+json\" class=\"yoast-schema-graph\">{\"@context\":\"https:\/\/schema.org\",\"@graph\":[{\"@type\":\"WebPage\",\"@id\":\"https:\/\/freie-akademie-bs.de\/es\/pie-de-imprenta\/\",\"url\":\"https:\/\/freie-akademie-bs.de\/es\/pie-de-imprenta\/\",\"name\":\"Pie de imprenta - Freie Akademie Braunschweig\",\"isPartOf\":{\"@id\":\"https:\/\/freie-akademie-bs.de\/#website\"},\"datePublished\":\"2024-11-14T12:02:57+00:00\",\"dateModified\":\"2026-02-06T10:51:16+00:00\",\"breadcrumb\":{\"@id\":\"https:\/\/freie-akademie-bs.de\/es\/pie-de-imprenta\/#breadcrumb\"},\"inLanguage\":\"es\",\"potentialAction\":[{\"@type\":\"ReadAction\",\"target\":[\"https:\/\/freie-akademie-bs.de\/es\/pie-de-imprenta\/\"]}]},{\"@type\":\"BreadcrumbList\",\"@id\":\"https:\/\/freie-akademie-bs.de\/es\/pie-de-imprenta\/#breadcrumb\",\"itemListElement\":[{\"@type\":\"ListItem\",\"position\":1,\"name\":\"Startseite\",\"item\":\"https:\/\/freie-akademie-bs.de\/es\/pagina-de-inicio\/\"},{\"@type\":\"ListItem\",\"position\":2,\"name\":\"Pie de imprenta\"}]},{\"@type\":\"WebSite\",\"@id\":\"https:\/\/freie-akademie-bs.de\/#website\",\"url\":\"https:\/\/freie-akademie-bs.de\/\",\"name\":\"Freie Akademie Braunschweig\",\"description\":\"Ihre regionale Sprachschule\",\"potentialAction\":[{\"@type\":\"SearchAction\",\"target\":{\"@type\":\"EntryPoint\",\"urlTemplate\":\"https:\/\/freie-akademie-bs.de\/?s={search_term_string}\"},\"query-input\":{\"@type\":\"PropertyValueSpecification\",\"valueRequired\":true,\"valueName\":\"search_term_string\"}}],\"inLanguage\":\"es\"}]}<\/script>\n<!-- \/ Yoast SEO plugin. -->","yoast_head_json":{"title":"Pie de imprenta - Freie Akademie Braunschweig","robots":{"index":"index","follow":"follow","max-snippet":"max-snippet:-1","max-image-preview":"max-image-preview:large","max-video-preview":"max-video-preview:-1"},"canonical":"https:\/\/freie-akademie-bs.de\/es\/pie-de-imprenta\/","og_locale":"es_ES","og_type":"article","og_title":"Pie de imprenta - Freie Akademie Braunschweig","og_url":"https:\/\/freie-akademie-bs.de\/es\/pie-de-imprenta\/","og_site_name":"Freie Akademie Braunschweig","article_modified_time":"2026-02-06T10:51:16+00:00","twitter_card":"summary_large_image","twitter_misc":{"Tiempo de lectura":"10 minutos"},"schema":{"@context":"https:\/\/schema.org","@graph":[{"@type":"WebPage","@id":"https:\/\/freie-akademie-bs.de\/es\/pie-de-imprenta\/","url":"https:\/\/freie-akademie-bs.de\/es\/pie-de-imprenta\/","name":"Pie de imprenta - Freie Akademie Braunschweig","isPartOf":{"@id":"https:\/\/freie-akademie-bs.de\/#website"},"datePublished":"2024-11-14T12:02:57+00:00","dateModified":"2026-02-06T10:51:16+00:00","breadcrumb":{"@id":"https:\/\/freie-akademie-bs.de\/es\/pie-de-imprenta\/#breadcrumb"},"inLanguage":"es","potentialAction":[{"@type":"ReadAction","target":["https:\/\/freie-akademie-bs.de\/es\/pie-de-imprenta\/"]}]},{"@type":"BreadcrumbList","@id":"https:\/\/freie-akademie-bs.de\/es\/pie-de-imprenta\/#breadcrumb","itemListElement":[{"@type":"ListItem","position":1,"name":"Startseite","item":"https:\/\/freie-akademie-bs.de\/es\/pagina-de-inicio\/"},{"@type":"ListItem","position":2,"name":"Pie de imprenta"}]},{"@type":"WebSite","@id":"https:\/\/freie-akademie-bs.de\/#website","url":"https:\/\/freie-akademie-bs.de\/","name":"Freie Akademie Braunschweig","description":"Ihre regionale Sprachschule","potentialAction":[{"@type":"SearchAction","target":{"@type":"EntryPoint","urlTemplate":"https:\/\/freie-akademie-bs.de\/?s={search_term_string}"},"query-input":{"@type":"PropertyValueSpecification","valueRequired":true,"valueName":"search_term_string"}}],"inLanguage":"es"}]}},"_links":{"self":[{"href":"https:\/\/freie-akademie-bs.de\/es\/wp-json\/wp\/v2\/pages\/1218","targetHints":{"allow":["GET"]}}],"collection":[{"href":"https:\/\/freie-akademie-bs.de\/es\/wp-json\/wp\/v2\/pages"}],"about":[{"href":"https:\/\/freie-akademie-bs.de\/es\/wp-json\/wp\/v2\/types\/page"}],"author":[{"embeddable":true,"href":"https:\/\/freie-akademie-bs.de\/es\/wp-json\/wp\/v2\/users\/1"}],"replies":[{"embeddable":true,"href":"https:\/\/freie-akademie-bs.de\/es\/wp-json\/wp\/v2\/comments?post=1218"}],"version-history":[{"count":10,"href":"https:\/\/freie-akademie-bs.de\/es\/wp-json\/wp\/v2\/pages\/1218\/revisions"}],"predecessor-version":[{"id":2305,"href":"https:\/\/freie-akademie-bs.de\/es\/wp-json\/wp\/v2\/pages\/1218\/revisions\/2305"}],"wp:attachment":[{"href":"https:\/\/freie-akademie-bs.de\/es\/wp-json\/wp\/v2\/media?parent=1218"}],"curies":[{"name":"wp","href":"https:\/\/api.w.org\/{rel}","templated":true}]}}